{"id":83190,"date":"2025-05-29T14:31:54","date_gmt":"2025-05-29T14:31:54","guid":{"rendered":"https:\/\/brandss.com.py\/index\/?post_type=product&#038;p=83190"},"modified":"2026-01-12T13:35:21","modified_gmt":"2026-01-12T13:35:21","slug":"camiseta-deportivo-masculino-nike-nikecourt-dri-fit-solid-logo-polo-mangas-cortas","status":"publish","type":"product","link":"https:\/\/brandss.com.py\/index\/producto\/camiseta-deportivo-masculino-nike-nikecourt-dri-fit-solid-logo-polo-mangas-cortas\/","title":{"rendered":"CAMISETA POLO DEPORTIVO MASCULINO NIKE NIKECOURT DRI-FIT SOLID LOGO MANGAS CORTAS"},"content":{"rendered":"<p><img loading=\"lazy\" decoding=\"async\" class=\"\" src=\"https:\/\/1000marcas.net\/wp-content\/uploads\/2019\/11\/Logo-Nike.jpg\" alt=\"Logo de Nike: la historia y el significado del logotipo, la marca y el  s\u00edmbolo. | png, vector\" width=\"139\" height=\"78\" \/><\/p>\n<h1>NIKECOURT DRI-FIT SOLID LOGO POLO<\/h1>\n<h4>COMODIDAD PARA LA CANCHA.<\/h4>\n<p>Confeccionada con un suave tejido Knit elaborado 100 % con fibras de poli\u00e9ster reciclado, la polo NikeCourt Dri-FIT es una prenda b\u00e1sica para la cancha de aspecto cl\u00e1sico y absorbente de sudor.<\/p>\n<p><strong>Dri-FIT<br \/>\n<\/strong>Este tejido absorbe el sudor del cuerpo y lo traslada a la superficie del tejido, desde donde se evapora de forma r\u00e1pida.<\/p>\n<p><strong>Move To Zero<\/strong><br \/>\nMove To Zero es el camino de Nike para eliminar los desechos y las emisiones de carbono, para proteger el futuro del deporte. Las prendas est\u00e1n confeccionadas con al menos un 55% de materiales reciclados, mientras que los calzados con al menos un 20% de su peso en materiales reciclados.<\/p>\n<div class=\"desc_block short\">\n<ul>\n<li>Tejido\u00a0transpirable.<\/li>\n<li>Cuello coreano.<\/li>\n<li>Solapa con 2 botones.<\/li>\n<li>Logo Nike de costura.<\/li>\n<li>Ajuste regular.<\/li>\n<li>Tejido: 100% poli\u00e9ster.<\/li>\n<li>Color: amarillo.<\/li>\n<li>Modelo: DH0857-722<\/li>\n<\/ul>\n<\/div>\n<div class=\"desc_block noshow\">\n<p>&nbsp;<\/p>\n<\/div>\n","protected":false},"excerpt":{"rendered":"<p>NIKECOURT DRI-FIT SOLID LOGO POLO COMODIDAD PARA LA CANCHA. Confeccionada con un suave tejido Knit elaborado 100 % con fibras<\/p>\n","protected":false},"featured_media":83193,"comment_status":"open","ping_status":"closed","template":"","meta":{"nf_dc_page":""},"product_brand":[1333],"product_cat":[76],"product_tag":[2448],"class_list":{"0":"post-83190","1":"product","2":"type-product","3":"status-publish","4":"has-post-thumbnail","6":"product_brand-nike","7":"product_cat-masculino","8":"product_tag-dh0857-722","10":"first","11":"instock","12":"shipping-taxable","13":"purchasable","14":"product-type-simple"},"_links":{"self":[{"href":"https:\/\/brandss.com.py\/index\/wp-json\/wp\/v2\/product\/83190","targetHints":{"allow":["GET"]}}],"collection":[{"href":"https:\/\/brandss.com.py\/index\/wp-json\/wp\/v2\/product"}],"about":[{"href":"https:\/\/brandss.com.py\/index\/wp-json\/wp\/v2\/types\/product"}],"replies":[{"embeddable":true,"href":"https:\/\/brandss.com.py\/index\/wp-json\/wp\/v2\/comments?post=83190"}],"version-history":[{"count":2,"href":"https:\/\/brandss.com.py\/index\/wp-json\/wp\/v2\/product\/83190\/revisions"}],"predecessor-version":[{"id":95933,"href":"https:\/\/brandss.com.py\/index\/wp-json\/wp\/v2\/product\/83190\/revisions\/95933"}],"wp:featuredmedia":[{"embeddable":true,"href":"https:\/\/brandss.com.py\/index\/wp-json\/wp\/v2\/media\/83193"}],"wp:attachment":[{"href":"https:\/\/brandss.com.py\/index\/wp-json\/wp\/v2\/media?parent=83190"}],"wp:term":[{"taxonomy":"product_brand","embeddable":true,"href":"https:\/\/brandss.com.py\/index\/wp-json\/wp\/v2\/product_brand?post=83190"},{"taxonomy":"product_cat","embeddable":true,"href":"https:\/\/brandss.com.py\/index\/wp-json\/wp\/v2\/product_cat?post=83190"},{"taxonomy":"product_tag","embeddable":true,"href":"https:\/\/brandss.com.py\/index\/wp-json\/wp\/v2\/product_tag?post=83190"}],"curies":[{"name":"wp","href":"https:\/\/api.w.org\/{rel}","templated":true}]}}