{"id":83213,"date":"2025-05-29T17:17:21","date_gmt":"2025-05-29T17:17:21","guid":{"rendered":"https:\/\/brandss.com.py\/index\/?post_type=product&#038;p=83213"},"modified":"2026-01-12T14:35:21","modified_gmt":"2026-01-12T14:35:21","slug":"legging-deportivo-femenino-nike-one-dri-fit-de-tiro-alto","status":"publish","type":"product","link":"https:\/\/brandss.com.py\/index\/producto\/legging-deportivo-femenino-nike-one-dri-fit-de-tiro-alto\/","title":{"rendered":"LEGGING DEPORTIVO FEMENINO NIKE ONE DRI-FIT DE TIRO ALTO"},"content":{"rendered":"<p><img loading=\"lazy\" decoding=\"async\" class=\"\" src=\"https:\/\/1000marcas.net\/wp-content\/uploads\/2019\/11\/Logo-Nike.jpg\" alt=\"Logo de Nike: la historia y el significado del logotipo, la marca y el  s\u00edmbolo. | png, vector\" width=\"143\" height=\"80\" \/><\/p>\n<h1>ONE DRI-FIT<\/h1>\n<h4><span>Nike One son unos leggings deportivos de cintura alta para mujer con un dise\u00f1o minimalista.<\/span><\/h4>\n<p><span>Necesitas flexibilidad en tu rutina y en lo que vistes cuando haces ejercicio. Estos leggings ligeros que no querr\u00e1s quit\u00e1rtelos se ajustan como una segunda piel. Est\u00e1n confeccionados con un tejido sedoso, suave y opaco para una protecci\u00f3n segura durante cualquier entrenamiento y el resto del d\u00eda. Este producto est\u00e1 fabricado con al menos un 50 % de poli\u00e9ster reciclado. Supera tus l\u00edmites de resistencia gracias a la comodidad que brindan estos leggings. Son una gran opci\u00f3n para cualquier tipo de entrenamiento o simplemente para disfrutar del tiempo libre. La tecnolog\u00eda Dri-FIT garantizar\u00e1 que te mantengas seco desde el principio hasta el final del entrenamiento o cualquier otra actividad f\u00edsica. El corte estrecho contribuir\u00e1 a un aspecto favorecedor y al ajuste de los leggings a tu figura. En la zona de la cintura tienes a tu disposici\u00f3n un bolsillo oculto, de esta forma podr\u00e1s guardar las peque\u00f1as cosas m\u00e1s necesarias que lleves contigo.<\/span><\/p>\n<h4><span>Detalles:<\/span><\/h4>\n<ul>\n<li><span>Leggings femenino.<\/span><\/li>\n<li><span>Cintura alta.<\/span><\/li>\n<li><span>Bolsillos internos.<\/span><\/li>\n<li><span class=\"a-list-item a-size-base a-color-base\"><span><span>Material flexible.<\/span><\/span><\/span><\/li>\n<li><span class=\"a-list-item a-size-base a-color-base\"><span><span>La tecnolog\u00eda Dri-Fit absorbe el sudor de la piel.<\/span><\/span><\/span><\/li>\n<li><span class=\"a-list-item a-size-base a-color-base\"><span><span>Gran comodidad de uso.<\/span><\/span><\/span><\/li>\n<li><span class=\"a-list-item a-size-base a-color-base\"><span><span>La cintura de talle medio est\u00e1 equipada con dos bolsillos ocultos.<\/span><\/span><\/span><\/li>\n<li><span class=\"a-list-item a-size-base a-color-base\"><span><span>Proporciona una apariencia fresca.<\/span><\/span><\/span><\/li>\n<li><span>Composici\u00f3n: 78 &#8211; 79% poli\u00e9ster, 22 &#8211; 21% elastano.<\/span><\/li>\n<li>Color: Azul.<\/li>\n<li>Modelo: DM7278-476.<\/li>\n<\/ul>\n","protected":false},"excerpt":{"rendered":"<p>ONE DRI-FIT Nike One son unos leggings deportivos de cintura alta para mujer con un dise\u00f1o minimalista. Necesitas flexibilidad en<\/p>\n","protected":false},"featured_media":83214,"comment_status":"open","ping_status":"closed","template":"","meta":{"nf_dc_page":""},"product_brand":[1333],"product_cat":[73],"product_tag":[2452],"class_list":{"0":"post-83213","1":"product","2":"type-product","3":"status-publish","4":"has-post-thumbnail","6":"product_brand-nike","7":"product_cat-femenino","8":"product_tag-dm7278-476","10":"first","11":"outofstock","12":"shipping-taxable","13":"purchasable","14":"product-type-simple"},"_links":{"self":[{"href":"https:\/\/brandss.com.py\/index\/wp-json\/wp\/v2\/product\/83213","targetHints":{"allow":["GET"]}}],"collection":[{"href":"https:\/\/brandss.com.py\/index\/wp-json\/wp\/v2\/product"}],"about":[{"href":"https:\/\/brandss.com.py\/index\/wp-json\/wp\/v2\/types\/product"}],"replies":[{"embeddable":true,"href":"https:\/\/brandss.com.py\/index\/wp-json\/wp\/v2\/comments?post=83213"}],"version-history":[{"count":1,"href":"https:\/\/brandss.com.py\/index\/wp-json\/wp\/v2\/product\/83213\/revisions"}],"predecessor-version":[{"id":83221,"href":"https:\/\/brandss.com.py\/index\/wp-json\/wp\/v2\/product\/83213\/revisions\/83221"}],"wp:featuredmedia":[{"embeddable":true,"href":"https:\/\/brandss.com.py\/index\/wp-json\/wp\/v2\/media\/83214"}],"wp:attachment":[{"href":"https:\/\/brandss.com.py\/index\/wp-json\/wp\/v2\/media?parent=83213"}],"wp:term":[{"taxonomy":"product_brand","embeddable":true,"href":"https:\/\/brandss.com.py\/index\/wp-json\/wp\/v2\/product_brand?post=83213"},{"taxonomy":"product_cat","embeddable":true,"href":"https:\/\/brandss.com.py\/index\/wp-json\/wp\/v2\/product_cat?post=83213"},{"taxonomy":"product_tag","embeddable":true,"href":"https:\/\/brandss.com.py\/index\/wp-json\/wp\/v2\/product_tag?post=83213"}],"curies":[{"name":"wp","href":"https:\/\/api.w.org\/{rel}","templated":true}]}}