{"id":83233,"date":"2025-05-29T18:07:26","date_gmt":"2025-05-29T18:07:26","guid":{"rendered":"https:\/\/brandss.com.py\/index\/?post_type=product&#038;p=83233"},"modified":"2026-01-12T14:38:37","modified_gmt":"2026-01-12T14:38:37","slug":"camiseta-deportivo-masculino-nike-dri-fit-academy-23-mangas-cortas","status":"publish","type":"product","link":"https:\/\/brandss.com.py\/index\/producto\/camiseta-deportivo-masculino-nike-dri-fit-academy-23-mangas-cortas\/","title":{"rendered":"CAMISETA DEPORTIVO MASCULINO NIKE DRI-FIT ACADEMY 23 MANGAS CORTAS"},"content":{"rendered":"<p><img loading=\"lazy\" decoding=\"async\" class=\"\" src=\"https:\/\/1000marcas.net\/wp-content\/uploads\/2019\/11\/Logo-Nike.jpg\" alt=\"Logo de Nike: la historia y el significado del logotipo, la marca y el  s\u00edmbolo. | png, vector\" width=\"137\" height=\"77\" \/><\/p>\n<h1>DRI-FIT ACADEMY 23<\/h1>\n<p><strong>BENEF\u00cdCIESE DE LA M\u00c1XIMA FRESCURA.<\/strong><\/p>\n<p>Todo camino hacia la excelencia comienza con el dominio de los fundamentos. Pero no te equivoques, la camiseta Nike Dri-FIT Academy es un b\u00e1sico que lo disimula muy bien. Combina tejido a prueba de sudor con malla transpirable para mantenerte seco y fresco durante el calentamiento previo al partido o los entrenamientos. Elige entre 9 colores para vestir a tu equipo.<\/p>\n<h4>Beneficios:<\/h4>\n<ul>\n<li>La tecnolog\u00eda Nike Dri-FIT expulsa el sudor para una evaporaci\u00f3n m\u00e1s r\u00e1pida, manteni\u00e9ndote seco y c\u00f3modo.<\/li>\n<li>La tecnolog\u00eda Nike Dri-FIT absorbe el sudor para una evaporaci\u00f3n m\u00e1s r\u00e1pida, manteni\u00e9ndote seco y c\u00f3modo.<\/li>\n<li>La malla en la espalda y los laterales permite que el aire circule para una sensaci\u00f3n de frescor continuo.<\/li>\n<li><strong><span>Pasvorm:<\/span><\/strong><span>\u00a0ajuste regular; hals redondos<\/span><\/li>\n<li><strong><span>Control de temperatura:<\/span><\/strong><span> la tecnolog\u00eda Dri-FIT mantiene la temperatura baja y es c\u00f3moda; malla de ventilaci\u00f3n zorgt para mayor ventilaci\u00f3n.<\/span><\/li>\n<\/ul>\n<p>&nbsp;<\/p>\n<h4>Detalles:<\/h4>\n<ul>\n<li>Tecnolog\u00eda Nike Dri-Fit.<\/li>\n<li>Lavable a m\u00e1quina.<\/li>\n<li>100% poli\u00e9ster.<\/li>\n<li>Color: Rojo.<\/li>\n<li>Modelo: DR1336-657.<\/li>\n<\/ul>\n","protected":false},"excerpt":{"rendered":"<p>DRI-FIT ACADEMY 23 BENEF\u00cdCIESE DE LA M\u00c1XIMA FRESCURA. Todo camino hacia la excelencia comienza con el dominio de los fundamentos.<\/p>\n","protected":false},"featured_media":83234,"comment_status":"open","ping_status":"closed","template":"","meta":{"nf_dc_page":""},"product_brand":[1333],"product_cat":[76],"product_tag":[2454],"class_list":{"0":"post-83233","1":"product","2":"type-product","3":"status-publish","4":"has-post-thumbnail","6":"product_brand-nike","7":"product_cat-masculino","8":"product_tag-dr1336-657","10":"first","11":"outofstock","12":"shipping-taxable","13":"purchasable","14":"product-type-simple"},"_links":{"self":[{"href":"https:\/\/brandss.com.py\/index\/wp-json\/wp\/v2\/product\/83233","targetHints":{"allow":["GET"]}}],"collection":[{"href":"https:\/\/brandss.com.py\/index\/wp-json\/wp\/v2\/product"}],"about":[{"href":"https:\/\/brandss.com.py\/index\/wp-json\/wp\/v2\/types\/product"}],"replies":[{"embeddable":true,"href":"https:\/\/brandss.com.py\/index\/wp-json\/wp\/v2\/comments?post=83233"}],"version-history":[{"count":1,"href":"https:\/\/brandss.com.py\/index\/wp-json\/wp\/v2\/product\/83233\/revisions"}],"predecessor-version":[{"id":83242,"href":"https:\/\/brandss.com.py\/index\/wp-json\/wp\/v2\/product\/83233\/revisions\/83242"}],"wp:featuredmedia":[{"embeddable":true,"href":"https:\/\/brandss.com.py\/index\/wp-json\/wp\/v2\/media\/83234"}],"wp:attachment":[{"href":"https:\/\/brandss.com.py\/index\/wp-json\/wp\/v2\/media?parent=83233"}],"wp:term":[{"taxonomy":"product_brand","embeddable":true,"href":"https:\/\/brandss.com.py\/index\/wp-json\/wp\/v2\/product_brand?post=83233"},{"taxonomy":"product_cat","embeddable":true,"href":"https:\/\/brandss.com.py\/index\/wp-json\/wp\/v2\/product_cat?post=83233"},{"taxonomy":"product_tag","embeddable":true,"href":"https:\/\/brandss.com.py\/index\/wp-json\/wp\/v2\/product_tag?post=83233"}],"curies":[{"name":"wp","href":"https:\/\/api.w.org\/{rel}","templated":true}]}}