{"id":83243,"date":"2025-05-29T18:45:53","date_gmt":"2025-05-29T18:45:53","guid":{"rendered":"https:\/\/brandss.com.py\/index\/?post_type=product&#038;p=83243"},"modified":"2026-01-12T18:03:27","modified_gmt":"2026-01-12T18:03:27","slug":"camiseta-deportivo-femenino-nike-jordan-air-jumpman-cropped-de-tirantes","status":"publish","type":"product","link":"https:\/\/brandss.com.py\/index\/producto\/camiseta-deportivo-femenino-nike-jordan-air-jumpman-cropped-de-tirantes\/","title":{"rendered":"TOP CROP DEPORTIVO FEMENINO NIKE JORDAN AIR JUMPMAN DE TIRANTES"},"content":{"rendered":"<p><img loading=\"lazy\" decoding=\"async\" class=\"\" src=\"https:\/\/1000marcas.net\/wp-content\/uploads\/2019\/11\/Logo-Nike.jpg\" alt=\"Logo de Nike: la historia y el significado del logotipo, la marca y el  s\u00edmbolo. | png, vector\" width=\"94\" height=\"53\" \/><\/p>\n<h1>JORDAN AIR JUMPMAN<\/h1>\n<p class=\"nds-text pb4-sm css-qtj9g7 e1yhcai00 appearance-body1 color-primary weight-regular\" data-testid=\"product-description\">A\u00f1ade un toque Jumpman a tu crop top favorito para el d\u00eda a d\u00eda. El suave tejido de canal\u00e9 se estira para adaptarse a los movimientos del cuerpo, con un dise\u00f1o minimalista para que sea una prenda vers\u00e1til e imprescindible para tu armario.<\/p>\n<div data-testid=\"benefit-section\"><\/div>\n<div data-testid=\"benefit-section\">\n<h4 class=\"nds-text pb2-sm css-1m2rxfq e1yhcai00 appearance-title4 color-primary weight-regular\" data-testid=\"benefit-header\">Detalles<\/h4>\n<ul class=\"pb4-sm css-1vql4bw eru6lik0 nds-list\" data-testid=\"benefit-list\">\n<li class=\"nds-text css-xlkxpi e1yhcai00 appearance-body1 color-primary weight-regular\">Composici\u00f3n: 56 % algod\u00f3n\/37 % poli\u00e9ster\/7 % spandex.<\/li>\n<li class=\"nds-text css-xlkxpi e1yhcai00 appearance-body1 color-primary weight-regular\">Lavar a m\u00e1quina.<\/li>\n<li class=\"nds-text css-xlkxpi e1yhcai00 appearance-body1 color-primary weight-regular\">De importaci\u00f3n.<\/li>\n<li class=\"nds-text css-xlkxpi e1yhcai00 appearance-body1 color-primary weight-regular\">Color: Negro.<\/li>\n<li class=\"nds-text css-xlkxpi e1yhcai00 appearance-body1 color-primary weight-regular\">Modelo: DX4700-010.<\/li>\n<\/ul>\n<\/div>\n","protected":false},"excerpt":{"rendered":"<p>JORDAN AIR JUMPMAN A\u00f1ade un toque Jumpman a tu crop top favorito para el d\u00eda a d\u00eda. El suave tejido<\/p>\n","protected":false},"featured_media":83244,"comment_status":"open","ping_status":"closed","template":"","meta":{"nf_dc_page":""},"product_brand":[1333],"product_cat":[73],"product_tag":[2467],"class_list":{"0":"post-83243","1":"product","2":"type-product","3":"status-publish","4":"has-post-thumbnail","6":"product_brand-nike","7":"product_cat-femenino","8":"product_tag-dx4700-010","10":"first","11":"outofstock","12":"shipping-taxable","13":"purchasable","14":"product-type-simple"},"_links":{"self":[{"href":"https:\/\/brandss.com.py\/index\/wp-json\/wp\/v2\/product\/83243","targetHints":{"allow":["GET"]}}],"collection":[{"href":"https:\/\/brandss.com.py\/index\/wp-json\/wp\/v2\/product"}],"about":[{"href":"https:\/\/brandss.com.py\/index\/wp-json\/wp\/v2\/types\/product"}],"replies":[{"embeddable":true,"href":"https:\/\/brandss.com.py\/index\/wp-json\/wp\/v2\/comments?post=83243"}],"version-history":[{"count":3,"href":"https:\/\/brandss.com.py\/index\/wp-json\/wp\/v2\/product\/83243\/revisions"}],"predecessor-version":[{"id":83253,"href":"https:\/\/brandss.com.py\/index\/wp-json\/wp\/v2\/product\/83243\/revisions\/83253"}],"wp:featuredmedia":[{"embeddable":true,"href":"https:\/\/brandss.com.py\/index\/wp-json\/wp\/v2\/media\/83244"}],"wp:attachment":[{"href":"https:\/\/brandss.com.py\/index\/wp-json\/wp\/v2\/media?parent=83243"}],"wp:term":[{"taxonomy":"product_brand","embeddable":true,"href":"https:\/\/brandss.com.py\/index\/wp-json\/wp\/v2\/product_brand?post=83243"},{"taxonomy":"product_cat","embeddable":true,"href":"https:\/\/brandss.com.py\/index\/wp-json\/wp\/v2\/product_cat?post=83243"},{"taxonomy":"product_tag","embeddable":true,"href":"https:\/\/brandss.com.py\/index\/wp-json\/wp\/v2\/product_tag?post=83243"}],"curies":[{"name":"wp","href":"https:\/\/api.w.org\/{rel}","templated":true}]}}