{"id":83254,"date":"2025-05-29T19:02:03","date_gmt":"2025-05-29T19:02:03","guid":{"rendered":"https:\/\/brandss.com.py\/index\/?post_type=product&#038;p=83254"},"modified":"2026-01-12T18:53:24","modified_gmt":"2026-01-12T18:53:24","slug":"legging-deportivo-femenino-nike-one-dri-fit-de-tiro-alto-2","status":"publish","type":"product","link":"https:\/\/brandss.com.py\/index\/producto\/legging-deportivo-femenino-nike-one-dri-fit-de-tiro-alto-2\/","title":{"rendered":"LEGGING DEPORTIVO FEMENINO NIKE ONE DRI-FIT DE TIRO ALTO"},"content":{"rendered":"<p><img loading=\"lazy\" decoding=\"async\" class=\"\" src=\"https:\/\/1000marcas.net\/wp-content\/uploads\/2019\/11\/Logo-Nike.jpg\" alt=\"Logo de Nike: la historia y el significado del logotipo, la marca y el  s\u00edmbolo. | png, vector\" width=\"126\" height=\"71\" \/><\/p>\n<h1>ONE DRI-FIT<\/h1>\n<div class=\"experience-component experience-productText\">\n<div class=\"product-text-wrapper hide-empty  \">\n<div class=\"product-text-content     \">\n<div class=\"product-text  released   \" data-product-field=\"longDescription\">\n<p>Los leggings Nike One, aptos para entrenar o relajarte, son una prenda vers\u00e1til y est\u00e1n listos para lo que quieras hacer. La tecnolog\u00eda absorbente de sudor mantiene la comodidad y la transpirabilidad durante todas tus actividades. Adem\u00e1s, con una tela suave y el\u00e1stica lo suficientemente gruesa para mantener la cobertura, puedes mantener la seguridad en las sentadillas m\u00e1s profundas. El estampado en las pantorrillas a\u00f1ade un toque deportivo a tu look.<\/p>\n<p><b>Ejerc\u00edtate y mant\u00e9n la frescura<\/b><\/p>\n<p>La tecnolog\u00eda Nike Dri-FIT absorbe el sudor de la piel para acelerar la evaporaci\u00f3n, lo que ayuda a mantener la transpirabilidad y la comodidad.<\/p>\n<p><b>Entrena con confianza<\/b><\/p>\n<p>La tela no se transparenta y pasa la prueba de las sentadillas para mantener la cobertura. Los laterales no tienen costuras y la pretina est\u00e1 contorneada con una forma de V en la parte posterior para ofrecer un dise\u00f1o favorecedor.<\/p>\n<p><b>Entrena con inteligencia y mantente lista<\/b><\/p>\n<p>El dise\u00f1o incluye dos bolsillos ocultos en la pretina de tiro alto para que te prepares para afrontar el d\u00eda. El bolsillo en la parte posterior es lo suficientemente grande como para guardar la mayor\u00eda de los tel\u00e9fonos.<\/p>\n<p><b>Detalles<\/b><\/p>\n<ul>\n<li>Composici\u00f3n: 78-79% poli\u00e9ster, 21-22% spandex.<\/li>\n<li>Los porcentajes de los materiales pueden variar. Comprueba en la etiqueta su composici\u00f3n real.<\/li>\n<li>Largo de 7\/8.<\/li>\n<li>Pretina de tiro alto.<\/li>\n<li>Lavar a m\u00e1quina.<\/li>\n<li>Producto importado.<\/li>\n<li>Color: Morado.<\/li>\n<li>Modelo: FB5706-536.<\/li>\n<\/ul>\n<\/div>\n<\/div>\n<\/div>\n<\/div>\n","protected":false},"excerpt":{"rendered":"<p>ONE DRI-FIT Los leggings Nike One, aptos para entrenar o relajarte, son una prenda vers\u00e1til y est\u00e1n listos para lo<\/p>\n","protected":false},"featured_media":83255,"comment_status":"open","ping_status":"closed","template":"","meta":{"nf_dc_page":""},"product_brand":[1333],"product_cat":[73],"product_tag":[2473],"class_list":{"0":"post-83254","1":"product","2":"type-product","3":"status-publish","4":"has-post-thumbnail","6":"product_brand-nike","7":"product_cat-femenino","8":"product_tag-fb5706-536","10":"first","11":"instock","12":"shipping-taxable","13":"purchasable","14":"product-type-simple"},"_links":{"self":[{"href":"https:\/\/brandss.com.py\/index\/wp-json\/wp\/v2\/product\/83254","targetHints":{"allow":["GET"]}}],"collection":[{"href":"https:\/\/brandss.com.py\/index\/wp-json\/wp\/v2\/product"}],"about":[{"href":"https:\/\/brandss.com.py\/index\/wp-json\/wp\/v2\/types\/product"}],"replies":[{"embeddable":true,"href":"https:\/\/brandss.com.py\/index\/wp-json\/wp\/v2\/comments?post=83254"}],"version-history":[{"count":1,"href":"https:\/\/brandss.com.py\/index\/wp-json\/wp\/v2\/product\/83254\/revisions"}],"predecessor-version":[{"id":83261,"href":"https:\/\/brandss.com.py\/index\/wp-json\/wp\/v2\/product\/83254\/revisions\/83261"}],"wp:featuredmedia":[{"embeddable":true,"href":"https:\/\/brandss.com.py\/index\/wp-json\/wp\/v2\/media\/83255"}],"wp:attachment":[{"href":"https:\/\/brandss.com.py\/index\/wp-json\/wp\/v2\/media?parent=83254"}],"wp:term":[{"taxonomy":"product_brand","embeddable":true,"href":"https:\/\/brandss.com.py\/index\/wp-json\/wp\/v2\/product_brand?post=83254"},{"taxonomy":"product_cat","embeddable":true,"href":"https:\/\/brandss.com.py\/index\/wp-json\/wp\/v2\/product_cat?post=83254"},{"taxonomy":"product_tag","embeddable":true,"href":"https:\/\/brandss.com.py\/index\/wp-json\/wp\/v2\/product_tag?post=83254"}],"curies":[{"name":"wp","href":"https:\/\/api.w.org\/{rel}","templated":true}]}}