{"id":83313,"date":"2025-05-30T16:43:21","date_gmt":"2025-05-30T16:43:21","guid":{"rendered":"https:\/\/brandss.com.py\/index\/?post_type=product&#038;p=83313"},"modified":"2026-01-13T11:10:08","modified_gmt":"2026-01-13T11:10:08","slug":"camiseta-deportivo-masculino-nike-dri-fit-soccer-jersey-brazil-2024-stadium-away-mangas-cortas","status":"publish","type":"product","link":"https:\/\/brandss.com.py\/index\/producto\/camiseta-deportivo-masculino-nike-dri-fit-soccer-jersey-brazil-2024-stadium-away-mangas-cortas\/","title":{"rendered":"CAMISETA DEPORTIVO MASCULINO NIKE DRI-FIT SOCCER JERSEY BRAZIL 2024 STADIUM AWAY MANGAS CORTAS"},"content":{"rendered":"<p><img loading=\"lazy\" decoding=\"async\" class=\"\" src=\"https:\/\/1000marcas.net\/wp-content\/uploads\/2019\/11\/Logo-Nike.jpg\" alt=\"Logo de Nike: la historia y el significado del logotipo, la marca y el  s\u00edmbolo. | png, vector\" width=\"80\" height=\"45\" \/><\/p>\n<h1>DRI-FIT SOCCER JERSEY BRAZIL 2024 STADIUM AWAY<\/h1>\n<div class=\"b-fullpdpdetails__item\" data-prop-name=\"productDescription\"><span>La equipaci\u00f3n visitante de Brasil 2024 rinde homenaje a la ca\u00f3tica belleza natural de sus playas y selvas. Su intrincado estampado integral evoca los colores y las formas de las costas del pa\u00eds. Busca en el interior de la camiseta un detalle oculto que celebra el orgullo nacional.<\/span><\/div>\n<div class=\"b-fullpdpdetails__attribute\" data-id=\"gmg_enhancedBenefits\">\n<div class=\"b-fullpdpdetails__section\">\n<div><\/div>\n<h3 class=\"b-fullpdpdetails__title\"><span>Mantente seco<\/span><\/h3>\n<div><\/div>\n<div class=\"b-productdata__content\"><span>La tecnolog\u00eda Nike Dri-FIT aleja el sudor de tu piel para una evaporaci\u00f3n m\u00e1s r\u00e1pida, lo que te ayuda a mantenerte seco y c\u00f3modo.<\/span><\/div>\n<\/div>\n<div class=\"b-fullpdpdetails__section\">\n<div><\/div>\n<h3 class=\"b-fullpdpdetails__title\"><span>Modelado seg\u00fan los profesionales<\/span><\/h3>\n<div><\/div>\n<div class=\"b-productdata__content\"><span>Nuestra colecci\u00f3n Stadium combina detalles de dise\u00f1o de r\u00e9plica con tecnolog\u00eda que absorbe el sudor para brindarte un look listo para el juego inspirado en tu equipo favorito.<\/span><\/div>\n<div>\n<ul>\n<li>Tecnolog\u00eda Nike Dri-FIT que aleja el sudor de la piel para una evaporaci\u00f3n m\u00e1s r\u00e1pida y te ayuda a mantenerte seco y c\u00f3modo.<\/li>\n<li>Colecci\u00f3n Stadium: combina detalles de dise\u00f1o r\u00e9plica con tecnolog\u00eda absorbente de sudor para brindarte un look listo para el juego inspirado en tu equipo favorito.<\/li>\n<li>Material: 100% poli\u00e9ster.<\/li>\n<li>Lavar a m\u00e1quina para un f\u00e1cil cuidado.<\/li>\n<li>Color: Soar\/Light Retro\/Dynamic Yellow.<\/li>\n<li>Modelo: FJ4283-458.<\/li>\n<li>Producto importado.<\/li>\n<\/ul>\n<\/div>\n<\/div>\n<\/div>\n","protected":false},"excerpt":{"rendered":"<p>DRI-FIT SOCCER JERSEY BRAZIL 2024 STADIUM AWAY La equipaci\u00f3n visitante de Brasil 2024 rinde homenaje a la ca\u00f3tica belleza natural<\/p>\n","protected":false},"featured_media":83314,"comment_status":"open","ping_status":"closed","template":"","meta":{"nf_dc_page":""},"product_brand":[1333],"product_cat":[76],"product_tag":[2478],"class_list":{"0":"post-83313","1":"product","2":"type-product","3":"status-publish","4":"has-post-thumbnail","6":"product_brand-nike","7":"product_cat-masculino","8":"product_tag-fj4283-458","10":"first","11":"outofstock","12":"shipping-taxable","13":"purchasable","14":"product-type-simple"},"_links":{"self":[{"href":"https:\/\/brandss.com.py\/index\/wp-json\/wp\/v2\/product\/83313","targetHints":{"allow":["GET"]}}],"collection":[{"href":"https:\/\/brandss.com.py\/index\/wp-json\/wp\/v2\/product"}],"about":[{"href":"https:\/\/brandss.com.py\/index\/wp-json\/wp\/v2\/types\/product"}],"replies":[{"embeddable":true,"href":"https:\/\/brandss.com.py\/index\/wp-json\/wp\/v2\/comments?post=83313"}],"version-history":[{"count":1,"href":"https:\/\/brandss.com.py\/index\/wp-json\/wp\/v2\/product\/83313\/revisions"}],"predecessor-version":[{"id":83324,"href":"https:\/\/brandss.com.py\/index\/wp-json\/wp\/v2\/product\/83313\/revisions\/83324"}],"wp:featuredmedia":[{"embeddable":true,"href":"https:\/\/brandss.com.py\/index\/wp-json\/wp\/v2\/media\/83314"}],"wp:attachment":[{"href":"https:\/\/brandss.com.py\/index\/wp-json\/wp\/v2\/media?parent=83313"}],"wp:term":[{"taxonomy":"product_brand","embeddable":true,"href":"https:\/\/brandss.com.py\/index\/wp-json\/wp\/v2\/product_brand?post=83313"},{"taxonomy":"product_cat","embeddable":true,"href":"https:\/\/brandss.com.py\/index\/wp-json\/wp\/v2\/product_cat?post=83313"},{"taxonomy":"product_tag","embeddable":true,"href":"https:\/\/brandss.com.py\/index\/wp-json\/wp\/v2\/product_tag?post=83313"}],"curies":[{"name":"wp","href":"https:\/\/api.w.org\/{rel}","templated":true}]}}