{"id":83325,"date":"2025-05-30T17:11:31","date_gmt":"2025-05-30T17:11:31","guid":{"rendered":"https:\/\/brandss.com.py\/index\/?post_type=product&#038;p=83325"},"modified":"2026-01-13T11:11:21","modified_gmt":"2026-01-13T11:11:21","slug":"camiseta-deportivo-masculino-nike-dri-fit-soccer-jersey-brazil-2024-stadium-home-mangas-cortas","status":"publish","type":"product","link":"https:\/\/brandss.com.py\/index\/producto\/camiseta-deportivo-masculino-nike-dri-fit-soccer-jersey-brazil-2024-stadium-home-mangas-cortas\/","title":{"rendered":"CAMISETA DEPORTIVO MASCULINO NIKE DRI-FIT SOCCER JERSEY BRAZIL 2024 STADIUM HOME MANGAS CORTAS"},"content":{"rendered":"<p><img loading=\"lazy\" decoding=\"async\" class=\"\" src=\"https:\/\/1000marcas.net\/wp-content\/uploads\/2019\/11\/Logo-Nike.jpg\" alt=\"Logo de Nike: la historia y el significado del logotipo, la marca y el  s\u00edmbolo. | png, vector\" width=\"94\" height=\"53\" \/><\/p>\n<h1>DRI-FIT SOCCER JERSEY BRAZIL 2024 STADIUM HOME<\/h1>\n<p class=\"nds-text pb4-sm css-qtj9g7 e1yhcai00 appearance-body1 color-primary weight-regular\" data-testid=\"product-description\"><span>Actualizamos la equipaci\u00f3n m\u00e1s ic\u00f3nica del f\u00fatbol mundial con un estampado integral que celebra la arquitectura, la m\u00fasica y las maravillas naturales de Brasil. Descubre el interior de la camiseta y descubre un detalle oculto que celebra el orgullo nacional.<\/span><\/p>\n<div data-testid=\"benefit-section\">\n<h4 class=\"nds-text pb2-sm css-1m2rxfq e1yhcai00 appearance-title4 color-primary weight-regular\" data-testid=\"benefit-header\"><span>Transpirabilidad avanzada<\/span><\/h4>\n<p class=\"nds-text pb4-sm css-ris3xr e1yhcai00 appearance-body2 color-primary weight-regular\" data-testid=\"single-benefit-text\"><span>La tecnolog\u00eda Nike Dri-FIT ADV combina un tejido que absorbe la humedad con ingenier\u00eda y caracter\u00edsticas avanzadas para ayudarte a mantenerte seco y c\u00f3modo.<\/span><\/p>\n<h4 class=\"nds-text pb2-sm css-1m2rxfq e1yhcai00 appearance-title4 color-primary weight-regular\" data-testid=\"benefit-header\"><span>Fiel a los profesionales<\/span><\/h4>\n<p class=\"nds-text pb4-sm css-ris3xr e1yhcai00 appearance-body2 color-primary weight-regular\" data-testid=\"single-benefit-text\"><span>Nuestra colecci\u00f3n Match te permite usar exactamente lo que usan los profesionales. Combinamos detalles de dise\u00f1o aut\u00e9nticos con tecnolog\u00eda ligera y de secado r\u00e1pido para mantenerte fresco y c\u00f3modo en el campo.<\/span><\/p>\n<\/div>\n<div data-testid=\"benefit-section\"><\/div>\n<div data-testid=\"benefit-section\"><\/div>\n<div data-testid=\"benefit-section\">\n<h4 class=\"nds-text pb2-sm css-1m2rxfq e1yhcai00 appearance-title4 color-primary weight-regular\" data-testid=\"benefit-header\"><span>Detalles del producto<\/span><\/h4>\n<ul class=\"pb4-sm css-1vql4bw eru6lik0 nds-list\" data-testid=\"benefit-list\">\n<li class=\"nds-text css-xlkxpi e1yhcai00 appearance-body1 color-primary weight-regular\"><span>&#8220;Brasil para todos&#8221;, en el interior de la camiseta.<\/span><\/li>\n<li class=\"nds-text css-xlkxpi e1yhcai00 appearance-body1 color-primary weight-regular\"><span>Cresta de transferencia de calor<\/span><\/li>\n<li class=\"nds-text css-xlkxpi e1yhcai00 appearance-body1 color-primary weight-regular\"><span>100% poli\u00e9ster<\/span><\/li>\n<li class=\"nds-text css-xlkxpi e1yhcai00 appearance-body1 color-primary weight-regular\"><span>Lavado a m\u00e1quina<\/span><\/li>\n<li class=\"nds-text css-xlkxpi e1yhcai00 appearance-body1 color-primary weight-regular\"><span>Importado<\/span><\/li>\n<li class=\"nds-text css-xlkxpi e1yhcai00 appearance-body1 color-primary weight-regular\"><span>Color: Amarillo din\u00e1mico\/Chif\u00f3n lim\u00f3n\/Verde brillante<\/span><\/li>\n<li class=\"nds-text css-xlkxpi e1yhcai00 appearance-body1 color-primary weight-regular\"><span>Modelo: FJ4284-706<\/span><\/li>\n<\/ul>\n<\/div>\n","protected":false},"excerpt":{"rendered":"<p>DRI-FIT SOCCER JERSEY BRAZIL 2024 STADIUM HOME Actualizamos la equipaci\u00f3n m\u00e1s ic\u00f3nica del f\u00fatbol mundial con un estampado integral que<\/p>\n","protected":false},"featured_media":83327,"comment_status":"open","ping_status":"closed","template":"","meta":{"nf_dc_page":""},"product_brand":[1333],"product_cat":[76],"product_tag":[2479],"class_list":{"0":"post-83325","1":"product","2":"type-product","3":"status-publish","4":"has-post-thumbnail","6":"product_brand-nike","7":"product_cat-masculino","8":"product_tag-fj4284-706","10":"first","11":"outofstock","12":"shipping-taxable","13":"purchasable","14":"product-type-simple"},"_links":{"self":[{"href":"https:\/\/brandss.com.py\/index\/wp-json\/wp\/v2\/product\/83325","targetHints":{"allow":["GET"]}}],"collection":[{"href":"https:\/\/brandss.com.py\/index\/wp-json\/wp\/v2\/product"}],"about":[{"href":"https:\/\/brandss.com.py\/index\/wp-json\/wp\/v2\/types\/product"}],"replies":[{"embeddable":true,"href":"https:\/\/brandss.com.py\/index\/wp-json\/wp\/v2\/comments?post=83325"}],"version-history":[{"count":1,"href":"https:\/\/brandss.com.py\/index\/wp-json\/wp\/v2\/product\/83325\/revisions"}],"predecessor-version":[{"id":83335,"href":"https:\/\/brandss.com.py\/index\/wp-json\/wp\/v2\/product\/83325\/revisions\/83335"}],"wp:featuredmedia":[{"embeddable":true,"href":"https:\/\/brandss.com.py\/index\/wp-json\/wp\/v2\/media\/83327"}],"wp:attachment":[{"href":"https:\/\/brandss.com.py\/index\/wp-json\/wp\/v2\/media?parent=83325"}],"wp:term":[{"taxonomy":"product_brand","embeddable":true,"href":"https:\/\/brandss.com.py\/index\/wp-json\/wp\/v2\/product_brand?post=83325"},{"taxonomy":"product_cat","embeddable":true,"href":"https:\/\/brandss.com.py\/index\/wp-json\/wp\/v2\/product_cat?post=83325"},{"taxonomy":"product_tag","embeddable":true,"href":"https:\/\/brandss.com.py\/index\/wp-json\/wp\/v2\/product_tag?post=83325"}],"curies":[{"name":"wp","href":"https:\/\/api.w.org\/{rel}","templated":true}]}}