{"id":83336,"date":"2025-05-30T17:26:13","date_gmt":"2025-05-30T17:26:13","guid":{"rendered":"https:\/\/brandss.com.py\/index\/?post_type=product&#038;p=83336"},"modified":"2026-01-13T11:14:18","modified_gmt":"2026-01-13T11:14:18","slug":"pantalon-deportivo-femenino-nike-sportswear-air-fleece-de-tiro-medio","status":"publish","type":"product","link":"https:\/\/brandss.com.py\/index\/producto\/pantalon-deportivo-femenino-nike-sportswear-air-fleece-de-tiro-medio\/","title":{"rendered":"PANTAL\u00d3N DEPORTIVO FEMENINO NIKE SPORTSWEAR AIR FLEECE DE TIRO MEDIO"},"content":{"rendered":"<p><img loading=\"lazy\" decoding=\"async\" class=\"\" src=\"https:\/\/1000marcas.net\/wp-content\/uploads\/2019\/11\/Logo-Nike.jpg\" alt=\"Logo de Nike: la historia y el significado del logotipo, la marca y el  s\u00edmbolo. | png, vector\" width=\"99\" height=\"56\" \/><\/p>\n<h1>SPORTSWEAR AIR FLEECE<\/h1>\n<div class=\"experience-component experience-productText\">\n<div class=\"product-text-wrapper hide-empty  \">\n<div class=\"product-text-content     \">\n<div class=\"product-text  released   \" data-product-field=\"longDescription\">\n<div class=\"pi-tier3\">\n<div class=\"pi-pdpmainbody\">\n<p>Con ajuste holgado y pu\u00f1os el\u00e1sticos, estos joggers cl\u00e1sicos hacen que tu calzado luzca genial. Su tejido Fleece suave es tan c\u00e1lido y c\u00f3modo que querr\u00e1s incluirlos en tu guardarropa cotidiano.<\/p>\n<p><b>Beneficios<\/b><\/p>\n<ul>\n<li>Suave en la parte exterior con bucles sin cepillar en el interior, la tela French Terry de densidad media ayuda a crear transpirabilidad, por lo que es lo suficientemente c\u00f3moda para que puedas usarla todo el a\u00f1o, sin importar la temperatura.<\/li>\n<li>La pretina con cord\u00f3n te brinda un ajuste personalizado.<\/li>\n<\/ul>\n<p><b>Datos del producto<\/b><\/p>\n<ul>\n<li>Pu\u00f1os el\u00e1sticos.<\/li>\n<li>Bolsillos laterales.<\/li>\n<li>Cuerpo: 80% algod\u00f3n, 20% poli\u00e9ster. Interior del bolsillo, lado de los nudillos: 100% algod\u00f3n.<\/li>\n<li>Lavar a m\u00e1quina.<\/li>\n<li>Producto importado.<\/li>\n<li>Color: Violeta platino\/Fantasma.<\/li>\n<li>Modelo: FN1902-019.<\/li>\n<\/ul>\n<\/div>\n<\/div>\n<\/div>\n<\/div>\n<\/div>\n<\/div>\n","protected":false},"excerpt":{"rendered":"<p>SPORTSWEAR AIR FLEECE Con ajuste holgado y pu\u00f1os el\u00e1sticos, estos joggers cl\u00e1sicos hacen que tu calzado luzca genial. Su tejido<\/p>\n","protected":false},"featured_media":83337,"comment_status":"open","ping_status":"closed","template":"","meta":{"nf_dc_page":""},"product_brand":[1333],"product_cat":[73],"product_tag":[2480],"class_list":{"0":"post-83336","1":"product","2":"type-product","3":"status-publish","4":"has-post-thumbnail","6":"product_brand-nike","7":"product_cat-femenino","8":"product_tag-fn1902-019","10":"first","11":"instock","12":"shipping-taxable","13":"purchasable","14":"product-type-simple"},"_links":{"self":[{"href":"https:\/\/brandss.com.py\/index\/wp-json\/wp\/v2\/product\/83336","targetHints":{"allow":["GET"]}}],"collection":[{"href":"https:\/\/brandss.com.py\/index\/wp-json\/wp\/v2\/product"}],"about":[{"href":"https:\/\/brandss.com.py\/index\/wp-json\/wp\/v2\/types\/product"}],"replies":[{"embeddable":true,"href":"https:\/\/brandss.com.py\/index\/wp-json\/wp\/v2\/comments?post=83336"}],"version-history":[{"count":1,"href":"https:\/\/brandss.com.py\/index\/wp-json\/wp\/v2\/product\/83336\/revisions"}],"predecessor-version":[{"id":83346,"href":"https:\/\/brandss.com.py\/index\/wp-json\/wp\/v2\/product\/83336\/revisions\/83346"}],"wp:featuredmedia":[{"embeddable":true,"href":"https:\/\/brandss.com.py\/index\/wp-json\/wp\/v2\/media\/83337"}],"wp:attachment":[{"href":"https:\/\/brandss.com.py\/index\/wp-json\/wp\/v2\/media?parent=83336"}],"wp:term":[{"taxonomy":"product_brand","embeddable":true,"href":"https:\/\/brandss.com.py\/index\/wp-json\/wp\/v2\/product_brand?post=83336"},{"taxonomy":"product_cat","embeddable":true,"href":"https:\/\/brandss.com.py\/index\/wp-json\/wp\/v2\/product_cat?post=83336"},{"taxonomy":"product_tag","embeddable":true,"href":"https:\/\/brandss.com.py\/index\/wp-json\/wp\/v2\/product_tag?post=83336"}],"curies":[{"name":"wp","href":"https:\/\/api.w.org\/{rel}","templated":true}]}}