{"id":83347,"date":"2025-05-30T17:48:21","date_gmt":"2025-05-30T17:48:21","guid":{"rendered":"https:\/\/brandss.com.py\/index\/?post_type=product&#038;p=83347"},"modified":"2026-01-13T11:20:53","modified_gmt":"2026-01-13T11:20:53","slug":"pantalon-deportivo-femenino-nike-sportswear-club-fleece","status":"publish","type":"product","link":"https:\/\/brandss.com.py\/index\/producto\/pantalon-deportivo-femenino-nike-sportswear-club-fleece\/","title":{"rendered":"PANTAL\u00d3N DEPORTIVO FEMENINO NIKE SPORTSWEAR CLUB FLEECE"},"content":{"rendered":"<p><img loading=\"lazy\" decoding=\"async\" class=\"\" src=\"https:\/\/1000marcas.net\/wp-content\/uploads\/2019\/11\/Logo-Nike.jpg\" alt=\"Logo de Nike: la historia y el significado del logotipo, la marca y el  s\u00edmbolo. | png, vector\" width=\"137\" height=\"77\" \/><\/p>\n<h1>SPORTSWEAR CLUB FLEECE<\/h1>\n<p class=\"nds-text pb4-sm css-qtj9g7 e1yhcai00 appearance-body1 color-primary weight-regular\" data-testid=\"product-description\">El Club Fleece, amado universalmente por su calidez y consistencia, es para todos. La tela de French Terry gruesa sin cepillar hace que estos pants sean suaves sin ser demasiado mullidos, lo que los hace perfectos para esos d\u00edas de temperatura media o noches frescas de verano. Las piernas extra largas y anchas ayudan a centrar la atenci\u00f3n en tu calzado, as\u00ed que aseg\u00farate de amarrar las agujetas de tu par favorito.<\/p>\n<div data-testid=\"benefit-section\"><\/div>\n<div data-testid=\"benefit-section\">\n<h4 class=\"nds-text pb2-sm css-1m2rxfq e1yhcai00 appearance-title4 color-primary weight-regular\" data-testid=\"benefit-header\">Beneficios<\/h4>\n<ul class=\"pb4-sm css-1vql4bw eru6lik0 nds-list\" data-testid=\"benefit-list\">\n<li class=\"nds-text css-xlkxpi e1yhcai00 appearance-body1 color-primary weight-regular\">Suave en la parte exterior con bucles sin cepillar en el interior, la tela French Terry de densidad media ayuda a crear transpirabilidad, por lo que es lo suficientemente c\u00f3moda para que puedas usarla todo el a\u00f1o, sin importar la temperatura.<\/li>\n<li class=\"nds-text css-xlkxpi e1yhcai00 appearance-body1 color-primary weight-regular\">Los bolsillos ofrecen un espacio de acceso r\u00e1pido para las llaves, el tel\u00e9fono y las manos fr\u00edas.<\/li>\n<\/ul>\n<\/div>\n<div data-testid=\"benefit-section\"><\/div>\n<div data-testid=\"benefit-section\">\n<h4 class=\"nds-text pb2-sm css-1m2rxfq e1yhcai00 appearance-title4 color-primary weight-regular\" data-testid=\"benefit-header\">Datos del producto<\/h4>\n<ul class=\"pb4-sm css-1vql4bw eru6lik0 nds-list\" data-testid=\"benefit-list\">\n<li class=\"nds-text css-xlkxpi e1yhcai00 appearance-body1 color-primary weight-regular\">Composici\u00f3n: 80% algod\u00f3n, 20% poli\u00e9ster.<\/li>\n<li class=\"nds-text css-xlkxpi e1yhcai00 appearance-body1 color-primary weight-regular\">Gr\u00e1fico impreso en la pierna izquierda.<\/li>\n<li class=\"nds-text css-xlkxpi e1yhcai00 appearance-body1 color-primary weight-regular\">Cord\u00f3n de ajuste plano y cintura el\u00e1stica.<\/li>\n<li class=\"nds-text css-xlkxpi e1yhcai00 appearance-body1 color-primary weight-regular\">Lavar a m\u00e1quina.<\/li>\n<li class=\"nds-text css-xlkxpi e1yhcai00 appearance-body1 color-primary weight-regular\">Producto importado.<\/li>\n<li>Color: Beige\/ Naranja.<\/li>\n<li>Modelo: FN3634-113.<\/li>\n<\/ul>\n<\/div>\n","protected":false},"excerpt":{"rendered":"<p>SPORTSWEAR CLUB FLEECE El Club Fleece, amado universalmente por su calidez y consistencia, es para todos. La tela de French<\/p>\n","protected":false},"featured_media":83348,"comment_status":"open","ping_status":"closed","template":"","meta":{"nf_dc_page":""},"product_brand":[1333],"product_cat":[73],"product_tag":[2483],"class_list":{"0":"post-83347","1":"product","2":"type-product","3":"status-publish","4":"has-post-thumbnail","6":"product_brand-nike","7":"product_cat-femenino","8":"product_tag-fn3634-113","10":"first","11":"outofstock","12":"shipping-taxable","13":"purchasable","14":"product-type-simple"},"_links":{"self":[{"href":"https:\/\/brandss.com.py\/index\/wp-json\/wp\/v2\/product\/83347","targetHints":{"allow":["GET"]}}],"collection":[{"href":"https:\/\/brandss.com.py\/index\/wp-json\/wp\/v2\/product"}],"about":[{"href":"https:\/\/brandss.com.py\/index\/wp-json\/wp\/v2\/types\/product"}],"replies":[{"embeddable":true,"href":"https:\/\/brandss.com.py\/index\/wp-json\/wp\/v2\/comments?post=83347"}],"version-history":[{"count":1,"href":"https:\/\/brandss.com.py\/index\/wp-json\/wp\/v2\/product\/83347\/revisions"}],"predecessor-version":[{"id":83352,"href":"https:\/\/brandss.com.py\/index\/wp-json\/wp\/v2\/product\/83347\/revisions\/83352"}],"wp:featuredmedia":[{"embeddable":true,"href":"https:\/\/brandss.com.py\/index\/wp-json\/wp\/v2\/media\/83348"}],"wp:attachment":[{"href":"https:\/\/brandss.com.py\/index\/wp-json\/wp\/v2\/media?parent=83347"}],"wp:term":[{"taxonomy":"product_brand","embeddable":true,"href":"https:\/\/brandss.com.py\/index\/wp-json\/wp\/v2\/product_brand?post=83347"},{"taxonomy":"product_cat","embeddable":true,"href":"https:\/\/brandss.com.py\/index\/wp-json\/wp\/v2\/product_cat?post=83347"},{"taxonomy":"product_tag","embeddable":true,"href":"https:\/\/brandss.com.py\/index\/wp-json\/wp\/v2\/product_tag?post=83347"}],"curies":[{"name":"wp","href":"https:\/\/api.w.org\/{rel}","templated":true}]}}