{"id":83353,"date":"2025-05-30T18:16:30","date_gmt":"2025-05-30T18:16:30","guid":{"rendered":"https:\/\/brandss.com.py\/index\/?post_type=product&#038;p=83353"},"modified":"2025-05-30T18:17:18","modified_gmt":"2025-05-30T18:17:18","slug":"falda-deportivo-femenino-nike-one-dri-fit-con-short-interior-de-cintura-alta","status":"publish","type":"product","link":"https:\/\/brandss.com.py\/index\/producto\/falda-deportivo-femenino-nike-one-dri-fit-con-short-interior-de-cintura-alta\/","title":{"rendered":"FALDA DEPORTIVO FEMENINO NIKE ONE DRI-FIT CON SHORT INTERIOR DE CINTURA ALTA"},"content":{"rendered":"<p><img loading=\"lazy\" decoding=\"async\" class=\"\" src=\"https:\/\/1000marcas.net\/wp-content\/uploads\/2019\/11\/Logo-Nike.jpg\" alt=\"Logo de Nike: la historia y el significado del logotipo, la marca y el  s\u00edmbolo. | png, vector\" width=\"106\" height=\"60\" \/><\/p>\n<h1>ONE DRI-FIT<\/h1>\n<p><strong>Womens Dri-FIT Ultra High-Waisted Skort<\/strong><\/p>\n<p>Si\u00e9ntete mejor en el gimnasio, el parque y en cualquier lugar con esta falda pantal\u00f3n Nike One de f\u00e1cil ajuste. Su tejido suave y sedoso est\u00e1 equilibrado con tecnolog\u00eda absorbente de sudor para que tengas la m\u00e1xima comodidad mientras te mantienes seco mientras haces ejercicio. Los pantalones cortos cosidos y el dise\u00f1o de cintura ultraalta te permiten sentirte cubierto sin importar c\u00f3mo te muevas.<\/p>\n<p><strong>Beneficios<\/strong><\/p>\n<ul>\n<li>La tecnolog\u00eda Nike Dri-FIT aleja el sudor de la piel para una evaporaci\u00f3n m\u00e1s r\u00e1pida y te ayuda a mantenerte seco y c\u00f3modo.<\/li>\n<li>El bolsillo abierto de los pantalones cortos es lo suficientemente grande como para albergar la mayor\u00eda de los tel\u00e9fonos inteligentes.<\/li>\n<\/ul>\n<p><strong>Detalles de producto<\/strong><\/p>\n<ul>\n<li>Composici\u00f3n:<br \/>\n-Cuerpo: 100% poli\u00e9ster.<br \/>\n-Medias: 88 % poli\u00e9ster\/12 % spandex.<br \/>\n-Forro de refuerzo: 100% poli\u00e9ster.<\/li>\n<li>Lavar a m\u00e1quina.<\/li>\n<li>Importado.<\/li>\n<li>Gr\u00e1ficos reflectantes.<\/li>\n<li>No est\u00e1 dise\u00f1ado para usarse como equipo de protecci\u00f3n personal (EPP).<\/li>\n<li>Color: Negro\/Negro.<\/li>\n<li>Modelo: FV5567-010.<\/li>\n<\/ul>\n","protected":false},"excerpt":{"rendered":"<p>ONE DRI-FIT Womens Dri-FIT Ultra High-Waisted Skort Si\u00e9ntete mejor en el gimnasio, el parque y en cualquier lugar con esta<\/p>\n","protected":false},"featured_media":83354,"comment_status":"open","ping_status":"closed","template":"","meta":{"nf_dc_page":""},"product_brand":[],"product_cat":[73],"product_tag":[],"class_list":{"0":"post-83353","1":"product","2":"type-product","3":"status-publish","4":"has-post-thumbnail","6":"product_cat-femenino","8":"first","9":"instock","10":"shipping-taxable","11":"purchasable","12":"product-type-simple"},"_links":{"self":[{"href":"https:\/\/brandss.com.py\/index\/wp-json\/wp\/v2\/product\/83353","targetHints":{"allow":["GET"]}}],"collection":[{"href":"https:\/\/brandss.com.py\/index\/wp-json\/wp\/v2\/product"}],"about":[{"href":"https:\/\/brandss.com.py\/index\/wp-json\/wp\/v2\/types\/product"}],"replies":[{"embeddable":true,"href":"https:\/\/brandss.com.py\/index\/wp-json\/wp\/v2\/comments?post=83353"}],"version-history":[{"count":1,"href":"https:\/\/brandss.com.py\/index\/wp-json\/wp\/v2\/product\/83353\/revisions"}],"predecessor-version":[{"id":83355,"href":"https:\/\/brandss.com.py\/index\/wp-json\/wp\/v2\/product\/83353\/revisions\/83355"}],"wp:featuredmedia":[{"embeddable":true,"href":"https:\/\/brandss.com.py\/index\/wp-json\/wp\/v2\/media\/83354"}],"wp:attachment":[{"href":"https:\/\/brandss.com.py\/index\/wp-json\/wp\/v2\/media?parent=83353"}],"wp:term":[{"taxonomy":"product_brand","embeddable":true,"href":"https:\/\/brandss.com.py\/index\/wp-json\/wp\/v2\/product_brand?post=83353"},{"taxonomy":"product_cat","embeddable":true,"href":"https:\/\/brandss.com.py\/index\/wp-json\/wp\/v2\/product_cat?post=83353"},{"taxonomy":"product_tag","embeddable":true,"href":"https:\/\/brandss.com.py\/index\/wp-json\/wp\/v2\/product_tag?post=83353"}],"curies":[{"name":"wp","href":"https:\/\/api.w.org\/{rel}","templated":true}]}}