{"id":83356,"date":"2025-05-30T18:40:40","date_gmt":"2025-05-30T18:40:40","guid":{"rendered":"https:\/\/brandss.com.py\/index\/?post_type=product&#038;p=83356"},"modified":"2026-01-13T11:34:11","modified_gmt":"2026-01-13T11:34:11","slug":"moleton-casual-masculino-nike-club-fleece-crew-arch-gx","status":"publish","type":"product","link":"https:\/\/brandss.com.py\/index\/producto\/moleton-casual-masculino-nike-club-fleece-crew-arch-gx\/","title":{"rendered":"MOLET\u00d3N CASUAL MASCULINO NIKE CLUB FLEECE CREW ARCH GX"},"content":{"rendered":"<p><img loading=\"lazy\" decoding=\"async\" class=\"\" src=\"https:\/\/1000marcas.net\/wp-content\/uploads\/2019\/11\/Logo-Nike.jpg\" alt=\"Logo de Nike: la historia y el significado del logotipo, la marca y el  s\u00edmbolo. | png, vector\" width=\"121\" height=\"68\" \/><\/p>\n<h1>CLUB FLEECE CREW ARCH GX<\/h1>\n<p>Elige un cl\u00e1sico look con este top polar de nuestra colecci\u00f3n Nike Club. El corte relajado alrededor de los hombros y el cuerpo crea un conjunto atl\u00e9tico f\u00e1cil de llevar debajo de una chaqueta o un chaleco sin mangas. Los motivos estampados y bordados en el pecho izquierdo a\u00f1aden un sutil toque acad\u00e9mico a cualquier conjunto. Su ligero tejido Fleece cepillado es ultra-suave en el interior y liso en el exterior para un confort informal y una f\u00e1cil superposici\u00f3n. Las aberturas acanaladas retienen el calor y mantienen la camiseta en su sitio cuando est\u00e1s en movimiento.<\/p>\n<p>&nbsp;<\/p>\n<p>Composici\u00f3n: 80% Algod\u00f3n 20% Poli\u00e9ster.<\/p>\n<p>Color: azul marino\/naranja seguridad.<\/p>\n<p>Modelo: FV4445-410.<\/p>\n","protected":false},"excerpt":{"rendered":"<p>CLUB FLEECE CREW ARCH GX Elige un cl\u00e1sico look con este top polar de nuestra colecci\u00f3n Nike Club. El corte<\/p>\n","protected":false},"featured_media":83357,"comment_status":"open","ping_status":"closed","template":"","meta":{"nf_dc_page":""},"product_brand":[1333],"product_cat":[76],"product_tag":[2487],"class_list":{"0":"post-83356","1":"product","2":"type-product","3":"status-publish","4":"has-post-thumbnail","6":"product_brand-nike","7":"product_cat-masculino","8":"product_tag-fv4445-410","10":"first","11":"outofstock","12":"shipping-taxable","13":"purchasable","14":"product-type-simple"},"_links":{"self":[{"href":"https:\/\/brandss.com.py\/index\/wp-json\/wp\/v2\/product\/83356","targetHints":{"allow":["GET"]}}],"collection":[{"href":"https:\/\/brandss.com.py\/index\/wp-json\/wp\/v2\/product"}],"about":[{"href":"https:\/\/brandss.com.py\/index\/wp-json\/wp\/v2\/types\/product"}],"replies":[{"embeddable":true,"href":"https:\/\/brandss.com.py\/index\/wp-json\/wp\/v2\/comments?post=83356"}],"version-history":[{"count":1,"href":"https:\/\/brandss.com.py\/index\/wp-json\/wp\/v2\/product\/83356\/revisions"}],"predecessor-version":[{"id":83365,"href":"https:\/\/brandss.com.py\/index\/wp-json\/wp\/v2\/product\/83356\/revisions\/83365"}],"wp:featuredmedia":[{"embeddable":true,"href":"https:\/\/brandss.com.py\/index\/wp-json\/wp\/v2\/media\/83357"}],"wp:attachment":[{"href":"https:\/\/brandss.com.py\/index\/wp-json\/wp\/v2\/media?parent=83356"}],"wp:term":[{"taxonomy":"product_brand","embeddable":true,"href":"https:\/\/brandss.com.py\/index\/wp-json\/wp\/v2\/product_brand?post=83356"},{"taxonomy":"product_cat","embeddable":true,"href":"https:\/\/brandss.com.py\/index\/wp-json\/wp\/v2\/product_cat?post=83356"},{"taxonomy":"product_tag","embeddable":true,"href":"https:\/\/brandss.com.py\/index\/wp-json\/wp\/v2\/product_tag?post=83356"}],"curies":[{"name":"wp","href":"https:\/\/api.w.org\/{rel}","templated":true}]}}