{"id":83366,"date":"2025-05-30T18:58:14","date_gmt":"2025-05-30T18:58:14","guid":{"rendered":"https:\/\/brandss.com.py\/index\/?post_type=product&#038;p=83366"},"modified":"2026-01-13T11:35:51","modified_gmt":"2026-01-13T11:35:51","slug":"camiseta-deportivo-masculino-nike-dri-fit-running-trail-outdoor-seasonal-mangas-cortas","status":"publish","type":"product","link":"https:\/\/brandss.com.py\/index\/producto\/camiseta-deportivo-masculino-nike-dri-fit-running-trail-outdoor-seasonal-mangas-cortas\/","title":{"rendered":"CAMISETA DEPORTIVO MASCULINO NIKE DRI-FIT RUNNING TRAIL OUTDOOR SEASONAL MANGAS CORTAS"},"content":{"rendered":"<p><img loading=\"lazy\" decoding=\"async\" class=\"\" src=\"https:\/\/1000marcas.net\/wp-content\/uploads\/2019\/11\/Logo-Nike.jpg\" alt=\"Logo de Nike: la historia y el significado del logotipo, la marca y el  s\u00edmbolo. | png, vector\" width=\"101\" height=\"57\" \/><\/p>\n<h1>DRI-FIT RUNNING TRAIL OUTDOOR SEASONAL<\/h1>\n<p>Ya sea que salgas a trotar r\u00e1pido por el bosque o a correr una carrera m\u00e1s larga por la monta\u00f1a, Nike Trail tiene la durabilidad y adaptabilidad para ayudarte a conectarte con tu entorno m\u00e1s f\u00e1cilmente, incluso en condiciones din\u00e1micas. Esta camiseta canaliza ese esp\u00edritu con un ajuste relajado y gr\u00e1ficos Nike Trail. Mant\u00e9ngase seco mientras abandona el estr\u00e9s de la vida cotidiana con un tejido suave que capilariza el sudor.<\/p>\n<p><b>Beneficios<\/b><\/p>\n<ul>\n<li>La tecnolog\u00eda Nike Dri-FIT absorbe la transpiraci\u00f3n de la piel para acelerar la evaporaci\u00f3n, lo que ayuda a mantener la transpirabilidad y la comodidad.<\/li>\n<li>La tela tersa, mezcla de algod\u00f3n y poli\u00e9ster, es transpirable, ideal para las actividades de medio impacto, desde el estudio hasta la bicicleta.<\/li>\n<\/ul>\n<p>&nbsp;<\/p>\n<p><b>Datos del producto<\/b><\/p>\n<ul>\n<li>Composici\u00f3n: 52-59% algod\u00f3n, 41-48% poli\u00e9ster.<\/li>\n<li>Los porcentajes de los materiales pueden variar. Comprueba en la etiqueta su composici\u00f3n real.<\/li>\n<li>Lavar a m\u00e1quina.<\/li>\n<li>Producto importado.<\/li>\n<li>Color: Verde vapor.<\/li>\n<li>Modelo: FV8386-376.<\/li>\n<\/ul>\n","protected":false},"excerpt":{"rendered":"<p>DRI-FIT RUNNING TRAIL OUTDOOR SEASONAL Ya sea que salgas a trotar r\u00e1pido por el bosque o a correr una carrera<\/p>\n","protected":false},"featured_media":83367,"comment_status":"open","ping_status":"closed","template":"","meta":{"nf_dc_page":""},"product_brand":[1333],"product_cat":[76],"product_tag":[2488],"class_list":{"0":"post-83366","1":"product","2":"type-product","3":"status-publish","4":"has-post-thumbnail","6":"product_brand-nike","7":"product_cat-masculino","8":"product_tag-fv8386-376","10":"first","11":"instock","12":"shipping-taxable","13":"purchasable","14":"product-type-simple"},"_links":{"self":[{"href":"https:\/\/brandss.com.py\/index\/wp-json\/wp\/v2\/product\/83366","targetHints":{"allow":["GET"]}}],"collection":[{"href":"https:\/\/brandss.com.py\/index\/wp-json\/wp\/v2\/product"}],"about":[{"href":"https:\/\/brandss.com.py\/index\/wp-json\/wp\/v2\/types\/product"}],"replies":[{"embeddable":true,"href":"https:\/\/brandss.com.py\/index\/wp-json\/wp\/v2\/comments?post=83366"}],"version-history":[{"count":1,"href":"https:\/\/brandss.com.py\/index\/wp-json\/wp\/v2\/product\/83366\/revisions"}],"predecessor-version":[{"id":83375,"href":"https:\/\/brandss.com.py\/index\/wp-json\/wp\/v2\/product\/83366\/revisions\/83375"}],"wp:featuredmedia":[{"embeddable":true,"href":"https:\/\/brandss.com.py\/index\/wp-json\/wp\/v2\/media\/83367"}],"wp:attachment":[{"href":"https:\/\/brandss.com.py\/index\/wp-json\/wp\/v2\/media?parent=83366"}],"wp:term":[{"taxonomy":"product_brand","embeddable":true,"href":"https:\/\/brandss.com.py\/index\/wp-json\/wp\/v2\/product_brand?post=83366"},{"taxonomy":"product_cat","embeddable":true,"href":"https:\/\/brandss.com.py\/index\/wp-json\/wp\/v2\/product_cat?post=83366"},{"taxonomy":"product_tag","embeddable":true,"href":"https:\/\/brandss.com.py\/index\/wp-json\/wp\/v2\/product_tag?post=83366"}],"curies":[{"name":"wp","href":"https:\/\/api.w.org\/{rel}","templated":true}]}}