{"id":83376,"date":"2025-05-30T19:18:06","date_gmt":"2025-05-30T19:18:06","guid":{"rendered":"https:\/\/brandss.com.py\/index\/?post_type=product&#038;p=83376"},"modified":"2026-01-13T11:38:27","modified_gmt":"2026-01-13T11:38:27","slug":"camiseta-deportivo-masculino-nike-jordan-dri-fit-sport-mangas-cortas","status":"publish","type":"product","link":"https:\/\/brandss.com.py\/index\/producto\/camiseta-deportivo-masculino-nike-jordan-dri-fit-sport-mangas-cortas\/","title":{"rendered":"CAMISETA DEPORTIVO MASCULINO NIKE JORDAN DRI-FIT SPORT MANGAS CORTAS"},"content":{"rendered":"<p><img loading=\"lazy\" decoding=\"async\" class=\"\" src=\"https:\/\/1000marcas.net\/wp-content\/uploads\/2019\/11\/Logo-Nike.jpg\" alt=\"Logo de Nike: la historia y el significado del logotipo, la marca y el s\u00edmbolo. | png, vector\" width=\"94\" height=\"53\" \/><\/p>\n<h1>JORDAN DRI-FIT SPORT<\/h1>\n<p class=\"nds-text pb4-sm css-qtj9g7 e1yhcai00 appearance-body1 color-primary weight-regular\" data-testid=\"product-description\">La cancha te llama. Responde con una camiseta que te ayuda a dar lo mejor de ti. El algod\u00f3n transpirable con nuestra tecnolog\u00eda absorbente de sudor te ayuda a mantenerte seco, c\u00f3modo y concentrado en cada partido.<\/p>\n<div data-testid=\"benefit-section\"><\/div>\n<div data-testid=\"benefit-section\">\n<h4 class=\"nds-text pb2-sm css-1m2rxfq e1yhcai00 appearance-title4 color-primary weight-regular\" data-testid=\"benefit-header\">Beneficios<\/h4>\n<ul class=\"pb4-sm css-1vql4bw eru6lik0 nds-list\" data-testid=\"benefit-list\">\n<li class=\"nds-text css-xlkxpi e1yhcai00 appearance-body1 color-primary weight-regular\">La tecnolog\u00eda Nike Dri-FIT aleja el sudor de tu piel para una evaporaci\u00f3n m\u00e1s r\u00e1pida, lo que te ayuda a mantenerte seco y c\u00f3modo.<\/li>\n<li class=\"nds-text css-xlkxpi e1yhcai00 appearance-body1 color-primary weight-regular\">La tela de algod\u00f3n de peso medio se siente suave y tiene una ligera ca\u00edda.<\/li>\n<\/ul>\n<\/div>\n<div data-testid=\"benefit-section\"><\/div>\n<div data-testid=\"benefit-section\">\n<h4 class=\"nds-text pb2-sm css-1m2rxfq e1yhcai00 appearance-title4 color-primary weight-regular\" data-testid=\"benefit-header\">Detalles del producto<\/h4>\n<ul class=\"pb4-sm css-1vql4bw eru6lik0 nds-list\" data-testid=\"benefit-list\">\n<li class=\"nds-text css-xlkxpi e1yhcai00 appearance-body1 color-primary weight-regular\">Composic\u00f3n: 100% algod\u00f3n.<\/li>\n<li class=\"nds-text css-xlkxpi e1yhcai00 appearance-body1 color-primary weight-regular\">Lavado a m\u00e1quina.<\/li>\n<li class=\"nds-text css-xlkxpi e1yhcai00 appearance-body1 color-primary weight-regular\">Importado.<\/li>\n<li class=\"nds-text css-xlkxpi e1yhcai00 appearance-body1 color-primary weight-regular\">Color: Gimnasio rojo\/negro<\/li>\n<li class=\"nds-text css-xlkxpi e1yhcai00 appearance-body1 color-primary weight-regular\">Modelo: FZ1931-687.<\/li>\n<\/ul>\n<\/div>\n","protected":false},"excerpt":{"rendered":"<p>JORDAN DRI-FIT SPORT La cancha te llama. Responde con una camiseta que te ayuda a dar lo mejor de ti.<\/p>\n","protected":false},"featured_media":83377,"comment_status":"open","ping_status":"closed","template":"","meta":{"nf_dc_page":""},"product_brand":[1333],"product_cat":[76],"product_tag":[2489],"class_list":{"0":"post-83376","1":"product","2":"type-product","3":"status-publish","4":"has-post-thumbnail","6":"product_brand-nike","7":"product_cat-masculino","8":"product_tag-fz1931-687","10":"first","11":"outofstock","12":"shipping-taxable","13":"purchasable","14":"product-type-simple"},"_links":{"self":[{"href":"https:\/\/brandss.com.py\/index\/wp-json\/wp\/v2\/product\/83376","targetHints":{"allow":["GET"]}}],"collection":[{"href":"https:\/\/brandss.com.py\/index\/wp-json\/wp\/v2\/product"}],"about":[{"href":"https:\/\/brandss.com.py\/index\/wp-json\/wp\/v2\/types\/product"}],"replies":[{"embeddable":true,"href":"https:\/\/brandss.com.py\/index\/wp-json\/wp\/v2\/comments?post=83376"}],"version-history":[{"count":2,"href":"https:\/\/brandss.com.py\/index\/wp-json\/wp\/v2\/product\/83376\/revisions"}],"predecessor-version":[{"id":83383,"href":"https:\/\/brandss.com.py\/index\/wp-json\/wp\/v2\/product\/83376\/revisions\/83383"}],"wp:featuredmedia":[{"embeddable":true,"href":"https:\/\/brandss.com.py\/index\/wp-json\/wp\/v2\/media\/83377"}],"wp:attachment":[{"href":"https:\/\/brandss.com.py\/index\/wp-json\/wp\/v2\/media?parent=83376"}],"wp:term":[{"taxonomy":"product_brand","embeddable":true,"href":"https:\/\/brandss.com.py\/index\/wp-json\/wp\/v2\/product_brand?post=83376"},{"taxonomy":"product_cat","embeddable":true,"href":"https:\/\/brandss.com.py\/index\/wp-json\/wp\/v2\/product_cat?post=83376"},{"taxonomy":"product_tag","embeddable":true,"href":"https:\/\/brandss.com.py\/index\/wp-json\/wp\/v2\/product_tag?post=83376"}],"curies":[{"name":"wp","href":"https:\/\/api.w.org\/{rel}","templated":true}]}}