{"id":83384,"date":"2025-05-31T10:57:28","date_gmt":"2025-05-31T10:57:28","guid":{"rendered":"https:\/\/brandss.com.py\/index\/?post_type=product&#038;p=83384"},"modified":"2026-01-13T11:41:50","modified_gmt":"2026-01-13T11:41:50","slug":"camiseta-casual-masculino-nike-jordan-flight-essentials-mangas-cortas","status":"publish","type":"product","link":"https:\/\/brandss.com.py\/index\/producto\/camiseta-casual-masculino-nike-jordan-flight-essentials-mangas-cortas\/","title":{"rendered":"CAMISETA CASUAL MASCULINO NIKE JORDAN FLIGHT ESSENTIALS MANGAS CORTAS"},"content":{"rendered":"<p><img loading=\"lazy\" decoding=\"async\" class=\"\" src=\"https:\/\/1000marcas.net\/wp-content\/uploads\/2019\/11\/Logo-Nike.jpg\" alt=\"Logo de Nike: la historia y el significado del logotipo, la marca y el  s\u00edmbolo. | png, vector\" width=\"132\" height=\"74\" \/><\/p>\n<h1>JORDAN FLIGHT ESSENTIALS<\/h1>\n<div class=\"b-productinfo\" data-product-attr=\"productDescription\">\n<div class=\"b-productinfo__content\"><span>Hazles saber que est\u00e1s en el cielo. El algod\u00f3n de grosor medio le da a esta camiseta cl\u00e1sica un tacto suave y una ligera ca\u00edda, ideal para el d\u00eda a d\u00eda.<\/span><\/div>\n<\/div>\n<div class=\"b-productinfo\">\n<div class=\"b-productinfo__content\">\n<ul class=\"b-list--dots\">\n<li><span>Color: Rojo gimnasio\/Negro.<\/span><\/li>\n<li><span>Modelo: FZ1967-687.<\/span><\/li>\n<\/ul>\n<\/div>\n<\/div>\n","protected":false},"excerpt":{"rendered":"<p>JORDAN FLIGHT ESSENTIALS Hazles saber que est\u00e1s en el cielo. El algod\u00f3n de grosor medio le da a esta camiseta<\/p>\n","protected":false},"featured_media":83385,"comment_status":"open","ping_status":"closed","template":"","meta":{"nf_dc_page":""},"product_brand":[1333],"product_cat":[76],"product_tag":[2490],"class_list":{"0":"post-83384","1":"product","2":"type-product","3":"status-publish","4":"has-post-thumbnail","6":"product_brand-nike","7":"product_cat-masculino","8":"product_tag-fz1967-687","10":"first","11":"outofstock","12":"shipping-taxable","13":"purchasable","14":"product-type-simple"},"_links":{"self":[{"href":"https:\/\/brandss.com.py\/index\/wp-json\/wp\/v2\/product\/83384","targetHints":{"allow":["GET"]}}],"collection":[{"href":"https:\/\/brandss.com.py\/index\/wp-json\/wp\/v2\/product"}],"about":[{"href":"https:\/\/brandss.com.py\/index\/wp-json\/wp\/v2\/types\/product"}],"replies":[{"embeddable":true,"href":"https:\/\/brandss.com.py\/index\/wp-json\/wp\/v2\/comments?post=83384"}],"version-history":[{"count":1,"href":"https:\/\/brandss.com.py\/index\/wp-json\/wp\/v2\/product\/83384\/revisions"}],"predecessor-version":[{"id":83391,"href":"https:\/\/brandss.com.py\/index\/wp-json\/wp\/v2\/product\/83384\/revisions\/83391"}],"wp:featuredmedia":[{"embeddable":true,"href":"https:\/\/brandss.com.py\/index\/wp-json\/wp\/v2\/media\/83385"}],"wp:attachment":[{"href":"https:\/\/brandss.com.py\/index\/wp-json\/wp\/v2\/media?parent=83384"}],"wp:term":[{"taxonomy":"product_brand","embeddable":true,"href":"https:\/\/brandss.com.py\/index\/wp-json\/wp\/v2\/product_brand?post=83384"},{"taxonomy":"product_cat","embeddable":true,"href":"https:\/\/brandss.com.py\/index\/wp-json\/wp\/v2\/product_cat?post=83384"},{"taxonomy":"product_tag","embeddable":true,"href":"https:\/\/brandss.com.py\/index\/wp-json\/wp\/v2\/product_tag?post=83384"}],"curies":[{"name":"wp","href":"https:\/\/api.w.org\/{rel}","templated":true}]}}