{"id":83392,"date":"2025-05-31T11:51:04","date_gmt":"2025-05-31T11:51:04","guid":{"rendered":"https:\/\/brandss.com.py\/index\/?post_type=product&#038;p=83392"},"modified":"2026-04-14T17:39:20","modified_gmt":"2026-04-14T17:39:20","slug":"mascara-de-pestanas-maybelline-lash-sensational-firework","status":"publish","type":"product","link":"https:\/\/brandss.com.py\/index\/producto\/mascara-de-pestanas-maybelline-lash-sensational-firework\/","title":{"rendered":"M\u00c1SCARA DE PESTA\u00d1AS MAYBELLINE LASH SENSATIONAL FIREWORK"},"content":{"rendered":"<p><img loading=\"lazy\" decoding=\"async\" class=\"\" src=\"https:\/\/1000marcas.net\/wp-content\/uploads\/2020\/02\/logo-Maybelline.png\" alt=\"Maybelline Logo - s\u00edmbolo, significado logotipo, historia, PNG\" width=\"111\" height=\"63\" \/><\/p>\n<h1>LASH SENSATIONAL FIREWORK<\/h1>\n<p>Expande tus pesta\u00f1as 360\u00ba con la nueva m\u00e1scara de pesta\u00f1as Lash Sensational Firework. Alarga tus pesta\u00f1as una a una y consigue una mirada m\u00e1s grande en un BOOM.<\/p>\n<p>Con la tecnolog\u00eda del cepillo efecto s\u00faper h\u00e9lice aporta volumen y longitud imitando los fuegos artificiales con cerdas largas y cortas que proyectan las pesta\u00f1as hasta arriba para lograr una mirada 360\u00ba.<\/p>\n<p>Formulada con gel acondicionador, que permite cargar las pesta\u00f1as de la ra\u00edz a las puntas, sin apelmazarlas y sin grumos.<\/p>\n<p>&nbsp;<\/p>\n<h3><strong>Beneficios clave:<\/strong><\/h3>\n<ul>\n<li>Alarga las pesta\u00f1as una a una;<\/li>\n<li>Proporciona un volumen y una longitud espectaculares;<\/li>\n<li>Innovador cepillo con efecto s\u00faper h\u00e9lice;<\/li>\n<li>No apelmaza ni apelmaza;<\/li>\n<li>Llega a las pesta\u00f1as desde la ra\u00edz hasta la punta.<\/li>\n<\/ul>\n<p>Con la tecnolog\u00eda del cepillo efecto s\u00faper h\u00e9lice aporta volumen y longitud imitando los fuegos artificiales con cerdas largas y cortas que proyectan las pesta\u00f1as hasta arriba para lograr una mirada 360\u00ba.<\/p>\n<p>Te permite cargar las pesta\u00f1as de la ra\u00edz a las puntas, sin apelmazarlas y sin grumos.<\/p>\n<p>Consiga unas pesta\u00f1as impresionantes de 360\u00ba con Lash Sensational Firework. Su avanzada tecnolog\u00eda de cepillo con efecto s\u00faper h\u00e9lice\u00a0proporciona un volumen y una longitud explosivos, elevando las pesta\u00f1as hacia arriba para conseguir una mirada inspirada en los fuegos artificiales. Cada pesta\u00f1a se alarga desde la ra\u00edz hasta la punta, asegurando un aspecto m\u00e1s grande y dram\u00e1tico sin apelmazar ni apelmazar.<\/p>\n<p>Perfecto para cualquiera que busque un efecto atrevido y llamativo, este mascara proporciona la\u00a0transformaci\u00f3n definitiva de las pesta\u00f1as en una sola pasada. Eleve el nivel de sus pesta\u00f1as y marque la diferencia con\u00a0Maybelline Lash Sensational Firework Mascara.<\/p>\n","protected":false},"excerpt":{"rendered":"<p>LASH SENSATIONAL FIREWORK Expande tus pesta\u00f1as 360\u00ba con la nueva m\u00e1scara de pesta\u00f1as Lash Sensational Firework. Alarga tus pesta\u00f1as una<\/p>\n","protected":false},"featured_media":83393,"comment_status":"open","ping_status":"closed","template":"","meta":{"nf_dc_page":""},"product_brand":[224],"product_cat":[95],"product_tag":[3463],"class_list":{"0":"post-83392","1":"product","2":"type-product","3":"status-publish","4":"has-post-thumbnail","6":"product_brand-maybelline","7":"product_cat-maquillaje","8":"product_tag-3463","10":"first","11":"instock","12":"shipping-taxable","13":"purchasable","14":"product-type-simple"},"_links":{"self":[{"href":"https:\/\/brandss.com.py\/index\/wp-json\/wp\/v2\/product\/83392","targetHints":{"allow":["GET"]}}],"collection":[{"href":"https:\/\/brandss.com.py\/index\/wp-json\/wp\/v2\/product"}],"about":[{"href":"https:\/\/brandss.com.py\/index\/wp-json\/wp\/v2\/types\/product"}],"replies":[{"embeddable":true,"href":"https:\/\/brandss.com.py\/index\/wp-json\/wp\/v2\/comments?post=83392"}],"version-history":[{"count":1,"href":"https:\/\/brandss.com.py\/index\/wp-json\/wp\/v2\/product\/83392\/revisions"}],"predecessor-version":[{"id":83402,"href":"https:\/\/brandss.com.py\/index\/wp-json\/wp\/v2\/product\/83392\/revisions\/83402"}],"wp:featuredmedia":[{"embeddable":true,"href":"https:\/\/brandss.com.py\/index\/wp-json\/wp\/v2\/media\/83393"}],"wp:attachment":[{"href":"https:\/\/brandss.com.py\/index\/wp-json\/wp\/v2\/media?parent=83392"}],"wp:term":[{"taxonomy":"product_brand","embeddable":true,"href":"https:\/\/brandss.com.py\/index\/wp-json\/wp\/v2\/product_brand?post=83392"},{"taxonomy":"product_cat","embeddable":true,"href":"https:\/\/brandss.com.py\/index\/wp-json\/wp\/v2\/product_cat?post=83392"},{"taxonomy":"product_tag","embeddable":true,"href":"https:\/\/brandss.com.py\/index\/wp-json\/wp\/v2\/product_tag?post=83392"}],"curies":[{"name":"wp","href":"https:\/\/api.w.org\/{rel}","templated":true}]}}