{"id":83439,"date":"2025-05-31T14:36:44","date_gmt":"2025-05-31T14:36:44","guid":{"rendered":"https:\/\/brandss.com.py\/index\/?post_type=product&#038;p=83439"},"modified":"2025-06-21T19:08:59","modified_gmt":"2025-06-21T19:08:59","slug":"delineador-de-ojos-maybelline-tattoo-play-switch","status":"publish","type":"product","link":"https:\/\/brandss.com.py\/index\/producto\/delineador-de-ojos-maybelline-tattoo-play-switch\/","title":{"rendered":"DELINEADOR DE OJOS MAYBELLINE TATTOO PLAY SWITCH"},"content":{"rendered":"<p><img loading=\"lazy\" decoding=\"async\" class=\"\" src=\"https:\/\/1000marcas.net\/wp-content\/uploads\/2020\/02\/logo-Maybelline.png\" alt=\"Maybelline Logo - s\u00edmbolo, significado logotipo, historia, PNG\" width=\"119\" height=\"67\" \/><\/p>\n<h1>TATTOO PLAY SWITCH<\/h1>\n<p>\u00a1Conoce los coloridos delineadores que lo resisten todo por hasta 48 horas! Nuevos delineadores Tattoo Liner Play con color intenso y aplicador que permite un trazo f\u00e1cil. Es a prueba de manchas y a prueba de agua. Atr\u00e9vete a jugar sin esfuerzo y logra un look de alto impacto con los diferentes tonos. Probado por oftalm\u00f3logos y con f\u00f3rmula vegana.<\/p>\n<div id=\"ac-tabitem-1748700243288_1\" class=\"accordion__trigger is-active\" data-qa=\"ac-show\"><\/div>\n<div id=\"ac-panel-1748700243288_1\" class=\"accordion__content\" role=\"region\" aria-labelledby=\"ac-trigger-1748700243288_1\" aria-hidden=\"false\" data-qa=\"ac-panel\">\n<p>&nbsp;<\/p>\n<h2 class=\"m_carousel__slide_title\">\u00a1Atr\u00e9vete a combinar!<\/h2>\n<p class=\"m_carousel__slide_subtitle\">Los diferentes colores de esta nueva gama te permitir\u00e1n crear los looks mas divertidos. Comb\u00ednalos, juega y logra maquillajes \u00fanicos e impactantes.<\/p>\n<h2 class=\"m_carousel__slide_title\">Larga duraci\u00f3n<\/h2>\n<p class=\"m_carousel__slide_subtitle\">Disfruta sin miedo de Tattoo Play con duraci\u00f3n de hasta 48H.<\/p>\n<h2 class=\"m_carousel__slide_title\">F\u00e1cil de usar<\/h2>\n<p class=\"m_carousel__slide_subtitle\">Su aplicador permite una aplicaci\u00f3n f\u00e1cil e intensa en color.<\/p>\n<h2 class=\"m_carousel__slide_title\">Remueve f\u00e1cilmente<\/h2>\n<p class=\"m_carousel__slide_subtitle\">A pesar de su f\u00f3rmula de larga duraci\u00f3n se remueve facilmente gracias a su tecnolog\u00eda.<\/p>\n<div id=\"ac-tabitem-1748700243288_1\" class=\"accordion__trigger is-active\" data-qa=\"ac-show\">\n<h2 class=\"accordion-action--inner-text\">Beneficios<\/h2>\n<\/div>\n<div id=\"ac-panel-1748700243288_1\" class=\"accordion__content\" role=\"region\" aria-labelledby=\"ac-trigger-1748700243288_1\" aria-hidden=\"false\" data-qa=\"ac-panel\">\n<p>Logra un delineado a prueba de agua con un color intenso y duradero.<\/p>\n<\/div>\n<\/div>\n","protected":false},"excerpt":{"rendered":"<p>TATTOO PLAY SWITCH \u00a1Conoce los coloridos delineadores que lo resisten todo por hasta 48 horas! Nuevos delineadores Tattoo Liner Play<\/p>\n","protected":false},"featured_media":83440,"comment_status":"open","ping_status":"closed","template":"","meta":{"nf_dc_page":""},"product_brand":[],"product_cat":[95],"product_tag":[],"class_list":{"0":"post-83439","1":"product","2":"type-product","3":"status-publish","4":"has-post-thumbnail","6":"product_cat-maquillaje","8":"first","9":"instock","10":"shipping-taxable","11":"purchasable","12":"product-type-simple"},"_links":{"self":[{"href":"https:\/\/brandss.com.py\/index\/wp-json\/wp\/v2\/product\/83439","targetHints":{"allow":["GET"]}}],"collection":[{"href":"https:\/\/brandss.com.py\/index\/wp-json\/wp\/v2\/product"}],"about":[{"href":"https:\/\/brandss.com.py\/index\/wp-json\/wp\/v2\/types\/product"}],"replies":[{"embeddable":true,"href":"https:\/\/brandss.com.py\/index\/wp-json\/wp\/v2\/comments?post=83439"}],"version-history":[{"count":1,"href":"https:\/\/brandss.com.py\/index\/wp-json\/wp\/v2\/product\/83439\/revisions"}],"predecessor-version":[{"id":83449,"href":"https:\/\/brandss.com.py\/index\/wp-json\/wp\/v2\/product\/83439\/revisions\/83449"}],"wp:featuredmedia":[{"embeddable":true,"href":"https:\/\/brandss.com.py\/index\/wp-json\/wp\/v2\/media\/83440"}],"wp:attachment":[{"href":"https:\/\/brandss.com.py\/index\/wp-json\/wp\/v2\/media?parent=83439"}],"wp:term":[{"taxonomy":"product_brand","embeddable":true,"href":"https:\/\/brandss.com.py\/index\/wp-json\/wp\/v2\/product_brand?post=83439"},{"taxonomy":"product_cat","embeddable":true,"href":"https:\/\/brandss.com.py\/index\/wp-json\/wp\/v2\/product_cat?post=83439"},{"taxonomy":"product_tag","embeddable":true,"href":"https:\/\/brandss.com.py\/index\/wp-json\/wp\/v2\/product_tag?post=83439"}],"curies":[{"name":"wp","href":"https:\/\/api.w.org\/{rel}","templated":true}]}}