{"id":83502,"date":"2025-06-02T11:06:55","date_gmt":"2025-06-02T11:06:55","guid":{"rendered":"https:\/\/brandss.com.py\/index\/?post_type=product&#038;p=83502"},"modified":"2026-04-15T10:25:00","modified_gmt":"2026-04-15T10:25:00","slug":"perfume-masculino-police-deep-blue-edt-100ml","status":"publish","type":"product","link":"https:\/\/brandss.com.py\/index\/producto\/perfume-masculino-police-deep-blue-edt-100ml\/","title":{"rendered":"PERFUME MASCULINO POLICE DEEP BLUE EDT 100ML"},"content":{"rendered":"<p><img loading=\"lazy\" decoding=\"async\" class=\"\" src=\"https:\/\/m.media-amazon.com\/images\/S\/aplus-media\/sota\/da6ad962-a287-40f2-bb9f-8140c6d0e7c2.__CR0,0,600,180_PT0_SX600_V1___.jpg\" alt=\"Amazon.com: Police Perfume To Be para hombres, aroma picante amaderado, se abre con pomelo y pimienta, mezclado con hoja de violeta, pachul\u00ed y \u00e1mbar, para caballeros extrovertidos y fuertes, espray EDT de\" width=\"130\" height=\"39\" \/><\/p>\n<h1>DEEP BLUE<\/h1>\n<p>Deep Blue celebra al hombre moderno caracterizado por su fuerte personalidad, fiel a su identidad. Para el hombre que ama cuidarse a s\u00ed mismo, y se destaque con un aspecto pulcro y adecuado a las circunstancias. Es una fragancia de Police que fue lanzada en el a\u00f1o 2019.<\/p>\n<ul class=\"a-unordered-list a-vertical a-spacing-mini\">\n<li class=\"a-spacing-mini\"><span class=\"a-list-item\"><strong>Un aroma cautivador y fuerte:<\/strong> Exige atenci\u00f3n inmediata, el aroma distintivo y acogedor de Deep Blue tiene una personalidad fuerte que no pasar\u00e1 desapercibida. La esencia sensual, creada por expertos artesanos arom\u00e1ticos, es extraordinaria en todos los sentidos.<\/span><\/li>\n<li class=\"a-spacing-mini\"><span class=\"a-list-item\"><strong>Aroma moderno y masculino:<\/strong> El aroma que surge de elemi se transforma en un intenso aroma de geranio, y finalmente se transforma en una atractiva fragancia vetiver. Combinadas, estas notas forman una se\u00f1al incuestionable de deseo.<\/span><\/li>\n<li class=\"a-spacing-mini\"><span class=\"a-list-item\"><strong>Larga duraci\u00f3n:<\/strong> el aroma incomparable y caracter\u00edstico de nuestra fragancia permanece fuerte durante todo el d\u00eda, proporcionando su aroma \u00fanico durante el mayor tiempo posible. Las notas atractivas y atractivas sin duda atraer\u00e1n a otros hacia ti.<\/span><\/li>\n<li class=\"a-spacing-mini\"><span class=\"a-list-item\"><strong>Un toque moderno y fuerte:<\/strong> la atractiva botella de spray Deep Blue revela un movimiento din\u00e1mico en colores negro y azul. Celebre su fuerte personalidad y masculinidad mientras considera calurosamente este notable recipiente.<\/span><\/li>\n<\/ul>\n<h3>Notas Olfativas<\/h3>\n<p><strong>Notas de salida:<\/strong> ruibarbo y resina elem\u00ed.<\/p>\n<p><strong>Notas de coraz\u00f3n:<\/strong> Lavanda provenzal, geranio, notas verdes.<\/p>\n<p><strong>Notas de fondo:<\/strong> vetiver, orcanox y cuero.<\/p>\n","protected":false},"excerpt":{"rendered":"<p>DEEP BLUE Deep Blue celebra al hombre moderno caracterizado por su fuerte personalidad, fiel a su identidad. Para el hombre<\/p>\n","protected":false},"featured_media":83503,"comment_status":"open","ping_status":"closed","template":"","meta":{"nf_dc_page":""},"product_brand":[2029],"product_cat":[84],"product_tag":[2108],"class_list":{"0":"post-83502","1":"product","2":"type-product","3":"status-publish","4":"has-post-thumbnail","6":"product_brand-police","7":"product_cat-perfumeria","8":"product_tag-2108","10":"first","11":"instock","12":"sale","13":"shipping-taxable","14":"purchasable","15":"product-type-simple"},"_links":{"self":[{"href":"https:\/\/brandss.com.py\/index\/wp-json\/wp\/v2\/product\/83502","targetHints":{"allow":["GET"]}}],"collection":[{"href":"https:\/\/brandss.com.py\/index\/wp-json\/wp\/v2\/product"}],"about":[{"href":"https:\/\/brandss.com.py\/index\/wp-json\/wp\/v2\/types\/product"}],"replies":[{"embeddable":true,"href":"https:\/\/brandss.com.py\/index\/wp-json\/wp\/v2\/comments?post=83502"}],"version-history":[{"count":1,"href":"https:\/\/brandss.com.py\/index\/wp-json\/wp\/v2\/product\/83502\/revisions"}],"predecessor-version":[{"id":83510,"href":"https:\/\/brandss.com.py\/index\/wp-json\/wp\/v2\/product\/83502\/revisions\/83510"}],"wp:featuredmedia":[{"embeddable":true,"href":"https:\/\/brandss.com.py\/index\/wp-json\/wp\/v2\/media\/83503"}],"wp:attachment":[{"href":"https:\/\/brandss.com.py\/index\/wp-json\/wp\/v2\/media?parent=83502"}],"wp:term":[{"taxonomy":"product_brand","embeddable":true,"href":"https:\/\/brandss.com.py\/index\/wp-json\/wp\/v2\/product_brand?post=83502"},{"taxonomy":"product_cat","embeddable":true,"href":"https:\/\/brandss.com.py\/index\/wp-json\/wp\/v2\/product_cat?post=83502"},{"taxonomy":"product_tag","embeddable":true,"href":"https:\/\/brandss.com.py\/index\/wp-json\/wp\/v2\/product_tag?post=83502"}],"curies":[{"name":"wp","href":"https:\/\/api.w.org\/{rel}","templated":true}]}}