{"id":83511,"date":"2025-06-02T12:13:47","date_gmt":"2025-06-02T12:13:47","guid":{"rendered":"https:\/\/brandss.com.py\/index\/?post_type=product&#038;p=83511"},"modified":"2026-04-02T11:01:50","modified_gmt":"2026-04-02T11:01:50","slug":"perfume-masculino-police-to-be-my-avatar-edt-125ml","status":"publish","type":"product","link":"https:\/\/brandss.com.py\/index\/producto\/perfume-masculino-police-to-be-my-avatar-edt-125ml\/","title":{"rendered":"PERFUME MASCULINO POLICE TO BE MY AVATAR EDT 125ML"},"content":{"rendered":"<p><img loading=\"lazy\" decoding=\"async\" class=\"\" src=\"https:\/\/1000marcas.net\/wp-content\/uploads\/2020\/03\/logo-Police.png\" alt=\"Police Logo - s\u00edmbolo, significado logotipo, historia, PNG\" width=\"98\" height=\"55\" \/><\/p>\n<h1>TO BE MY AVATAR<\/h1>\n<p>Es m\u00e1s que una simple fragancia; es toda una declaraci\u00f3n de intenciones. Ya sea para una reuni\u00f3n de negocios o para una salida nocturna, esta fragancia realzar\u00e1 tu presencia con su sofisticada y din\u00e1mica mezcla. To Be My.Avatar es un complemento imprescindible para cualquier colecci\u00f3n de fragancias. Sum\u00e9rgete en la sofisticaci\u00f3n arom\u00e1tica con la \u00faltima creaci\u00f3n de Police y deja que tu fragancia refleje tu estilo personal.<\/p>\n<p>&nbsp;<\/p>\n<h3>Notas Olfativas<\/h3>\n<p>&nbsp;<\/p>\n<p>To Be My.Avatar pertenece a la familia de fragancias Arom\u00e1ticas Amaderadas, ofreciendo un aroma rico y acogedor. Comienza con una emocionante explosi\u00f3n de cardamomo guatemalteco, resinas y lim\u00f3n italiano, creando un tono intenso y refrescante. En el coraz\u00f3n de la fragancia, experimentar\u00e1s la combinaci\u00f3n \u00fanica de flor de azahar, artemisa y un toque de sal, creando un perfil intrigante y complejo. Finalmente, el aroma se asienta en una base c\u00e1lida y sensual de madera de guayaco, ron y cacao, dejando una estela memorable que perdura mucho despu\u00e9s de salir de la habitaci\u00f3n.<\/p>\n<p>Lanzada en 2024, esta fragancia es una mezcla magistral que te transportar\u00e1 a un mundo de sofisticaci\u00f3n y encanto.<\/p>\n<p><strong>Notas de salida:<\/strong> cardamomo guatemalteco, resinas y lim\u00f3n italiano (lima italiana)<\/p>\n<p><strong>Notas de coraz\u00f3n:<\/strong> flor de azahar del naranjo, abr\u00f3tano y sal<\/p>\n<p><strong>Notas de fondo:<\/strong> madera de gaiac, cacao y ron.<\/p>\n","protected":false},"excerpt":{"rendered":"<p>TO BE MY AVATAR Es m\u00e1s que una simple fragancia; es toda una declaraci\u00f3n de intenciones. Ya sea para una<\/p>\n","protected":false},"featured_media":83512,"comment_status":"open","ping_status":"closed","template":"","meta":{"nf_dc_page":""},"product_brand":[2029],"product_cat":[84],"product_tag":[2109],"class_list":{"0":"post-83511","1":"product","2":"type-product","3":"status-publish","4":"has-post-thumbnail","6":"product_brand-police","7":"product_cat-perfumeria","8":"product_tag-2109","10":"first","11":"instock","12":"sale","13":"shipping-taxable","14":"purchasable","15":"product-type-simple"},"_links":{"self":[{"href":"https:\/\/brandss.com.py\/index\/wp-json\/wp\/v2\/product\/83511","targetHints":{"allow":["GET"]}}],"collection":[{"href":"https:\/\/brandss.com.py\/index\/wp-json\/wp\/v2\/product"}],"about":[{"href":"https:\/\/brandss.com.py\/index\/wp-json\/wp\/v2\/types\/product"}],"replies":[{"embeddable":true,"href":"https:\/\/brandss.com.py\/index\/wp-json\/wp\/v2\/comments?post=83511"}],"version-history":[{"count":2,"href":"https:\/\/brandss.com.py\/index\/wp-json\/wp\/v2\/product\/83511\/revisions"}],"predecessor-version":[{"id":83517,"href":"https:\/\/brandss.com.py\/index\/wp-json\/wp\/v2\/product\/83511\/revisions\/83517"}],"wp:featuredmedia":[{"embeddable":true,"href":"https:\/\/brandss.com.py\/index\/wp-json\/wp\/v2\/media\/83512"}],"wp:attachment":[{"href":"https:\/\/brandss.com.py\/index\/wp-json\/wp\/v2\/media?parent=83511"}],"wp:term":[{"taxonomy":"product_brand","embeddable":true,"href":"https:\/\/brandss.com.py\/index\/wp-json\/wp\/v2\/product_brand?post=83511"},{"taxonomy":"product_cat","embeddable":true,"href":"https:\/\/brandss.com.py\/index\/wp-json\/wp\/v2\/product_cat?post=83511"},{"taxonomy":"product_tag","embeddable":true,"href":"https:\/\/brandss.com.py\/index\/wp-json\/wp\/v2\/product_tag?post=83511"}],"curies":[{"name":"wp","href":"https:\/\/api.w.org\/{rel}","templated":true}]}}