{"id":83518,"date":"2025-06-02T13:29:44","date_gmt":"2025-06-02T13:29:44","guid":{"rendered":"https:\/\/brandss.com.py\/index\/?post_type=product&#038;p=83518"},"modified":"2026-03-12T12:11:50","modified_gmt":"2026-03-12T12:11:50","slug":"perfume-masculino-police-to-be-or-not-be-edt-125ml","status":"publish","type":"product","link":"https:\/\/brandss.com.py\/index\/producto\/perfume-masculino-police-to-be-or-not-be-edt-125ml\/","title":{"rendered":"PERFUME MASCULINO POLICE TO BE OR NOT BE EDT 125ML"},"content":{"rendered":"<p><img loading=\"lazy\" decoding=\"async\" class=\"\" src=\"https:\/\/1000marcas.net\/wp-content\/uploads\/2020\/03\/logo-Police.png\" alt=\"Police Logo - s\u00edmbolo, significado logotipo, historia, PNG\" width=\"78\" height=\"44\" \/><\/p>\n<h1>TO BE OR NOT BE<\/h1>\n<p>La esencia de TO BE representa una expresi\u00f3n inigualable del poder masculino y los contrastes de la vida. Sum\u00e9rgete en la esencia de la masculinidad y el estilo con la fragancia Police To Be para hombre. Esta cautivadora colecci\u00f3n rinde homenaje al hombre moderno que irradia confianza, encanto y un inconfundible aura de intriga. Con cada rociado, te sumergir\u00e1s en un mundo de sofisticaci\u00f3n y encanto que deja una huella imborrable.<img loading=\"lazy\" decoding=\"async\" class=\"alignleft\" src=\"https:\/\/m.media-amazon.com\/images\/I\/91P-vhxi8RL._SL1500_.jpg\" width=\"701\" height=\"1051\" \/><\/p>\n<ul class=\"a-unordered-list a-vertical a-spacing-mini\">\n<li class=\"a-spacing-mini\"><span class=\"a-list-item\"><strong>Encarga al hombre contempor\u00e1neo:<\/strong><br \/>\nTodos los que pasan se sienten atra\u00eddos por la sorprendente esencia de este perfume y su aroma persistente, que llama la atenci\u00f3n.<\/span><\/li>\n<li class=\"a-spacing-mini\"><span class=\"a-list-item\"><strong>Un aroma s\u00faper seductor:<\/strong> Exige atenci\u00f3n inmediata, el aroma distintivo y acogedor de To Be Bad Guy recuerda sentimientos de sensualidad seductora. La esencia sensual, creada por expertos artesanos arom\u00e1ticos, es extraordinaria en todos los sentidos.<\/span><\/li>\n<li class=\"a-spacing-mini\"><span class=\"a-list-item\"><strong>Larga duraci\u00f3n:<\/strong><br \/>\nEl aroma incomparable y caracter\u00edstico de nuestra fragancia permanece fuerte durante todo el d\u00eda, proporcionando su aroma \u00fanico durante el mayor tiempo posible. Las notas atractivas y atractivas sin duda atraer\u00e1n a otros hacia ti.<\/span><\/li>\n<li class=\"a-spacing-mini\"><span class=\"a-list-item\"><strong>Accesorio perfecto para hombres elegantes:<\/strong><br \/>\nEsta ic\u00f3nica fragancia est\u00e1 empaquetada en una botella de cristal con una placa Police de metal como detalle. To Be es un elixir magn\u00e9tico muy atractivo que es m\u00e1gicamente atractivo con un juego de luces y sombras.<\/span><\/li>\n<li class=\"a-spacing-mini\"><span class=\"a-list-item\"><strong>Mirando al futuro:<br \/>\n<\/strong>A trav\u00e9s de soluciones innovadoras e inteligentes, creamos productos exitosos para nuestras marcas de casas y marcas de licencia que se dedican a satisfacer los deseos de nuestros clientes.<\/span><\/li>\n<\/ul>\n<p>&nbsp;<\/p>\n<h3>Notas Olfativas<\/h3>\n<p>&nbsp;<\/p>\n<p>La elegancia viril de la pimienta negra es minimizada por los tonos afrutados del pomelo y la frescura delas hojas de violeta. El coraz\u00f3n se desarrolla alrededor de un acorde luminoso de flores de manzano y desemboca en una c\u00f3moda base de maderade cedro, pachul\u00ed y \u00e1mbar blanco. Frutal amaderada To be lanzada en 2011, su perfume amaderado especiado ideal para hombres que prefieren los perfumes frescos pero muy masculinos. To Be es un perfume recomendado parar todo uso por su frescor y suavidad olfativa.<\/p>\n<p><strong>Notas de salida:<\/strong> Pomelo, hojas de violeta, pimienta negra.<\/p>\n<p><strong>Notas de coraz\u00f3n:<\/strong> Flor de manzana, geranio, madera de cedro.<\/p>\n<p><strong>Notas de fondo:<\/strong> Madera de cachemira, pachuli, ambar.<\/p>\n<p>&nbsp;<\/p>\n","protected":false},"excerpt":{"rendered":"<p>TO BE OR NOT BE La esencia de TO BE representa una expresi\u00f3n inigualable del poder masculino y los contrastes<\/p>\n","protected":false},"featured_media":83519,"comment_status":"open","ping_status":"closed","template":"","meta":{"nf_dc_page":""},"product_brand":[2029],"product_cat":[84],"product_tag":[2110],"class_list":{"0":"post-83518","1":"product","2":"type-product","3":"status-publish","4":"has-post-thumbnail","6":"product_brand-police","7":"product_cat-perfumeria","8":"product_tag-2110","10":"first","11":"outofstock","12":"shipping-taxable","13":"purchasable","14":"product-type-simple"},"_links":{"self":[{"href":"https:\/\/brandss.com.py\/index\/wp-json\/wp\/v2\/product\/83518","targetHints":{"allow":["GET"]}}],"collection":[{"href":"https:\/\/brandss.com.py\/index\/wp-json\/wp\/v2\/product"}],"about":[{"href":"https:\/\/brandss.com.py\/index\/wp-json\/wp\/v2\/types\/product"}],"replies":[{"embeddable":true,"href":"https:\/\/brandss.com.py\/index\/wp-json\/wp\/v2\/comments?post=83518"}],"version-history":[{"count":3,"href":"https:\/\/brandss.com.py\/index\/wp-json\/wp\/v2\/product\/83518\/revisions"}],"predecessor-version":[{"id":83530,"href":"https:\/\/brandss.com.py\/index\/wp-json\/wp\/v2\/product\/83518\/revisions\/83530"}],"wp:featuredmedia":[{"embeddable":true,"href":"https:\/\/brandss.com.py\/index\/wp-json\/wp\/v2\/media\/83519"}],"wp:attachment":[{"href":"https:\/\/brandss.com.py\/index\/wp-json\/wp\/v2\/media?parent=83518"}],"wp:term":[{"taxonomy":"product_brand","embeddable":true,"href":"https:\/\/brandss.com.py\/index\/wp-json\/wp\/v2\/product_brand?post=83518"},{"taxonomy":"product_cat","embeddable":true,"href":"https:\/\/brandss.com.py\/index\/wp-json\/wp\/v2\/product_cat?post=83518"},{"taxonomy":"product_tag","embeddable":true,"href":"https:\/\/brandss.com.py\/index\/wp-json\/wp\/v2\/product_tag?post=83518"}],"curies":[{"name":"wp","href":"https:\/\/api.w.org\/{rel}","templated":true}]}}