{"id":83531,"date":"2025-06-02T14:51:01","date_gmt":"2025-06-02T14:51:01","guid":{"rendered":"https:\/\/brandss.com.py\/index\/?post_type=product&#038;p=83531"},"modified":"2026-03-20T10:38:36","modified_gmt":"2026-03-20T10:38:36","slug":"perfume-femenino-morgan-black-edp-100ml","status":"publish","type":"product","link":"https:\/\/brandss.com.py\/index\/producto\/perfume-femenino-morgan-black-edp-100ml\/","title":{"rendered":"PERFUME FEMENINO MORGAN BLACK EDP 100ML"},"content":{"rendered":"<p><img loading=\"lazy\" decoding=\"async\" class=\"\" src=\"https:\/\/fimgs.net\/mdimg\/dizajneri\/o.282.jpg\" alt=\"Morgan Fragancias Y Colonias\" width=\"109\" height=\"71\" \/><\/p>\n<h1>BLACK<\/h1>\n<p><span>Una fragancia magn\u00e9tica y misteriosa con notas especiadas y picantes, mezcladas con la redondez de una nota gourmet acentuada por un toque de caf\u00e9.\u00a0<\/span><\/p>\n<h3>Notas Olfativas<\/h3>\n<p>Black se lanz\u00f3 en 2016. La nariz detr\u00e1s de esta fragancia es J\u00e9r\u00f4me di Marino.<\/p>\n<p><strong>Notas de salida:<\/strong> pimienta y fresia.<\/p>\n<p><strong>Notas de coraz\u00f3n:<\/strong> caf\u00e9, caramelo, flor de naranjo y coco.<\/p>\n<p><strong>Notas de fondo:<\/strong> vainilla, s\u00e1ndalo y almizcle.<\/p>\n","protected":false},"excerpt":{"rendered":"<p>BLACK Una fragancia magn\u00e9tica y misteriosa con notas especiadas y picantes, mezcladas con la redondez de una nota gourmet acentuada<\/p>\n","protected":false},"featured_media":83532,"comment_status":"open","ping_status":"closed","template":"","meta":{"nf_dc_page":""},"product_brand":[2039],"product_cat":[84],"product_tag":[2111],"class_list":{"0":"post-83531","1":"product","2":"type-product","3":"status-publish","4":"has-post-thumbnail","6":"product_brand-morgan","7":"product_cat-perfumeria","8":"product_tag-2111","10":"first","11":"instock","12":"shipping-taxable","13":"purchasable","14":"product-type-simple"},"_links":{"self":[{"href":"https:\/\/brandss.com.py\/index\/wp-json\/wp\/v2\/product\/83531","targetHints":{"allow":["GET"]}}],"collection":[{"href":"https:\/\/brandss.com.py\/index\/wp-json\/wp\/v2\/product"}],"about":[{"href":"https:\/\/brandss.com.py\/index\/wp-json\/wp\/v2\/types\/product"}],"replies":[{"embeddable":true,"href":"https:\/\/brandss.com.py\/index\/wp-json\/wp\/v2\/comments?post=83531"}],"version-history":[{"count":1,"href":"https:\/\/brandss.com.py\/index\/wp-json\/wp\/v2\/product\/83531\/revisions"}],"predecessor-version":[{"id":83537,"href":"https:\/\/brandss.com.py\/index\/wp-json\/wp\/v2\/product\/83531\/revisions\/83537"}],"wp:featuredmedia":[{"embeddable":true,"href":"https:\/\/brandss.com.py\/index\/wp-json\/wp\/v2\/media\/83532"}],"wp:attachment":[{"href":"https:\/\/brandss.com.py\/index\/wp-json\/wp\/v2\/media?parent=83531"}],"wp:term":[{"taxonomy":"product_brand","embeddable":true,"href":"https:\/\/brandss.com.py\/index\/wp-json\/wp\/v2\/product_brand?post=83531"},{"taxonomy":"product_cat","embeddable":true,"href":"https:\/\/brandss.com.py\/index\/wp-json\/wp\/v2\/product_cat?post=83531"},{"taxonomy":"product_tag","embeddable":true,"href":"https:\/\/brandss.com.py\/index\/wp-json\/wp\/v2\/product_tag?post=83531"}],"curies":[{"name":"wp","href":"https:\/\/api.w.org\/{rel}","templated":true}]}}