{"id":83538,"date":"2025-06-02T17:07:43","date_gmt":"2025-06-02T17:07:43","guid":{"rendered":"https:\/\/brandss.com.py\/index\/?post_type=product&#038;p=83538"},"modified":"2025-12-12T16:52:24","modified_gmt":"2025-12-12T16:52:24","slug":"perfume-femenino-trussardi-donna-edp-100ml","status":"publish","type":"product","link":"https:\/\/brandss.com.py\/index\/producto\/perfume-femenino-trussardi-donna-edp-100ml\/","title":{"rendered":"PERFUME FEMENINO TRUSSARDI DONNA EDP 100ML"},"content":{"rendered":"<p><img loading=\"lazy\" decoding=\"async\" class=\"\" src=\"https:\/\/1000logos.net\/wp-content\/uploads\/2020\/04\/Trussardi-Logo-2010.png\" alt=\"Trussardi Logo and symbol, meaning, history, PNG, brand\" width=\"153\" height=\"86\" \/><\/p>\n<h1>DONNA<\/h1>\n<p>El blanco es seductoramente femenino. La fragancia Trussardi Donna expresa una feminidad moderna llena de carisma, aura, belleza radiante, sensualidad, encanto y lujo. Trussardi Donna encarna la pureza y la pasi\u00f3n del blanco. Trussardi Donna se inspira en la feminidad envolvente de su botella blanca brillante con detalles dorados. Este aroma llevar\u00e1 tus sentidos en un viaje de pureza a pasi\u00f3n.<\/p>\n<p><img loading=\"lazy\" decoding=\"async\" class=\"alignleft\" src=\"https:\/\/www.lmching.com\/cdn\/shop\/files\/trussardi-1911-donna-eau-de-parfum-30ml-100ml-lmching-group-limited-3_1800x1800.jpg?v=1745651867\" width=\"615\" height=\"615\" \/><\/p>\n<h3>Notas Olfativas<\/h3>\n<p>&nbsp;<\/p>\n<p>En la primera inhalaci\u00f3n, atrapa toques afrutados creados por las vibrantes notas de yuzu, la cidra ligeramente inmadura y la frescura de la fruta del agua. Las notas medias se desarrollan a trav\u00e9s de los ligeros toques de flores blancas, el car\u00e1cter soleado de los azahares y la sofisticaci\u00f3n del t\u00e9 de jazm\u00edn, terminando con un delicado lirio de agua. Las notas de fondo envuelven la nariz con sus intensos matices amaderados. Trussardi Donna tira del velo hacia atr\u00e1s en una fragancia irresistiblemente seductora.<\/p>\n<ul>\n<li><strong>Notas de salida:<\/strong> notas frutales, yuzu, lim\u00f3n de Amalfi.<\/li>\n<\/ul>\n<ul>\n<li><strong>Notas de coraz\u00f3n:<\/strong> Jazm\u00edn, flor de naranja africana, loto.<\/li>\n<\/ul>\n<ul>\n<li><strong>Notas de fondo:<\/strong> vainilla, s\u00e1ndalo, pachul\u00ed, cedro de Virginia.<\/li>\n<\/ul>\n","protected":false},"excerpt":{"rendered":"<p>DONNA El blanco es seductoramente femenino. La fragancia Trussardi Donna expresa una feminidad moderna llena de carisma, aura, belleza radiante,<\/p>\n","protected":false},"featured_media":83539,"comment_status":"open","ping_status":"closed","template":"","meta":{"nf_dc_page":""},"product_brand":[2112],"product_cat":[84],"product_tag":[2113],"class_list":{"0":"post-83538","1":"product","2":"type-product","3":"status-publish","4":"has-post-thumbnail","6":"product_brand-trussardi","7":"product_cat-perfumeria","8":"product_tag-2113","10":"first","11":"instock","12":"sale","13":"shipping-taxable","14":"purchasable","15":"product-type-simple"},"_links":{"self":[{"href":"https:\/\/brandss.com.py\/index\/wp-json\/wp\/v2\/product\/83538","targetHints":{"allow":["GET"]}}],"collection":[{"href":"https:\/\/brandss.com.py\/index\/wp-json\/wp\/v2\/product"}],"about":[{"href":"https:\/\/brandss.com.py\/index\/wp-json\/wp\/v2\/types\/product"}],"replies":[{"embeddable":true,"href":"https:\/\/brandss.com.py\/index\/wp-json\/wp\/v2\/comments?post=83538"}],"version-history":[{"count":1,"href":"https:\/\/brandss.com.py\/index\/wp-json\/wp\/v2\/product\/83538\/revisions"}],"predecessor-version":[{"id":83546,"href":"https:\/\/brandss.com.py\/index\/wp-json\/wp\/v2\/product\/83538\/revisions\/83546"}],"wp:featuredmedia":[{"embeddable":true,"href":"https:\/\/brandss.com.py\/index\/wp-json\/wp\/v2\/media\/83539"}],"wp:attachment":[{"href":"https:\/\/brandss.com.py\/index\/wp-json\/wp\/v2\/media?parent=83538"}],"wp:term":[{"taxonomy":"product_brand","embeddable":true,"href":"https:\/\/brandss.com.py\/index\/wp-json\/wp\/v2\/product_brand?post=83538"},{"taxonomy":"product_cat","embeddable":true,"href":"https:\/\/brandss.com.py\/index\/wp-json\/wp\/v2\/product_cat?post=83538"},{"taxonomy":"product_tag","embeddable":true,"href":"https:\/\/brandss.com.py\/index\/wp-json\/wp\/v2\/product_tag?post=83538"}],"curies":[{"name":"wp","href":"https:\/\/api.w.org\/{rel}","templated":true}]}}