{"id":83547,"date":"2025-06-02T18:34:54","date_gmt":"2025-06-02T18:34:54","guid":{"rendered":"https:\/\/brandss.com.py\/index\/?post_type=product&#038;p=83547"},"modified":"2026-03-12T12:13:26","modified_gmt":"2026-03-12T12:13:26","slug":"perfume-masculino-trussardi-uomo-edt-100ml","status":"publish","type":"product","link":"https:\/\/brandss.com.py\/index\/producto\/perfume-masculino-trussardi-uomo-edt-100ml\/","title":{"rendered":"PERFUME MASCULINO TRUSSARDI UOMO EDT 100ML"},"content":{"rendered":"<p><img loading=\"lazy\" decoding=\"async\" class=\"\" src=\"https:\/\/1000logos.net\/wp-content\/uploads\/2020\/04\/Trussardi-Logo-2010.png\" alt=\"Trussardi Logo and symbol, meaning, history, PNG, brand\" width=\"133\" height=\"75\" \/><\/p>\n<h1>UOMO<\/h1>\n<p>Un nuevo d\u00eda, una nueva oportunidad para afrontar retos. El eau de toilette para hombre Trussardi Uomo refrescar\u00e1 tu mente para que puedas seguir tu instinto con valent\u00eda. L\u00e1nzate al encuentro de la aventura diaria. Fragancia que inspira confianza. La rica textura refresca tus sentidos, el aroma suave y sensual la convierte en una elecci\u00f3n seductora. Los ingredientes mezclados entre s\u00ed dan un aroma espectacular que mostrarnos en esta fragancia. El frasco negro intenso da consistencia a una fragancia de tonos decididamente pasionales y decididos.<\/p>\n<ul>\n<li>Fragancia amaderada, arom\u00e1tica con notas herbales.<\/li>\n<li>Apreciada por todos los caballeros modernos.<\/li>\n<li>Fragancia c\u00e1lida, ideal para las \u00e9pocas fr\u00edas.<\/li>\n<\/ul>\n<h3><img loading=\"lazy\" decoding=\"async\" class=\"alignleft\" src=\"https:\/\/www.trussardiparfums.com\/media\/catalog\/product\/cache\/ab4ba6098342bcaf57be6a6bada936d7\/t\/r\/trussardi_parfums_1911_donna_e_uomo_4.jpg\" width=\"602\" height=\"814\" \/><\/h3>\n<h3>Notas Olfativas<\/h3>\n<p>&nbsp;<\/p>\n<p>UOMO para hombre que se incluye en la familia Arom\u00e1tica. Se trata de un aroma con facetas cl\u00e1sicas y tradicionales, inspirada en la elegancia que caracteriza al hombre italiano, rebosante de refinamiento y una virilidad cautivante.<\/p>\n<p>Esta fragancia fue lanzada en el a\u00f1o 2011 por el perfumista Aurelien Guichard. Para su creaci\u00f3n el maestro se centro en la b\u00fasqueda de aromas de la propia tierra que pudieran transmitirnos la pasi\u00f3n y la belleza que \u00e9sta y gente desprende. Una belleza galante y sofisticada con un trasfondo seductor y ardiente.<\/p>\n<p>Su estela inicia con un cautivante acorde formado por bergamota, lim\u00f3n de Amalfi, g\u00e1lbano y nuez moscada, una fusi\u00f3n especiada y muy mediterr\u00e1nea que nos dirige hacia un coraz\u00f3n m\u00e1s refinado y de car\u00e1cter floral, compuesto por violeta, esclarea y geranio. Finalmente, su ciclo finaliza con notas como cuero, pachul\u00ed y musgo de roble, coronando a la fragancia con un punto de irresistible calidez.<\/p>\n<p><strong>Nota de salida: <\/strong>Lim\u00f3n italiano, Bergamota, Nuez moscada.<\/p>\n<p><strong>Nota de coraz\u00f3n: <\/strong>Salvia Sclarea, Geranio, Violeta.<\/p>\n<p><strong>Nota de fondo: <\/strong>Patchouli, Almizcle, Acuerdo de cuero.<\/p>\n","protected":false},"excerpt":{"rendered":"<p>UOMO Un nuevo d\u00eda, una nueva oportunidad para afrontar retos. El eau de toilette para hombre Trussardi Uomo refrescar\u00e1 tu<\/p>\n","protected":false},"featured_media":83548,"comment_status":"open","ping_status":"closed","template":"","meta":{"nf_dc_page":""},"product_brand":[2112],"product_cat":[84],"product_tag":[2114],"class_list":{"0":"post-83547","1":"product","2":"type-product","3":"status-publish","4":"has-post-thumbnail","6":"product_brand-trussardi","7":"product_cat-perfumeria","8":"product_tag-2114","10":"first","11":"instock","12":"sale","13":"shipping-taxable","14":"purchasable","15":"product-type-simple"},"_links":{"self":[{"href":"https:\/\/brandss.com.py\/index\/wp-json\/wp\/v2\/product\/83547","targetHints":{"allow":["GET"]}}],"collection":[{"href":"https:\/\/brandss.com.py\/index\/wp-json\/wp\/v2\/product"}],"about":[{"href":"https:\/\/brandss.com.py\/index\/wp-json\/wp\/v2\/types\/product"}],"replies":[{"embeddable":true,"href":"https:\/\/brandss.com.py\/index\/wp-json\/wp\/v2\/comments?post=83547"}],"version-history":[{"count":1,"href":"https:\/\/brandss.com.py\/index\/wp-json\/wp\/v2\/product\/83547\/revisions"}],"predecessor-version":[{"id":83556,"href":"https:\/\/brandss.com.py\/index\/wp-json\/wp\/v2\/product\/83547\/revisions\/83556"}],"wp:featuredmedia":[{"embeddable":true,"href":"https:\/\/brandss.com.py\/index\/wp-json\/wp\/v2\/media\/83548"}],"wp:attachment":[{"href":"https:\/\/brandss.com.py\/index\/wp-json\/wp\/v2\/media?parent=83547"}],"wp:term":[{"taxonomy":"product_brand","embeddable":true,"href":"https:\/\/brandss.com.py\/index\/wp-json\/wp\/v2\/product_brand?post=83547"},{"taxonomy":"product_cat","embeddable":true,"href":"https:\/\/brandss.com.py\/index\/wp-json\/wp\/v2\/product_cat?post=83547"},{"taxonomy":"product_tag","embeddable":true,"href":"https:\/\/brandss.com.py\/index\/wp-json\/wp\/v2\/product_tag?post=83547"}],"curies":[{"name":"wp","href":"https:\/\/api.w.org\/{rel}","templated":true}]}}