{"id":83557,"date":"2025-06-03T11:06:14","date_gmt":"2025-06-03T11:06:14","guid":{"rendered":"https:\/\/brandss.com.py\/index\/?post_type=product&#038;p=83557"},"modified":"2025-12-11T19:04:25","modified_gmt":"2025-12-11T19:04:25","slug":"perfume-masculino-lotto-finest-green-edt-100ml","status":"publish","type":"product","link":"https:\/\/brandss.com.py\/index\/producto\/perfume-masculino-lotto-finest-green-edt-100ml\/","title":{"rendered":"PERFUME MASCULINO LOTTO FINEST GREEN EDT 100ML"},"content":{"rendered":"<p><img loading=\"lazy\" decoding=\"async\" class=\"\" src=\"https:\/\/upload.wikimedia.org\/wikipedia\/commons\/4\/44\/Lotto-logo-Performance.png\" alt=\"Archivo:Lotto-logo-Performance.png - Wikipedia, la enciclopedia libre\" width=\"102\" height=\"54\" \/><\/p>\n<h1>FINEST GREEN<\/h1>\n<p>Descubre el refrescante encanto de Finest Green, una fragancia que encarna el esp\u00edritu aventurero y la vitalidad. Este cautivador aroma es perfecto para quienes buscan una dosis extra de energ\u00eda en su d\u00eda a d\u00eda. Con sus vibrantes notas, Finest Green te invita a vivir la vida con entusiasmo y confianza. Ya sea que vayas a la oficina o disfrutes de una escapada de fin de semana, Lotto Finest Green es el compa\u00f1ero perfecto para realzar tu presencia. Sum\u00e9rgete en la esencia de la frescura y deja que esta deliciosa fragancia eleve tus momentos cotidianos.<\/p>\n<p>La fragancia se abre con una mezcla c\u00edtrica que revitaliza los sentidos, convirti\u00e9ndola en una opci\u00f3n ideal tanto para salidas informales como para ocasiones especiales. A medida que evoluciona, revela un equilibrio armonioso de elementos arom\u00e1ticos que crean una experiencia olfativa \u00fanica. Cada rociado te transporta a un jard\u00edn soleado, donde te envuelve la frescura de la naturaleza.<\/p>\n<p>Finets Green revela delicadeza, tecnicidad y precisi\u00f3n. \u00a1Su aroma fresco amaderado revela la fuerza de un campe\u00f3n! El dise\u00f1o de los frascos de eau de toilette Lotto destaca el car\u00e1cter deportivo y contempor\u00e1neo del producto. Evaflorparis ha creado especialmente para ustedes, hombres, un aroma irresistible que dura todo el d\u00eda.<\/p>\n<p>&nbsp;<\/p>\n<h3>Notas Olfativas<\/h3>\n<p>&nbsp;<\/p>\n<p>Finest Green\u00a0de\u00a0Lotto\u00a0es una fragancia de la familia olfativa Amaderada Arom\u00e1tica para Hombres. Esta fragrancia es nueva.\u00a0Finest Green\u00a0se lanz\u00f3 en 2024.<\/p>\n<p><strong>Notas de salida:<\/strong> bergamota, lavanda, manzana.<\/p>\n<p><strong>Notas de coraz\u00f3n:<\/strong> sand\u00eda, madera de cedro, c\u00e1lamo.<\/p>\n<p><strong>Notas de fondo:<\/strong> s\u00e1ndalo, pachul\u00ed, \u00e1mbar.<\/p>\n","protected":false},"excerpt":{"rendered":"<p>FINEST GREEN Descubre el refrescante encanto de Finest Green, una fragancia que encarna el esp\u00edritu aventurero y la vitalidad. Este<\/p>\n","protected":false},"featured_media":83558,"comment_status":"open","ping_status":"closed","template":"","meta":{"nf_dc_page":""},"product_brand":[1399],"product_cat":[84],"product_tag":[2115],"class_list":{"0":"post-83557","1":"product","2":"type-product","3":"status-publish","4":"has-post-thumbnail","6":"product_brand-lotto","7":"product_cat-perfumeria","8":"product_tag-2115","10":"first","11":"outofstock","12":"shipping-taxable","13":"purchasable","14":"product-type-simple"},"_links":{"self":[{"href":"https:\/\/brandss.com.py\/index\/wp-json\/wp\/v2\/product\/83557","targetHints":{"allow":["GET"]}}],"collection":[{"href":"https:\/\/brandss.com.py\/index\/wp-json\/wp\/v2\/product"}],"about":[{"href":"https:\/\/brandss.com.py\/index\/wp-json\/wp\/v2\/types\/product"}],"replies":[{"embeddable":true,"href":"https:\/\/brandss.com.py\/index\/wp-json\/wp\/v2\/comments?post=83557"}],"version-history":[{"count":2,"href":"https:\/\/brandss.com.py\/index\/wp-json\/wp\/v2\/product\/83557\/revisions"}],"predecessor-version":[{"id":83561,"href":"https:\/\/brandss.com.py\/index\/wp-json\/wp\/v2\/product\/83557\/revisions\/83561"}],"wp:featuredmedia":[{"embeddable":true,"href":"https:\/\/brandss.com.py\/index\/wp-json\/wp\/v2\/media\/83558"}],"wp:attachment":[{"href":"https:\/\/brandss.com.py\/index\/wp-json\/wp\/v2\/media?parent=83557"}],"wp:term":[{"taxonomy":"product_brand","embeddable":true,"href":"https:\/\/brandss.com.py\/index\/wp-json\/wp\/v2\/product_brand?post=83557"},{"taxonomy":"product_cat","embeddable":true,"href":"https:\/\/brandss.com.py\/index\/wp-json\/wp\/v2\/product_cat?post=83557"},{"taxonomy":"product_tag","embeddable":true,"href":"https:\/\/brandss.com.py\/index\/wp-json\/wp\/v2\/product_tag?post=83557"}],"curies":[{"name":"wp","href":"https:\/\/api.w.org\/{rel}","templated":true}]}}