{"id":83562,"date":"2025-06-03T11:30:32","date_gmt":"2025-06-03T11:30:32","guid":{"rendered":"https:\/\/brandss.com.py\/index\/?post_type=product&#038;p=83562"},"modified":"2025-12-11T19:04:52","modified_gmt":"2025-12-11T19:04:52","slug":"perfume-masculino-lotto-great-power-edt-100ml","status":"publish","type":"product","link":"https:\/\/brandss.com.py\/index\/producto\/perfume-masculino-lotto-great-power-edt-100ml\/","title":{"rendered":"PERFUME MASCULINO LOTTO GREAT POWER EDT 100ML"},"content":{"rendered":"<p><img loading=\"lazy\" decoding=\"async\" class=\"\" src=\"https:\/\/upload.wikimedia.org\/wikipedia\/commons\/4\/44\/Lotto-logo-Performance.png\" alt=\"Archivo:Lotto-logo-Performance.png - Wikipedia, la enciclopedia libre\" width=\"104\" height=\"55\" \/><\/p>\n<h1>GREAT POWER<\/h1>\n<p><span>Experimenta la vibrante esencia Great Power, una fragancia que evoca energ\u00eda y confianza. Creada por la reconocida marca Lotto, esta fragancia est\u00e1 dise\u00f1ada para quienes disfrutan de la vida con entusiasmo. Sus notas vigorizantes crean un aroma refrescante que perdura durante todo el d\u00eda, convirti\u00e9ndolo en el compa\u00f1ero perfecto para cualquier ocasi\u00f3n. Ya sea que vayas a la oficina o disfrutes de una salida nocturna, esta fragancia realzar\u00e1 tu presencia y dejar\u00e1 una huella imborrable.<\/span><\/p>\n<p><span>Great Power no es solo una fragancia; es toda una declaraci\u00f3n de intenciones. Con su mezcla \u00fanica de elementos arom\u00e1ticos, captura el esp\u00edritu aventurero y la emoci\u00f3n de nuevas experiencias. Su elegante y estilizada botella refleja la modernidad de la fragancia, convirti\u00e9ndola en una encantadora adici\u00f3n a tu colecci\u00f3n. Libera tu fuerza interior y deja que Lotto Great Power sea el toque final a tu rutina diaria.\u00a0<\/span><\/p>\n<ul class=\"a-unordered-list a-vertical a-spacing-mini\">\n<li class=\"a-spacing-mini\"><span class=\"a-list-item\">Geat power revela poder, resistencia y mente. \u00a1Su aroma c\u00edtrico sobre una base amaderada picante est\u00e1 hecho para el hombre que cree en s\u00ed mismo y en su \u00e9xito!<\/span><\/li>\n<li class=\"a-spacing-mini\"><span class=\"a-list-item\">El dise\u00f1o de las botellas de Great Power destaca el car\u00e1cter deportivo y contempor\u00e1neo del producto<\/span><\/li>\n<li class=\"a-spacing-mini\"><span class=\"a-list-item\">EVAFLORPARIS ha creado especialmente para ustedes, un aroma irresistible que dura todo el d\u00eda<\/span><\/li>\n<\/ul>\n<h3><\/h3>\n<h3>Notas Olfativas<\/h3>\n<p>&nbsp;<\/p>\n<p>Great power revela potencia, resistencia y mente. Su aroma c\u00edtrico sobre una base de madera picante est\u00e1 hecho para el hombre que cree en s\u00ed mismo y en su \u00e9xito<\/p>\n<p><strong>Notas de salida:<\/strong> mandarina, canela, manzana, naranja.<\/p>\n<p><strong>Notas de coraz\u00f3n:<\/strong> jazm\u00edn, flor de azahar, cardamomo, nuez moscada.<\/p>\n<p><strong>Notas de fondo:<\/strong> \u00e1mbar, almizcle, cedro, vainilla, madera de teca<\/p>\n","protected":false},"excerpt":{"rendered":"<p>GREAT POWER Experimenta la vibrante esencia Great Power, una fragancia que evoca energ\u00eda y confianza. Creada por la reconocida marca<\/p>\n","protected":false},"featured_media":83563,"comment_status":"open","ping_status":"closed","template":"","meta":{"nf_dc_page":""},"product_brand":[1399],"product_cat":[84],"product_tag":[2116],"class_list":{"0":"post-83562","1":"product","2":"type-product","3":"status-publish","4":"has-post-thumbnail","6":"product_brand-lotto","7":"product_cat-perfumeria","8":"product_tag-2116","10":"first","11":"instock","12":"shipping-taxable","13":"purchasable","14":"product-type-simple"},"_links":{"self":[{"href":"https:\/\/brandss.com.py\/index\/wp-json\/wp\/v2\/product\/83562","targetHints":{"allow":["GET"]}}],"collection":[{"href":"https:\/\/brandss.com.py\/index\/wp-json\/wp\/v2\/product"}],"about":[{"href":"https:\/\/brandss.com.py\/index\/wp-json\/wp\/v2\/types\/product"}],"replies":[{"embeddable":true,"href":"https:\/\/brandss.com.py\/index\/wp-json\/wp\/v2\/comments?post=83562"}],"version-history":[{"count":1,"href":"https:\/\/brandss.com.py\/index\/wp-json\/wp\/v2\/product\/83562\/revisions"}],"predecessor-version":[{"id":83568,"href":"https:\/\/brandss.com.py\/index\/wp-json\/wp\/v2\/product\/83562\/revisions\/83568"}],"wp:featuredmedia":[{"embeddable":true,"href":"https:\/\/brandss.com.py\/index\/wp-json\/wp\/v2\/media\/83563"}],"wp:attachment":[{"href":"https:\/\/brandss.com.py\/index\/wp-json\/wp\/v2\/media?parent=83562"}],"wp:term":[{"taxonomy":"product_brand","embeddable":true,"href":"https:\/\/brandss.com.py\/index\/wp-json\/wp\/v2\/product_brand?post=83562"},{"taxonomy":"product_cat","embeddable":true,"href":"https:\/\/brandss.com.py\/index\/wp-json\/wp\/v2\/product_cat?post=83562"},{"taxonomy":"product_tag","embeddable":true,"href":"https:\/\/brandss.com.py\/index\/wp-json\/wp\/v2\/product_tag?post=83562"}],"curies":[{"name":"wp","href":"https:\/\/api.w.org\/{rel}","templated":true}]}}