{"id":83569,"date":"2025-06-03T12:17:30","date_gmt":"2025-06-03T12:17:30","guid":{"rendered":"https:\/\/brandss.com.py\/index\/?post_type=product&#038;p=83569"},"modified":"2026-03-20T10:52:10","modified_gmt":"2026-03-20T10:52:10","slug":"perfume-masculino-mauboussin-pour-lui-in-black-edp-100ml","status":"publish","type":"product","link":"https:\/\/brandss.com.py\/index\/producto\/perfume-masculino-mauboussin-pour-lui-in-black-edp-100ml\/","title":{"rendered":"PERFUME MASCULINO MAUBOUSSIN POUR LUI IN BLACK EDP 100ML"},"content":{"rendered":"<p><img loading=\"lazy\" decoding=\"async\" class=\"\" src=\"https:\/\/upload.wikimedia.org\/wikipedia\/fr\/thumb\/1\/1c\/Logo_mauboussin.svg\/1280px-Logo_mauboussin.svg.png\" alt=\"Fichier:Logo mauboussin.svg \u2014 Wikip\u00e9dia\" width=\"149\" height=\"53\" \/><\/p>\n<h1>POUR LUI IN BLACK<\/h1>\n<p><span>Es un perfume para hombre, una fragancia adictiva donde la fantas\u00eda alcanza su cl\u00edmax. <\/span><span>Una fragancia sensual y poderosa que juega con los c\u00f3digos establecidos de maldad y seducci\u00f3n. Una fragancia que cambia en la profundidad de los p\u00e9talos de violeta negra, cobra vida con un estallido de menta fresca y se sustenta con las poderosas esencias de madera de gaiac.<\/span><\/p>\n<h3>Notas Olfativas<\/h3>\n<p>&nbsp;<\/p>\n<p>Descubre las capas de Pour Lui in black, un viaje cautivador a trav\u00e9s de un perfil arom\u00e1tico rico y complejo. La salida irrumpe con una frescura vibrante e inesperada: una vibrante mezcla de menta vigorizante, delicioso caramelo y jugosa mandarina. Esta alegre nota de salida da paso r\u00e1pidamente a un sofisticado coraz\u00f3n de madera de cedro, delicada violeta y arom\u00e1tica salvia, creando una transici\u00f3n suave y sutilmente amaderada. La cautivadora base revela la imponente presencia del pachul\u00ed, el acorde dominante, entrelazada con los c\u00e1lidos y ahumados matices de la madera de guayaco y la dulzura resinosa del benju\u00ed. Esta potente y persistente base crea una fragancia \u00fanica e inolvidable que habla por s\u00ed sola de tu gusto refinado y tu innegable carisma. Eau de parfum creado por Alexandra Carlin.<\/p>\n<p>&nbsp;<\/p>\n<p><span class=\"a-truncate-full a-offscreen\"><span><strong>Nota de salida:<\/strong> Caramelo, Mandarina italina, Menta.<\/span><\/span><\/p>\n<p><span class=\"a-truncate-full a-offscreen\"><span><strong>Notas de coraz\u00f3n:<\/strong> Salvia, Violeta negra, Cedro de Virginia.\u00a0<\/span><\/span><\/p>\n<p><span class=\"a-truncate-cut\" aria-hidden=\"true\"><span><strong>Notas de fondo:<\/strong> Benju\u00ed, Madera de guayaco, Hoja de pachul\u00ed de indonesia\u00a0<\/span><\/span><\/p>\n","protected":false},"excerpt":{"rendered":"<p>POUR LUI IN BLACK Es un perfume para hombre, una fragancia adictiva donde la fantas\u00eda alcanza su cl\u00edmax. Una fragancia<\/p>\n","protected":false},"featured_media":83570,"comment_status":"open","ping_status":"closed","template":"","meta":{"nf_dc_page":""},"product_brand":[2117],"product_cat":[84],"product_tag":[2118],"class_list":{"0":"post-83569","1":"product","2":"type-product","3":"status-publish","4":"has-post-thumbnail","6":"product_brand-mauboussin","7":"product_cat-perfumeria","8":"product_tag-2118","10":"first","11":"instock","12":"sale","13":"shipping-taxable","14":"purchasable","15":"product-type-simple"},"_links":{"self":[{"href":"https:\/\/brandss.com.py\/index\/wp-json\/wp\/v2\/product\/83569","targetHints":{"allow":["GET"]}}],"collection":[{"href":"https:\/\/brandss.com.py\/index\/wp-json\/wp\/v2\/product"}],"about":[{"href":"https:\/\/brandss.com.py\/index\/wp-json\/wp\/v2\/types\/product"}],"replies":[{"embeddable":true,"href":"https:\/\/brandss.com.py\/index\/wp-json\/wp\/v2\/comments?post=83569"}],"version-history":[{"count":1,"href":"https:\/\/brandss.com.py\/index\/wp-json\/wp\/v2\/product\/83569\/revisions"}],"predecessor-version":[{"id":83578,"href":"https:\/\/brandss.com.py\/index\/wp-json\/wp\/v2\/product\/83569\/revisions\/83578"}],"wp:featuredmedia":[{"embeddable":true,"href":"https:\/\/brandss.com.py\/index\/wp-json\/wp\/v2\/media\/83570"}],"wp:attachment":[{"href":"https:\/\/brandss.com.py\/index\/wp-json\/wp\/v2\/media?parent=83569"}],"wp:term":[{"taxonomy":"product_brand","embeddable":true,"href":"https:\/\/brandss.com.py\/index\/wp-json\/wp\/v2\/product_brand?post=83569"},{"taxonomy":"product_cat","embeddable":true,"href":"https:\/\/brandss.com.py\/index\/wp-json\/wp\/v2\/product_cat?post=83569"},{"taxonomy":"product_tag","embeddable":true,"href":"https:\/\/brandss.com.py\/index\/wp-json\/wp\/v2\/product_tag?post=83569"}],"curies":[{"name":"wp","href":"https:\/\/api.w.org\/{rel}","templated":true}]}}