{"id":83579,"date":"2025-06-03T13:30:22","date_gmt":"2025-06-03T13:30:22","guid":{"rendered":"https:\/\/brandss.com.py\/index\/?post_type=product&#038;p=83579"},"modified":"2026-03-13T13:54:31","modified_gmt":"2026-03-13T13:54:31","slug":"perfume-femenino-agatha-un-matin-a-paris-edp-100ml","status":"publish","type":"product","link":"https:\/\/brandss.com.py\/index\/producto\/perfume-femenino-agatha-un-matin-a-paris-edp-100ml\/","title":{"rendered":"PERFUME FEMENINO AGATHA UN MATIN A PARIS EDP 100ML"},"content":{"rendered":"<p><img loading=\"lazy\" decoding=\"async\" class=\"\" src=\"https:\/\/mir-s3-cdn-cf.behance.net\/project_modules\/1400\/f3b8b973241339.5c030751020ca.jpg\" alt=\"Agatha Paris :: Behance\" width=\"106\" height=\"75\" \/><\/p>\n<h1>UN MATIN A PARIS<\/h1>\n<p>Una fragancia dulce y afrutada con notas de albaricoque, flor de mandarina y melocot\u00f3n que es perfecta para todo tipo de piel.<\/p>\n<div class=\"col-lg-4 col-sm-6 col-12 mb-lg-0 mb-3\">\n<div class=\"stands-out-content\">\n<div class=\"feature\"><strong>Fragancia cautivadora<\/strong><\/div>\n<div><\/div>\n<div class=\"description\"><span>Un Matin A Paris ofrece una mezcla \u00fanica de notas florales y c\u00edtricas, creando un aroma fresco y acogedor, perfecto para el uso diario o para ocasiones especiales.<\/span><\/div>\n<div><\/div>\n<\/div>\n<\/div>\n<div class=\"col-lg-4 col-sm-6 col-12 mb-lg-0 mb-3\">\n<div class=\"stands-out-content\">\n<div class=\"feature\"><strong>Embalaje elegante<\/strong><\/div>\n<div><\/div>\n<div class=\"description\"><span>Presentado en una botella bellamente dise\u00f1ada, este spray EDP eleva tu vanidad y al mismo tiempo es una elegante opci\u00f3n de regalo para cualquier amante de las fragancias.<\/span><\/div>\n<div><\/div>\n<\/div>\n<\/div>\n<div class=\"col-lg-4 col-sm-6 col-12 mb-lg-0 mb-3\">\n<div class=\"stands-out-content\">\n<div class=\"feature\"><strong>Uso vers\u00e1til<\/strong><\/div>\n<div><\/div>\n<div class=\"description\"><span>Adecuada para ocasiones vers\u00e1tiles, esta fragancia realza cualquier atuendo, convirti\u00e9ndola en un elemento b\u00e1sico imprescindible en la colecci\u00f3n de perfumes de cada mujer.<\/span><\/div>\n<div>\n<p><strong><span class=\"para\">Uso diario<\/span><\/strong><\/p>\n<p><span>Ideal para el uso diario, esta fragancia ofrece un aroma refrescante adecuado tanto para la oficina como para entornos informales.<\/span><\/p>\n<p><strong><span class=\"para\">Ocasiones rom\u00e1nticas<\/span><\/strong><\/p>\n<p><span>Las notas florales lo convierten en una opci\u00f3n perfecta para noches de citas o eventos rom\u00e1nticos especiales, realzando el ambiente.<\/span><\/p>\n<p><strong><span class=\"para\">Dar regalos<\/span><\/strong><\/p>\n<p><span>Una excelente opci\u00f3n de regalo para cumplea\u00f1os o d\u00edas festivos, esta elegante fragancia atrae a diversos gustos femeninos.<\/span><\/p>\n<h3>Notas Olfativas<\/h3>\n<p><span>Agatha, Un Matin \u00e0 Paris\u00b7Un Matin \u00e0 Paris celebra un acorde dulce y sensual en una encantadora estela de \u00e1mbar.<\/span><\/p>\n<p><span><strong>Notas de salida:\u00a0<\/strong> albaricoque, flor de mandarina y melocot\u00f3n.<\/span><\/p>\n<p><span><strong>Notas de coraz\u00f3n:<\/strong> jazm\u00edn, gardenia y osmanto.<\/span><\/p>\n<p><span><strong>Notas de fondo:<\/strong> caramelo, vainilla y s\u00e1ndalo.<\/span><\/p>\n<\/div>\n<\/div>\n<\/div>\n","protected":false},"excerpt":{"rendered":"<p>UN MATIN A PARIS Una fragancia dulce y afrutada con notas de albaricoque, flor de mandarina y melocot\u00f3n que es<\/p>\n","protected":false},"featured_media":83580,"comment_status":"open","ping_status":"closed","template":"","meta":{"nf_dc_page":""},"product_brand":[2034],"product_cat":[84],"product_tag":[2119],"class_list":{"0":"post-83579","1":"product","2":"type-product","3":"status-publish","4":"has-post-thumbnail","6":"product_brand-agatha","7":"product_cat-perfumeria","8":"product_tag-2119","10":"first","11":"outofstock","12":"shipping-taxable","13":"purchasable","14":"product-type-simple"},"_links":{"self":[{"href":"https:\/\/brandss.com.py\/index\/wp-json\/wp\/v2\/product\/83579","targetHints":{"allow":["GET"]}}],"collection":[{"href":"https:\/\/brandss.com.py\/index\/wp-json\/wp\/v2\/product"}],"about":[{"href":"https:\/\/brandss.com.py\/index\/wp-json\/wp\/v2\/types\/product"}],"replies":[{"embeddable":true,"href":"https:\/\/brandss.com.py\/index\/wp-json\/wp\/v2\/comments?post=83579"}],"version-history":[{"count":1,"href":"https:\/\/brandss.com.py\/index\/wp-json\/wp\/v2\/product\/83579\/revisions"}],"predecessor-version":[{"id":83584,"href":"https:\/\/brandss.com.py\/index\/wp-json\/wp\/v2\/product\/83579\/revisions\/83584"}],"wp:featuredmedia":[{"embeddable":true,"href":"https:\/\/brandss.com.py\/index\/wp-json\/wp\/v2\/media\/83580"}],"wp:attachment":[{"href":"https:\/\/brandss.com.py\/index\/wp-json\/wp\/v2\/media?parent=83579"}],"wp:term":[{"taxonomy":"product_brand","embeddable":true,"href":"https:\/\/brandss.com.py\/index\/wp-json\/wp\/v2\/product_brand?post=83579"},{"taxonomy":"product_cat","embeddable":true,"href":"https:\/\/brandss.com.py\/index\/wp-json\/wp\/v2\/product_cat?post=83579"},{"taxonomy":"product_tag","embeddable":true,"href":"https:\/\/brandss.com.py\/index\/wp-json\/wp\/v2\/product_tag?post=83579"}],"curies":[{"name":"wp","href":"https:\/\/api.w.org\/{rel}","templated":true}]}}