{"id":83592,"date":"2025-06-03T14:40:06","date_gmt":"2025-06-03T14:40:06","guid":{"rendered":"https:\/\/brandss.com.py\/index\/?post_type=product&#038;p=83592"},"modified":"2025-12-11T19:10:01","modified_gmt":"2025-12-11T19:10:01","slug":"perfume-unisex-dignite-ahlaam-arabia-edp-100ml","status":"publish","type":"product","link":"https:\/\/brandss.com.py\/index\/producto\/perfume-unisex-dignite-ahlaam-arabia-edp-100ml\/","title":{"rendered":"PERFUME UNISEX DIGNITE AHLAAM ARABIA EDP 100ML"},"content":{"rendered":"<pre><strong>DIGNITE\r\n<\/strong><\/pre>\n<p>&nbsp;<\/p>\n<h1>AHLAAM ARABIAN<\/h1>\n<p>Es un perfume que trasciende las barreras ofreciendo una experiencia olfativa \u00fanica que evoca la esencia de la madera arom\u00e1tica. Este perfume es ideal para quienes buscan una fragancia que se destaque en cualquier ocasi\u00f3n, ya sea en un evento formal o en un encuentro casual. Es perfecto para aquellos que valoran la sofisticaci\u00f3n y la elegancia<\/p>\n<p>Con Ahlaam arabian, cada aplicaci\u00f3n es una invitaci\u00f3n a explorar un mundo de aromas cautivadores.<\/p>\n<p>&nbsp;<\/p>\n<h3>Notas Olfativas<\/h3>\n<p>&nbsp;<\/p>\n<p>Ahlaam Arabian es una fragancia que revela la encantadora belleza de las mil y una noches, capturando la esencia del encanto y el romance atemporales. La fragancia inicia su cautivador viaje con una explosi\u00f3n de frescura, con notas de salida de lim\u00f3n y frambuesa que crean una salida vibrante y vigorizante. A medida que se despliega, las notas de coraz\u00f3n de rosa y jazm\u00edn revelan una sinfon\u00eda floral que irradia elegancia y gracia. Esta capa intermedia a\u00f1ade un toque de dulzura y sofisticaci\u00f3n. La fragancia alcanza su cl\u00edmax con una base compuesta por vainilla y pachul\u00ed. La vainilla aporta una dulzura c\u00e1lida y reconfortante, mientras que el pachul\u00ed aporta un toque terroso y profundo. Esta combinaci\u00f3n da como resultado una estela aterciopelada y persistente que encapsula la riqueza de las mil y una noches.<\/p>\n<p><span>Alham Arabia de Dignite es una fragancia arom\u00e1tica amaderada para hombre y mujer. Alham Arabia es una nueva fragancia. El autor de esta fragancia es Carlo Ribero.\u00a0<\/span><\/p>\n<p><span><strong>Notas de salida:<\/strong> Humo, Artemisia elemi y bergamota de Calabria.<\/span><br \/>\n<span><strong>Notas de coraz\u00f3n:<\/strong> Davana, cardamomo, shiso, pimiento, ruibarbo y manzanilla.<\/span><br \/>\n<span><strong>Notas de fondo:<\/strong> Styrax, mirra, t\u00e9 negro y l\u00e1dano.<\/span><\/p>\n","protected":false},"excerpt":{"rendered":"<p>DIGNITE &nbsp; AHLAAM ARABIAN Es un perfume que trasciende las barreras ofreciendo una experiencia olfativa \u00fanica que evoca la esencia<\/p>\n","protected":false},"featured_media":83593,"comment_status":"open","ping_status":"closed","template":"","meta":{"nf_dc_page":""},"product_brand":[2122],"product_cat":[84],"product_tag":[2125],"class_list":{"0":"post-83592","1":"product","2":"type-product","3":"status-publish","4":"has-post-thumbnail","6":"product_brand-dignite","7":"product_cat-perfumeria","8":"product_tag-2125","10":"first","11":"instock","12":"shipping-taxable","13":"purchasable","14":"product-type-simple"},"_links":{"self":[{"href":"https:\/\/brandss.com.py\/index\/wp-json\/wp\/v2\/product\/83592","targetHints":{"allow":["GET"]}}],"collection":[{"href":"https:\/\/brandss.com.py\/index\/wp-json\/wp\/v2\/product"}],"about":[{"href":"https:\/\/brandss.com.py\/index\/wp-json\/wp\/v2\/types\/product"}],"replies":[{"embeddable":true,"href":"https:\/\/brandss.com.py\/index\/wp-json\/wp\/v2\/comments?post=83592"}],"version-history":[{"count":1,"href":"https:\/\/brandss.com.py\/index\/wp-json\/wp\/v2\/product\/83592\/revisions"}],"predecessor-version":[{"id":83598,"href":"https:\/\/brandss.com.py\/index\/wp-json\/wp\/v2\/product\/83592\/revisions\/83598"}],"wp:featuredmedia":[{"embeddable":true,"href":"https:\/\/brandss.com.py\/index\/wp-json\/wp\/v2\/media\/83593"}],"wp:attachment":[{"href":"https:\/\/brandss.com.py\/index\/wp-json\/wp\/v2\/media?parent=83592"}],"wp:term":[{"taxonomy":"product_brand","embeddable":true,"href":"https:\/\/brandss.com.py\/index\/wp-json\/wp\/v2\/product_brand?post=83592"},{"taxonomy":"product_cat","embeddable":true,"href":"https:\/\/brandss.com.py\/index\/wp-json\/wp\/v2\/product_cat?post=83592"},{"taxonomy":"product_tag","embeddable":true,"href":"https:\/\/brandss.com.py\/index\/wp-json\/wp\/v2\/product_tag?post=83592"}],"curies":[{"name":"wp","href":"https:\/\/api.w.org\/{rel}","templated":true}]}}