{"id":83608,"date":"2025-06-03T18:02:23","date_gmt":"2025-06-03T18:02:23","guid":{"rendered":"https:\/\/brandss.com.py\/index\/?post_type=product&#038;p=83608"},"modified":"2025-12-11T19:10:33","modified_gmt":"2025-12-11T19:10:33","slug":"perfume-unisex-style-scents-al-naeem-edp-100ml","status":"publish","type":"product","link":"https:\/\/brandss.com.py\/index\/producto\/perfume-unisex-style-scents-al-naeem-edp-100ml\/","title":{"rendered":"PERFUME UNISEX STYLE &amp; SCENTS AL NAEEM EDP 100ML"},"content":{"rendered":"<p><img loading=\"lazy\" decoding=\"async\" class=\"\" src=\"https:\/\/fragrancemanufacturersinuae.com\/images\/pbo%20(1).png\" alt=\"Maison de Orient | Authentic Arabic Perfume Manufacturer in UAE\" width=\"97\" height=\"97\" \/><\/p>\n<h1>AL NAEEM<\/h1>\n<p>Es un perfume \u00e1rabe sofisticado y cautivador, ideal para quienes buscan un aroma impactante y con personalidad. Su esencia combina suaves notas florales con la c\u00e1lida intensidad de las maderas orientales, creando una fragancia que irradia elegancia y espiritualidad. Recomendado para veladas especiales, climas fr\u00edos u ocasiones donde se necesita una presencia intensa, Al Naeem ofrece una experiencia olfativa \u00fanica, con una excelente longevidad y proyecci\u00f3n. Ya sea para uso personal o como un regalo refinado, es la opci\u00f3n ideal para quienes aprecian lo mejor de la perfumer\u00eda \u00e1rabe contempor\u00e1nea. <span class=\"_fadeIn_m1hgl_8\">Envasado\u00a0<\/span><span class=\"_fadeIn_m1hgl_8\">en\u00a0<\/span><span class=\"_fadeIn_m1hgl_8\">una\u00a0<\/span><span class=\"_fadeIn_m1hgl_8\">majestuosa\u00a0<\/span><span class=\"_fadeIn_m1hgl_8\">botella\u00a0<\/span><span class=\"_fadeIn_m1hgl_8\">con\u00a0<\/span><span class=\"_fadeIn_m1hgl_8\">detalles\u00a0<\/span><span class=\"_fadeIn_m1hgl_8\">dorados y\u00a0<\/span><span class=\"_fadeIn_m1hgl_8\">caligraf\u00eda\u00a0<\/span><span class=\"_fadeIn_m1hgl_8\">\u00e1rabe\u00a0<\/span><span class=\"_fadeIn_m1hgl_8\">y\u00a0<\/span><span class=\"_fadeIn_m1hgl_8\">coronada\u00a0<\/span><span class=\"_fadeIn_m1hgl_8\">con\u00a0<\/span><span class=\"_fadeIn_m1hgl_8\">una\u00a0<\/span><span class=\"_fadeIn_m1hgl_8\">tapa\u00a0<\/span><span class=\"_fadeIn_m1hgl_8\">ornamentada, <\/span><span class=\"_fadeIn_m1hgl_8\">este\u00a0<\/span><span class=\"_fadeIn_m1hgl_8\">Eau\u00a0<\/span><span class=\"_fadeIn_m1hgl_8\">De\u00a0<\/span><span class=\"_fadeIn_m1hgl_8\">Parfum\u00a0<\/span><span class=\"_fadeIn_m1hgl_8\">de 100 ml\u00a0<\/span><span class=\"_fadeIn_m1hgl_8\">es\u00a0<\/span><span class=\"_fadeIn_m1hgl_8\">perfecto\u00a0<\/span><span class=\"_fadeIn_m1hgl_8\">para usar\u00a0<\/span><span class=\"_fadeIn_m1hgl_8\">de d\u00eda\u00a0<\/span><span class=\"_fadeIn_m1hgl_8\">o\u00a0<\/span><span class=\"_fadeIn_m1hgl_8\">de noche<\/span><span class=\"_fadeIn_m1hgl_8\">,\u00a0<\/span><span class=\"_fadeIn_m1hgl_8\">en\u00a0<\/span><span class=\"_fadeIn_m1hgl_8\">todas\u00a0<\/span><span class=\"_fadeIn_m1hgl_8\">las estaciones.<img loading=\"lazy\" decoding=\"async\" class=\"alignleft\" src=\"https:\/\/muchbetterperfumeusa.com\/cdn\/shop\/files\/preview_images\/34d4f6a3c67d4c26b5c313dd1e648384.thumbnail.0000000000.jpg?v=1747727778&amp;width=300\" width=\"169\" height=\"300\" \/><\/span><\/p>\n<p><span class=\"_fadeIn_m1hgl_8\">Ya sea que\u00a0<\/span><span class=\"_fadeIn_m1hgl_8\">busque\u00a0<\/span><span class=\"_fadeIn_m1hgl_8\">elegancia\u00a0<\/span><span class=\"_fadeIn_m1hgl_8\">,\u00a0<\/span><span class=\"_fadeIn_m1hgl_8\">dulzura\u00a0<\/span><span class=\"_fadeIn_m1hgl_8\">o\u00a0<\/span><span class=\"_fadeIn_m1hgl_8\">un\u00a0<\/span><span class=\"_fadeIn_m1hgl_8\">toque\u00a0<\/span><span class=\"_fadeIn_m1hgl_8\">de\u00a0<\/span><span class=\"_fadeIn_m1hgl_8\">misterio,\u00a0<\/span><span class=\"_fadeIn_m1hgl_8\">AL\u00a0<\/span><span class=\"_fadeIn_m1hgl_8\">NAEEM\u00a0<\/span><span class=\"_fadeIn_m1hgl_8\">ofrece\u00a0<\/span><span class=\"_fadeIn_m1hgl_8\">una experiencia\u00a0<\/span><span class=\"_fadeIn_m1hgl_8\">olfativa\u00a0<\/span><span class=\"_fadeIn_m1hgl_8\">verdaderamente\u00a0<\/span><span class=\"_fadeIn_m1hgl_8\">inolvidable\u00a0<\/span><span class=\"_fadeIn_m1hgl_8\">.<\/span><\/p>\n<h3>Notas Olfativas<\/h3>\n<p data-end=\"587\" data-start=\"287\"><span class=\"_fadeIn_m1hgl_8\">AL\u00a0<\/span><span class=\"_fadeIn_m1hgl_8\">NAEEM<\/span><span class=\"_fadeIn_m1hgl_8\">\u00a0<\/span><span class=\"_fadeIn_m1hgl_8\">es\u00a0<\/span><span class=\"_fadeIn_m1hgl_8\">un\u00a0<\/span><span class=\"_fadeIn_m1hgl_8\">encantador\u00a0<\/span><span class=\"_fadeIn_m1hgl_8\">Eau\u00a0<\/span><span class=\"_fadeIn_m1hgl_8\">de\u00a0<\/span><span class=\"_fadeIn_m1hgl_8\">Parfum\u00a0<\/span><span class=\"_fadeIn_m1hgl_8\">unisex\u00a0<\/span><span class=\"_fadeIn_m1hgl_8\">que\u00a0<\/span><span class=\"_fadeIn_m1hgl_8\">combina\u00a0<\/span><span class=\"_fadeIn_m1hgl_8\">con\u00a0<\/span><span class=\"_fadeIn_m1hgl_8\">elegancia\u00a0<\/span><span class=\"_fadeIn_m1hgl_8\">notas gourmand y amaderadas. <\/span><span class=\"_fadeIn_m1hgl_8\">Dise\u00f1ada\u00a0<\/span><span class=\"_fadeIn_m1hgl_8\">tanto\u00a0<\/span><span class=\"_fadeIn_m1hgl_8\">para\u00a0<\/span><span class=\"_fadeIn_m1hgl_8\">hombres\u00a0<\/span><span class=\"_fadeIn_m1hgl_8\">como\u00a0<\/span><span class=\"_fadeIn_m1hgl_8\">para\u00a0<\/span><span class=\"_fadeIn_m1hgl_8\">mujeres<\/span><span class=\"_fadeIn_m1hgl_8\">,\u00a0<\/span><span class=\"_fadeIn_m1hgl_8\">esta\u00a0<\/span><span class=\"_fadeIn_m1hgl_8\">fragancia\u00a0<\/span><span class=\"_fadeIn_m1hgl_8\">se\u00a0<\/span><span class=\"_fadeIn_m1hgl_8\">abre\u00a0<\/span><span class=\"_fadeIn_m1hgl_8\">con\u00a0<\/span><span class=\"_fadeIn_m1hgl_8\">un\u00a0<\/span><span class=\"_fadeIn_m1hgl_8\">vibrante\u00a0<\/span><span class=\"_fadeIn_m1hgl_8\">tr\u00edo de\u00a0<\/span><span class=\"_fadeIn_m1hgl_8\">notas\u00a0<\/span><span class=\"_fadeIn_m1hgl_8\">de salida <\/span><span class=\"_fadeIn_m1hgl_8\">de\u00a0<\/span><span class=\"_fadeIn_m1hgl_8\">caramelo,\u00a0<\/span><span class=\"_fadeIn_m1hgl_8\">bergamota\u00a0<\/span><span class=\"_fadeIn_m1hgl_8\">y\u00a0<\/span><span class=\"_fadeIn_m1hgl_8\">oud<\/span><span class=\"_fadeIn_m1hgl_8\">,\u00a0<\/span><span class=\"_fadeIn_m1hgl_8\">que ofrece\u00a0<\/span><span class=\"_fadeIn_m1hgl_8\">una\u00a0<\/span><span class=\"_fadeIn_m1hgl_8\">explosi\u00f3n\u00a0<\/span><span class=\"_fadeIn_m1hgl_8\">inmediata\u00a0<\/span><span class=\"_fadeIn_m1hgl_8\">de\u00a0<\/span><span class=\"_fadeIn_m1hgl_8\">dulzura\u00a0<\/span><span class=\"_fadeIn_m1hgl_8\">y\u00a0<\/span><span class=\"_fadeIn_m1hgl_8\">sofisticaci\u00f3n. <\/span><span class=\"_fadeIn_m1hgl_8\">El\u00a0<\/span><span class=\"_fadeIn_m1hgl_8\">coraz\u00f3n\u00a0<\/span><span class=\"_fadeIn_m1hgl_8\">de\u00a0<\/span><span class=\"_fadeIn_m1hgl_8\">la\u00a0<\/span><span class=\"_fadeIn_m1hgl_8\">fragancia\u00a0<\/span><span class=\"_fadeIn_m1hgl_8\">se despliega\u00a0<\/span><span class=\"_fadeIn_m1hgl_8\">en\u00a0<\/span><span class=\"_fadeIn_m1hgl_8\">un\u00a0<\/span><span class=\"_fadeIn_m1hgl_8\">bouquet\u00a0<\/span><span class=\"_fadeIn_m1hgl_8\">decadente\u00a0<\/span><span class=\"_fadeIn_m1hgl_8\">de\u00a0<\/span><span class=\"_fadeIn_m1hgl_8\">heliotropo,\u00a0<\/span><span class=\"_fadeIn_m1hgl_8\">az\u00facar\u00a0<\/span><span class=\"_fadeIn_m1hgl_8\">hilado, <\/span><span class=\"_fadeIn_m1hgl_8\">rosa\u00a0<\/span><span class=\"_fadeIn_m1hgl_8\">fresa\u00a0<\/span><span class=\"_fadeIn_m1hgl_8\">y\u00a0<\/span><span class=\"_fadeIn_m1hgl_8\">vainilla<\/span><span class=\"_fadeIn_m1hgl_8\">,\u00a0<\/span><span class=\"_fadeIn_m1hgl_8\">evocando\u00a0<\/span><span class=\"_fadeIn_m1hgl_8\">calidez\u00a0<\/span><span class=\"_fadeIn_m1hgl_8\">y\u00a0<\/span><span class=\"_fadeIn_m1hgl_8\">complejidad\u00a0<\/span><span class=\"_fadeIn_m1hgl_8\">floral. <\/span><span class=\"_fadeIn_m1hgl_8\">Al\u00a0<\/span><span class=\"_fadeIn_m1hgl_8\">asentarse<\/span><span class=\"_fadeIn_m1hgl_8\">,\u00a0<\/span><span class=\"_fadeIn_m1hgl_8\">AL\u00a0<\/span><span class=\"_fadeIn_m1hgl_8\">NAEEM\u00a0<\/span><span class=\"_fadeIn_m1hgl_8\">deja\u00a0<\/span><span class=\"_fadeIn_m1hgl_8\">una\u00a0<\/span><span class=\"_fadeIn_m1hgl_8\">estela\u00a0<\/span><span class=\"_fadeIn_m1hgl_8\">memorable\u00a0<\/span><span class=\"_fadeIn_m1hgl_8\">de\u00a0<\/span><span class=\"_fadeIn_m1hgl_8\">vainilla,<\/span><span class=\"_fadeIn_m1hgl_8\"> oud<\/span><span class=\"_fadeIn_m1hgl_8\">,\u00a0<\/span><span class=\"_fadeIn_m1hgl_8\">\u00e1mbar\u00a0<\/span><span class=\"_fadeIn_m1hgl_8\">y\u00a0<\/span><span class=\"_fadeIn_m1hgl_8\">almizcle\u00a0<\/span><span class=\"_fadeIn_m1hgl_8\">sensual<\/span><span class=\"_fadeIn_m1hgl_8\">,\u00a0<\/span><span class=\"_fadeIn_m1hgl_8\">creando\u00a0<\/span><span class=\"_fadeIn_m1hgl_8\">una\u00a0<\/span><span class=\"_fadeIn_m1hgl_8\">base\u00a0<\/span><span class=\"_fadeIn_m1hgl_8\">lujosa y\u00a0<\/span><span class=\"_fadeIn_m1hgl_8\">duradera\u00a0<\/span><span class=\"_fadeIn_m1hgl_8\">con\u00a0<\/span><span class=\"_fadeIn_m1hgl_8\">profundidad\u00a0<\/span><span class=\"_fadeIn_m1hgl_8\">y\u00a0<\/span><span class=\"_fadeIn_m1hgl_8\">suavidad<\/span><span class=\"_fadeIn_m1hgl_8\">.<\/span><\/p>\n<p data-end=\"1153\" data-start=\"1114\"><strong data-end=\"1127\" data-start=\"1114\"><span class=\"_fadeIn_m1hgl_8\">Notas\u00a0<\/span><\/strong><strong data-end=\"1127\" data-start=\"1114\"><span class=\"_fadeIn_m1hgl_8\">de salida<\/span><\/strong><span class=\"_fadeIn_m1hgl_8\">:\u00a0<\/span><span class=\"_fadeIn_m1hgl_8\">Caramelo,\u00a0<\/span><span class=\"_fadeIn_m1hgl_8\">bergamota,\u00a0<\/span><span class=\"_fadeIn_m1hgl_8\">oud.<\/span><\/p>\n<p data-end=\"1223\" data-start=\"1156\"><strong data-end=\"1171\" data-start=\"1156\"><span class=\"_fadeIn_m1hgl_8\">Notas\u00a0<\/span><\/strong><strong data-end=\"1171\" data-start=\"1156\"><span class=\"_fadeIn_m1hgl_8\">de coraz\u00f3n<\/span><\/strong><span class=\"_fadeIn_m1hgl_8\">:\u00a0<\/span><span class=\"_fadeIn_m1hgl_8\">Heliotropo, Az\u00facar\u00a0<\/span><span class=\"_fadeIn_m1hgl_8\">hilado<\/span><span class=\"_fadeIn_m1hgl_8\">, Rosa\u00a0<\/span><span class=\"_fadeIn_m1hgl_8\">fresa<\/span><span class=\"_fadeIn_m1hgl_8\">,\u00a0<\/span><span class=\"_fadeIn_m1hgl_8\">Vainilla.<\/span><\/p>\n<p data-end=\"1277\" data-start=\"1226\"><strong data-end=\"1240\" data-start=\"1226\"><span class=\"_fadeIn_m1hgl_8\">Notas\u00a0<\/span><\/strong><strong data-end=\"1240\" data-start=\"1226\"><span class=\"_fadeIn_m1hgl_8\">de fondo<\/span><\/strong><span class=\"_fadeIn_m1hgl_8\">:\u00a0<\/span><span class=\"_fadeIn_m1hgl_8\">vainilla,\u00a0<\/span><span class=\"_fadeIn_m1hgl_8\">oud,\u00a0<\/span><span class=\"_fadeIn_m1hgl_8\">\u00e1mbar,\u00a0<\/span><span class=\"_fadeIn_m1hgl_8\">almizcle\u00a0<\/span><span class=\"_fadeIn_m1hgl_8\">sensual.<\/span><\/p>\n","protected":false},"excerpt":{"rendered":"<p>AL NAEEM Es un perfume \u00e1rabe sofisticado y cautivador, ideal para quienes buscan un aroma impactante y con personalidad. Su<\/p>\n","protected":false},"featured_media":83609,"comment_status":"open","ping_status":"closed","template":"","meta":{"nf_dc_page":""},"product_brand":[2124],"product_cat":[84],"product_tag":[2126],"class_list":{"0":"post-83608","1":"product","2":"type-product","3":"status-publish","4":"has-post-thumbnail","6":"product_brand-style-scents","7":"product_cat-perfumeria","8":"product_tag-2126","10":"first","11":"instock","12":"shipping-taxable","13":"purchasable","14":"product-type-simple"},"_links":{"self":[{"href":"https:\/\/brandss.com.py\/index\/wp-json\/wp\/v2\/product\/83608","targetHints":{"allow":["GET"]}}],"collection":[{"href":"https:\/\/brandss.com.py\/index\/wp-json\/wp\/v2\/product"}],"about":[{"href":"https:\/\/brandss.com.py\/index\/wp-json\/wp\/v2\/types\/product"}],"replies":[{"embeddable":true,"href":"https:\/\/brandss.com.py\/index\/wp-json\/wp\/v2\/comments?post=83608"}],"version-history":[{"count":2,"href":"https:\/\/brandss.com.py\/index\/wp-json\/wp\/v2\/product\/83608\/revisions"}],"predecessor-version":[{"id":83615,"href":"https:\/\/brandss.com.py\/index\/wp-json\/wp\/v2\/product\/83608\/revisions\/83615"}],"wp:featuredmedia":[{"embeddable":true,"href":"https:\/\/brandss.com.py\/index\/wp-json\/wp\/v2\/media\/83609"}],"wp:attachment":[{"href":"https:\/\/brandss.com.py\/index\/wp-json\/wp\/v2\/media?parent=83608"}],"wp:term":[{"taxonomy":"product_brand","embeddable":true,"href":"https:\/\/brandss.com.py\/index\/wp-json\/wp\/v2\/product_brand?post=83608"},{"taxonomy":"product_cat","embeddable":true,"href":"https:\/\/brandss.com.py\/index\/wp-json\/wp\/v2\/product_cat?post=83608"},{"taxonomy":"product_tag","embeddable":true,"href":"https:\/\/brandss.com.py\/index\/wp-json\/wp\/v2\/product_tag?post=83608"}],"curies":[{"name":"wp","href":"https:\/\/api.w.org\/{rel}","templated":true}]}}