{"id":83616,"date":"2025-06-03T18:36:44","date_gmt":"2025-06-03T18:36:44","guid":{"rendered":"https:\/\/brandss.com.py\/index\/?post_type=product&#038;p=83616"},"modified":"2025-12-11T19:11:25","modified_gmt":"2025-12-11T19:11:25","slug":"perfume-unisex-style-scents-oud-al-aroos-edp-100ml","status":"publish","type":"product","link":"https:\/\/brandss.com.py\/index\/producto\/perfume-unisex-style-scents-oud-al-aroos-edp-100ml\/","title":{"rendered":"PERFUME UNISEX STYLE &amp; SCENTS OUD AL AROOS EDP 100ML"},"content":{"rendered":"<p><img loading=\"lazy\" decoding=\"async\" class=\"\" src=\"https:\/\/fragrancemanufacturersinuae.com\/images\/pbo%20(1).png\" alt=\"Maison de Orient | Authentic Arabic Perfume Manufacturer in UAE\" width=\"100\" height=\"100\" \/><\/p>\n<h1>OUD AL AROOS<\/h1>\n<p>Es una fragancia que encarna la b\u00fasqueda de la excelencia y la grandeza, dise\u00f1ada para quienes aprecian los elementos m\u00e1s refinados de la vida. Esta creaci\u00f3n olfativa es una aut\u00e9ntica obra maestra que combina ingredientes ex\u00f3ticos en una composici\u00f3n equilibrada y sofisticada.<\/p>\n<p style=\"font-weight: 400\"><strong>Intenso y Ex\u00f3tico:<\/strong> Desde el primer encuentro, las notas de salida presentan una combinaci\u00f3n de especias ex\u00f3ticas que cautivan los sentidos y preparan el terreno para la complejidad que sigue.<\/p>\n<p style=\"font-weight: 400\"><strong>Fascinante y potente:<\/strong> En el coraz\u00f3n de la fragancia, el oud domina con una presencia poderosa, a la vez resinosa y misteriosa. Este singular ingrediente eleva la fragancia a un nivel de excelencia olfativa.<\/p>\n<p style=\"font-weight: 400\"><strong>Elegante y persistente:<\/strong> La base de la composici\u00f3n, con pachul\u00ed y almizcle, crea una estela memorable y seductora que se adhiere a la piel con una elegancia embriagadora y duradera.<\/p>\n<p style=\"font-weight: 400\">El Eau de Parfum Oud Al Aroos es una celebraci\u00f3n de grandeza y sofisticaci\u00f3n, ideal para quienes buscan una fragancia que no solo impresione, sino que tambi\u00e9n destaque por su car\u00e1cter refinado y distintivo. Cada nota ha sido meticulosamente seleccionada y combinada para ofrecer una experiencia olfativa rica e inolvidable, que refleja la verdadera esencia del lujo y la excelencia.<\/p>\n<h3>Notas Olfativas<\/h3>\n<p><span>Oud Al Aroos es una fragancia lujosa y envolvente, dise\u00f1ada para quienes aprecian la riqueza y profundidad de las notas orientales. El frasco, con su sofisticado dise\u00f1o y detalles ornamentados, captura la esencia opulenta de la fragancia, convirti\u00e9ndola en un s\u00edmbolo de elegancia y prestigio.<\/span><\/p>\n<p><span>La fragancia se abre con una vibrante e intrigante combinaci\u00f3n de notas c\u00edtricas y especiadas. La bergamota fresca y la naranja proporcionan un comienzo luminoso, mientras que el toque especiado del clavo y el cardamomo a\u00f1ade una capa de calidez y complejidad, creando una introducci\u00f3n que cautiva los sentidos de inmediato.<\/span><\/p>\n<p><span>En el coraz\u00f3n, la fragancia revela su verdadera riqueza con acordes florales y resinosos. El jazm\u00edn, con su aroma profundo y cautivador, se combina con la elegancia de la rosa, formando un bouquet floral refinado y opulento. La presencia del ol\u00edbano a\u00f1ade una nota resinosa y amaderada que le da profundidad y car\u00e1cter a la fragancia.<\/span><\/p>\n<p><span>El fondo es donde Oud Al Aroos realmente brilla, con una robusta y sofisticada combinaci\u00f3n de notas amaderadas y orientales. El oud, conocido por su profundidad y complejidad, es la estrella de la composici\u00f3n, aportando una riqueza inigualable. El s\u00e1ndalo y el pachul\u00ed aportan un toque terroso y amaderado, mientras que el \u00e1mbar y la vainilla aportan una dulzura c\u00e1lida y acogedora. El almizcle remata la composici\u00f3n, aportando una suavidad duradera y reconfortante.<\/span><\/p>\n<p><span>El Eau de Parfum Oud Al Aroos, con su aroma a estilo E, es ideal para quienes buscan una fragancia que combine frescura, riqueza floral y un fondo intensamente amaderado y oriental, ofreciendo una experiencia olfativa sofisticada e inolvidable.<\/span><\/p>\n<p><span><strong>Notas de salida:<\/strong> azafr\u00e1n, nuez moscada, lavanda.<\/span><\/p>\n<p><span><strong>Notas de coraz\u00f3n:<\/strong> oud.<\/span><\/p>\n<p><span><strong>Notas de fondo:<\/strong> pachul\u00ed, almizcle.<\/span><\/p>\n","protected":false},"excerpt":{"rendered":"<p>OUD AL AROOS Es una fragancia que encarna la b\u00fasqueda de la excelencia y la grandeza, dise\u00f1ada para quienes aprecian<\/p>\n","protected":false},"featured_media":83617,"comment_status":"open","ping_status":"closed","template":"","meta":{"nf_dc_page":""},"product_brand":[2124],"product_cat":[84],"product_tag":[2127],"class_list":{"0":"post-83616","1":"product","2":"type-product","3":"status-publish","4":"has-post-thumbnail","6":"product_brand-style-scents","7":"product_cat-perfumeria","8":"product_tag-2127","10":"first","11":"instock","12":"shipping-taxable","13":"purchasable","14":"product-type-simple"},"_links":{"self":[{"href":"https:\/\/brandss.com.py\/index\/wp-json\/wp\/v2\/product\/83616","targetHints":{"allow":["GET"]}}],"collection":[{"href":"https:\/\/brandss.com.py\/index\/wp-json\/wp\/v2\/product"}],"about":[{"href":"https:\/\/brandss.com.py\/index\/wp-json\/wp\/v2\/types\/product"}],"replies":[{"embeddable":true,"href":"https:\/\/brandss.com.py\/index\/wp-json\/wp\/v2\/comments?post=83616"}],"version-history":[{"count":1,"href":"https:\/\/brandss.com.py\/index\/wp-json\/wp\/v2\/product\/83616\/revisions"}],"predecessor-version":[{"id":83623,"href":"https:\/\/brandss.com.py\/index\/wp-json\/wp\/v2\/product\/83616\/revisions\/83623"}],"wp:featuredmedia":[{"embeddable":true,"href":"https:\/\/brandss.com.py\/index\/wp-json\/wp\/v2\/media\/83617"}],"wp:attachment":[{"href":"https:\/\/brandss.com.py\/index\/wp-json\/wp\/v2\/media?parent=83616"}],"wp:term":[{"taxonomy":"product_brand","embeddable":true,"href":"https:\/\/brandss.com.py\/index\/wp-json\/wp\/v2\/product_brand?post=83616"},{"taxonomy":"product_cat","embeddable":true,"href":"https:\/\/brandss.com.py\/index\/wp-json\/wp\/v2\/product_cat?post=83616"},{"taxonomy":"product_tag","embeddable":true,"href":"https:\/\/brandss.com.py\/index\/wp-json\/wp\/v2\/product_tag?post=83616"}],"curies":[{"name":"wp","href":"https:\/\/api.w.org\/{rel}","templated":true}]}}