{"id":83626,"date":"2025-06-04T11:46:37","date_gmt":"2025-06-04T11:46:37","guid":{"rendered":"https:\/\/brandss.com.py\/index\/?post_type=product&#038;p=83626"},"modified":"2025-12-11T19:12:18","modified_gmt":"2025-12-11T19:12:18","slug":"perfume-masculino-style-scents-jawad-al-khaleej-edp-100ml","status":"publish","type":"product","link":"https:\/\/brandss.com.py\/index\/producto\/perfume-masculino-style-scents-jawad-al-khaleej-edp-100ml\/","title":{"rendered":"PERFUME MASCULINO STYLE &amp; SCENTS JAWAD AL KHALEEJ EDP 100ML"},"content":{"rendered":"<p><img loading=\"lazy\" decoding=\"async\" class=\"\" src=\"https:\/\/fragrancemanufacturersinuae.com\/images\/pbo%20(1).png\" alt=\"Maison de Orient | Authentic Arabic Perfume Manufacturer in UAE\" width=\"88\" height=\"88\" \/><\/p>\n<h1>JAWAD AL KHALEEJ<\/h1>\n<p>Es una fragancia que evoca la majestuosidad y el encanto de la cultura oriental a trav\u00e9s de una composici\u00f3n olfativa rica e intrigante. Esta fragancia es un verdadero viaje sensorial que comienza con una vibrante salida y se despliega en complejas capas, culminando en un final profundamente seductor.<\/p>\n<p style=\"font-weight: 400\">Jawad Al Khaleej es una fragancia que encapsula la riqueza y diversidad de la perfumer\u00eda oriental. Desde su brillante y refrescante salida hasta su lujoso coraz\u00f3n y seductor fondo, cada capa de esta fragancia est\u00e1 cuidadosamente elaborada para brindar una experiencia olfativa memorable. Es la elecci\u00f3n perfecta para quienes buscan una fragancia que destile elegancia, misterio y un toque de extravagancia oriental. <span class=\"_fadeIn_m1hgl_8\"><span>Presentada\u00a0<\/span><\/span><span class=\"_fadeIn_m1hgl_8\"><span>en\u00a0<\/span><\/span><span class=\"_fadeIn_m1hgl_8\"><span>una\u00a0<\/span><\/span><span class=\"_fadeIn_m1hgl_8\"><span>elegante\u00a0<\/span><\/span><span><span class=\"_fadeIn_m1hgl_8\">botella\u00a0<\/span><\/span><span class=\"_fadeIn_m1hgl_8\"><span>negra\u00a0<\/span><\/span><span><span class=\"_fadeIn_m1hgl_8\">adornada\u00a0<\/span><span class=\"_fadeIn_m1hgl_8\">con patrones orientales dorados, perfecta para quienes buscan un aroma caracter\u00edstico y atractivo\u00a0que\u00a0encarne\u00a0el lujo\u00a0y\u00a0la tradici\u00f3n.<\/span><\/span><\/p>\n<p style=\"font-weight: 400\">Con su complejidad y profundidad, Jawad Al Khaleej es ideal para ocasiones especiales donde se busca destacar y dejar una huella imborrable. Su estructura robusta y equilibrada garantiza que la fragancia sea envolvente y c\u00f3moda, convirti\u00e9ndola en una valiosa adici\u00f3n a la colecci\u00f3n de cualquier amante de los perfumes de alta gama.<\/p>\n<p>&nbsp;<\/p>\n<h3>Notas Olfativas<\/h3>\n<p>&nbsp;<\/p>\n<p style=\"text-align: left\" data-start=\"214\" data-end=\"575\"><span class=\"_fadeIn_m1hgl_8\">Jawad al<\/span><span class=\"_fadeIn_m1hgl_8\"> Khaleej magistralmente\u00a0elaborado,\u00a0que\u00a0fusiona\u00a0la\u00a0vitalidad\u00a0de\u00a0Occidente\u00a0con\u00a0la\u00a0ex\u00f3tica\u00a0riqueza\u00a0de\u00a0Oriente. Esta\u00a0sofisticada\u00a0fragancia\u00a0se abre \u00a0con\u00a0refrescantes\u00a0notas\u00a0de salida <\/span><span><span class=\"_fadeIn_m1hgl_8\">de\u00a0<\/span><span class=\"_fadeIn_m1hgl_8\">bergamota\u00a0<\/span><span class=\"_fadeIn_m1hgl_8\">siciliana<\/span><span class=\"_fadeIn_m1hgl_8\">,\u00a0<\/span><span class=\"_fadeIn_m1hgl_8\">pimienta\u00a0<\/span><span class=\"_fadeIn_m1hgl_8\">rosa<\/span><span class=\"_fadeIn_m1hgl_8\">\u00a0y\u00a0<\/span><span class=\"_fadeIn_m1hgl_8\">davana<\/span><span class=\"_fadeIn_m1hgl_8\">,\u00a0<\/span><span class=\"_fadeIn_m1hgl_8\">ofreciendo\u00a0<\/span><span class=\"_fadeIn_m1hgl_8\">una\u00a0<\/span><span class=\"_fadeIn_m1hgl_8\">energizante\u00a0<\/span><span class=\"_fadeIn_m1hgl_8\">explosi\u00f3n\u00a0<\/span><span class=\"_fadeIn_m1hgl_8\">de c\u00edtricos y\u00a0<\/span><span class=\"_fadeIn_m1hgl_8\">especias\u00a0<\/span><span class=\"_fadeIn_m1hgl_8\">que\u00a0<\/span><span class=\"_fadeIn_m1hgl_8\">cautiva\u00a0<\/span><span class=\"_fadeIn_m1hgl_8\">desde\u00a0<\/span><span class=\"_fadeIn_m1hgl_8\">la\u00a0<\/span><span class=\"_fadeIn_m1hgl_8\">primera\u00a0<\/span><span class=\"_fadeIn_m1hgl_8\">aplicaci\u00f3n. <\/span><\/span><span class=\"_fadeIn_m1hgl_8\"><span>El\u00a0<\/span><\/span><span class=\"_fadeIn_m1hgl_8\"><span>coraz\u00f3n\u00a0<\/span><\/span><span class=\"_fadeIn_m1hgl_8\"><span>de\u00a0<\/span><\/span><span class=\"_fadeIn_m1hgl_8\"><span>la\u00a0<\/span><\/span><span class=\"_fadeIn_m1hgl_8\"><span>fragancia\u00a0<\/span><\/span><span class=\"_fadeIn_m1hgl_8\"><span>presenta\u00a0<\/span><\/span><span class=\"_fadeIn_m1hgl_8\"><span>una\u00a0<\/span><\/span><span><span class=\"_fadeIn_m1hgl_8\">mezcla\u00a0<\/span><\/span><span class=\"_fadeIn_m1hgl_8\"><span>audaz\u00a0<\/span><\/span><span class=\"_fadeIn_m1hgl_8\"><span>y\u00a0<\/span><\/span><span class=\"_fadeIn_m1hgl_8\"><span>refinada\u00a0<\/span><\/span><span><span class=\"_fadeIn_m1hgl_8\">de\u00a0<\/span><span class=\"_fadeIn_m1hgl_8\">oud<\/span><span class=\"_fadeIn_m1hgl_8\">,\u00a0<\/span><span class=\"_fadeIn_m1hgl_8\">\u00e1mbar\u00a0<\/span><span class=\"_fadeIn_m1hgl_8\">blanco<\/span><span class=\"_fadeIn_m1hgl_8\">\u00a0y\u00a0<\/span><span class=\"_fadeIn_m1hgl_8\">romero<\/span><span class=\"_fadeIn_m1hgl_8\">,\u00a0<\/span><span class=\"_fadeIn_m1hgl_8\">que aporta <\/span><span class=\"_fadeIn_m1hgl_8\">calidez\u00a0<\/span><span class=\"_fadeIn_m1hgl_8\">y\u00a0<\/span><span class=\"_fadeIn_m1hgl_8\">profundidad\u00a0<\/span><span class=\"_fadeIn_m1hgl_8\">arom\u00e1ticas<\/span><span class=\"_fadeIn_m1hgl_8\">.\u00a0<\/span><span class=\"_fadeIn_m1hgl_8\">Se\u00a0<\/span><span class=\"_fadeIn_m1hgl_8\">asienta\u00a0<\/span><span class=\"_fadeIn_m1hgl_8\">sobre\u00a0<\/span><span class=\"_fadeIn_m1hgl_8\">una\u00a0<\/span><span class=\"_fadeIn_m1hgl_8\">base\u00a0<\/span><span class=\"_fadeIn_m1hgl_8\">sensual y <\/span><span class=\"_fadeIn_m1hgl_8\">terrosa\u00a0<\/span><span class=\"_fadeIn_m1hgl_8\">de\u00a0<\/span><span class=\"_fadeIn_m1hgl_8\">almizcle<\/span><span class=\"_fadeIn_m1hgl_8\">,\u00a0<\/span><span class=\"_fadeIn_m1hgl_8\">cuero<\/span><span class=\"_fadeIn_m1hgl_8\">\u00a0y\u00a0<\/span><span class=\"_fadeIn_m1hgl_8\">vetiver<\/span><span class=\"_fadeIn_m1hgl_8\">\u00a0de\u00a0<\/span><span class=\"_fadeIn_m1hgl_8\">Hait\u00ed<\/span><span class=\"_fadeIn_m1hgl_8\">,\u00a0<\/span><span class=\"_fadeIn_m1hgl_8\">dejando\u00a0<\/span><span class=\"_fadeIn_m1hgl_8\">una\u00a0<\/span><span class=\"_fadeIn_m1hgl_8\">estela\u00a0<\/span><span class=\"_fadeIn_m1hgl_8\">memorable\u00a0<\/span><span class=\"_fadeIn_m1hgl_8\">de\u00a0<\/span><span class=\"_fadeIn_m1hgl_8\">elegancia\u00a0<\/span><span class=\"_fadeIn_m1hgl_8\">y\u00a0<\/span><span class=\"_fadeIn_m1hgl_8\">fuerza.<\/span><\/span><\/p>\n<p data-start=\"1133\" data-end=\"1188\"><strong data-start=\"1133\" data-end=\"1147\"><span class=\"_fadeIn_m1hgl_8\"><span>Notas de salida<\/span><\/span><span class=\"_fadeIn_m1hgl_8\"><span>:<\/span><\/span><\/strong><span><span class=\"_fadeIn_m1hgl_8\"> Bergamota siciliana<\/span><span class=\"_fadeIn_m1hgl_8\">,\u00a0<\/span><span class=\"_fadeIn_m1hgl_8\">pimienta\u00a0<\/span><span class=\"_fadeIn_m1hgl_8\">rosa, <\/span><span class=\"_fadeIn_m1hgl_8\">davana.<\/span><\/span><\/p>\n<p data-start=\"1191\" data-end=\"1236\"><strong data-start=\"1191\" data-end=\"1207\"><span class=\"_fadeIn_m1hgl_8\"><span>Notas\u00a0<\/span><\/span><\/strong><span><strong data-start=\"1191\" data-end=\"1207\"><span class=\"_fadeIn_m1hgl_8\">de coraz\u00f3n:<\/span><\/strong><span class=\"_fadeIn_m1hgl_8\">\u00a0Oud, \u00e1mbar <\/span><span class=\"_fadeIn_m1hgl_8\">blanco<\/span><span class=\"_fadeIn_m1hgl_8\">,\u00a0<\/span><span class=\"_fadeIn_m1hgl_8\">romero.<\/span><\/span><\/p>\n<p data-start=\"1239\" data-end=\"1287\"><strong data-start=\"1239\" data-end=\"1254\"><span class=\"_fadeIn_m1hgl_8\"><span>Notas\u00a0<\/span><\/span><\/strong><span><strong data-start=\"1239\" data-end=\"1254\"><span class=\"_fadeIn_m1hgl_8\">de fondo:<\/span><\/strong><span class=\"_fadeIn_m1hgl_8\">\u00a0Almizcle, <\/span><span class=\"_fadeIn_m1hgl_8\">cuero,\u00a0<\/span><span class=\"_fadeIn_m1hgl_8\">vetiver\u00a0<\/span><span class=\"_fadeIn_m1hgl_8\">haitiano.<\/span><\/span><\/p>\n","protected":false},"excerpt":{"rendered":"<p>JAWAD AL KHALEEJ Es una fragancia que evoca la majestuosidad y el encanto de la cultura oriental a trav\u00e9s de<\/p>\n","protected":false},"featured_media":83627,"comment_status":"open","ping_status":"closed","template":"","meta":{"nf_dc_page":""},"product_brand":[2124],"product_cat":[84],"product_tag":[2128],"class_list":{"0":"post-83626","1":"product","2":"type-product","3":"status-publish","4":"has-post-thumbnail","6":"product_brand-style-scents","7":"product_cat-perfumeria","8":"product_tag-2128","10":"first","11":"instock","12":"shipping-taxable","13":"purchasable","14":"product-type-simple"},"_links":{"self":[{"href":"https:\/\/brandss.com.py\/index\/wp-json\/wp\/v2\/product\/83626","targetHints":{"allow":["GET"]}}],"collection":[{"href":"https:\/\/brandss.com.py\/index\/wp-json\/wp\/v2\/product"}],"about":[{"href":"https:\/\/brandss.com.py\/index\/wp-json\/wp\/v2\/types\/product"}],"replies":[{"embeddable":true,"href":"https:\/\/brandss.com.py\/index\/wp-json\/wp\/v2\/comments?post=83626"}],"version-history":[{"count":1,"href":"https:\/\/brandss.com.py\/index\/wp-json\/wp\/v2\/product\/83626\/revisions"}],"predecessor-version":[{"id":83633,"href":"https:\/\/brandss.com.py\/index\/wp-json\/wp\/v2\/product\/83626\/revisions\/83633"}],"wp:featuredmedia":[{"embeddable":true,"href":"https:\/\/brandss.com.py\/index\/wp-json\/wp\/v2\/media\/83627"}],"wp:attachment":[{"href":"https:\/\/brandss.com.py\/index\/wp-json\/wp\/v2\/media?parent=83626"}],"wp:term":[{"taxonomy":"product_brand","embeddable":true,"href":"https:\/\/brandss.com.py\/index\/wp-json\/wp\/v2\/product_brand?post=83626"},{"taxonomy":"product_cat","embeddable":true,"href":"https:\/\/brandss.com.py\/index\/wp-json\/wp\/v2\/product_cat?post=83626"},{"taxonomy":"product_tag","embeddable":true,"href":"https:\/\/brandss.com.py\/index\/wp-json\/wp\/v2\/product_tag?post=83626"}],"curies":[{"name":"wp","href":"https:\/\/api.w.org\/{rel}","templated":true}]}}