{"id":83634,"date":"2025-06-04T12:13:46","date_gmt":"2025-06-04T12:13:46","guid":{"rendered":"https:\/\/brandss.com.py\/index\/?post_type=product&#038;p=83634"},"modified":"2025-12-11T19:12:49","modified_gmt":"2025-12-11T19:12:49","slug":"perfume-masculino-style-scents-eftinan-edp-100ml","status":"publish","type":"product","link":"https:\/\/brandss.com.py\/index\/producto\/perfume-masculino-style-scents-eftinan-edp-100ml\/","title":{"rendered":"PERFUME MASCULINO STYLE &amp; SCENTS EFTINAN EDP 100ML"},"content":{"rendered":"<p><img loading=\"lazy\" decoding=\"async\" class=\"\" src=\"https:\/\/fragrancemanufacturersinuae.com\/images\/pbo%20(1).png\" alt=\"Maison de Orient | Authentic Arabic Perfume Manufacturer in UAE\" width=\"105\" height=\"105\" \/><\/p>\n<h1>EFTINAN<\/h1>\n<p>Es una fragancia foug\u00e8re que destaca por su combinaci\u00f3n \u00fanica de frescura e intensidad, capturando la esencia de la elegancia y la virilidad. Con un equilibrio perfecto entre notas frescas, especias vibrantes y maderas profundas, Eftinan es una oda al encanto de Oriente, creando una experiencia olfativa tan estimulante como irresistible.<\/p>\n<p>Eftinan es una fragancia que combina elegancia y misterio, perfecta para quienes aprecian los perfumes intensos y cautivadores. El dise\u00f1o del frasco refleja la sofisticaci\u00f3n de la fragancia, con detalles que evocan lujo y exclusividad.<\/p>\n<p>&nbsp;<\/p>\n<h3>Notas Olfativas<\/h3>\n<p>&nbsp;<\/p>\n<p>Eftinan es una fragancia foug\u00e8re que destaca por su combinaci\u00f3n \u00fanica de frescura e intensidad, capturando la esencia de la elegancia y la virilidad. Con un equilibrio perfecto entre notas frescas, especias vibrantes y maderas profundas, Eftinan es una oda al encanto de Oriente, creando una experiencia olfativa tan estimulante como irresistible.<\/p>\n<ul>\n<li><strong>Notas de salida:<\/strong> Manzana, aldeh\u00eddos, pomelo y jengibre.<\/li>\n<li><strong>Nota de coraz\u00f3n:<\/strong> Salvia, lavanda y geranio.<\/li>\n<li><strong>Notas de fondo:<\/strong> Haba tonka, cedro, aceite de oliva y pachul\u00ed.<\/li>\n<\/ul>\n","protected":false},"excerpt":{"rendered":"<p>EFTINAN Es una fragancia foug\u00e8re que destaca por su combinaci\u00f3n \u00fanica de frescura e intensidad, capturando la esencia de la<\/p>\n","protected":false},"featured_media":83635,"comment_status":"open","ping_status":"closed","template":"","meta":{"nf_dc_page":""},"product_brand":[2124],"product_cat":[84],"product_tag":[2129],"class_list":{"0":"post-83634","1":"product","2":"type-product","3":"status-publish","4":"has-post-thumbnail","6":"product_brand-style-scents","7":"product_cat-perfumeria","8":"product_tag-2129","10":"first","11":"instock","12":"shipping-taxable","13":"purchasable","14":"product-type-simple"},"_links":{"self":[{"href":"https:\/\/brandss.com.py\/index\/wp-json\/wp\/v2\/product\/83634","targetHints":{"allow":["GET"]}}],"collection":[{"href":"https:\/\/brandss.com.py\/index\/wp-json\/wp\/v2\/product"}],"about":[{"href":"https:\/\/brandss.com.py\/index\/wp-json\/wp\/v2\/types\/product"}],"replies":[{"embeddable":true,"href":"https:\/\/brandss.com.py\/index\/wp-json\/wp\/v2\/comments?post=83634"}],"version-history":[{"count":1,"href":"https:\/\/brandss.com.py\/index\/wp-json\/wp\/v2\/product\/83634\/revisions"}],"predecessor-version":[{"id":83640,"href":"https:\/\/brandss.com.py\/index\/wp-json\/wp\/v2\/product\/83634\/revisions\/83640"}],"wp:featuredmedia":[{"embeddable":true,"href":"https:\/\/brandss.com.py\/index\/wp-json\/wp\/v2\/media\/83635"}],"wp:attachment":[{"href":"https:\/\/brandss.com.py\/index\/wp-json\/wp\/v2\/media?parent=83634"}],"wp:term":[{"taxonomy":"product_brand","embeddable":true,"href":"https:\/\/brandss.com.py\/index\/wp-json\/wp\/v2\/product_brand?post=83634"},{"taxonomy":"product_cat","embeddable":true,"href":"https:\/\/brandss.com.py\/index\/wp-json\/wp\/v2\/product_cat?post=83634"},{"taxonomy":"product_tag","embeddable":true,"href":"https:\/\/brandss.com.py\/index\/wp-json\/wp\/v2\/product_tag?post=83634"}],"curies":[{"name":"wp","href":"https:\/\/api.w.org\/{rel}","templated":true}]}}