{"id":83646,"date":"2025-06-04T13:44:46","date_gmt":"2025-06-04T13:44:46","guid":{"rendered":"https:\/\/brandss.com.py\/index\/?post_type=product&#038;p=83646"},"modified":"2025-07-24T17:07:33","modified_gmt":"2025-07-24T17:07:33","slug":"perfume-femenino-pierre-bernard-ce-la-vie-edp-100ml","status":"publish","type":"product","link":"https:\/\/brandss.com.py\/index\/producto\/perfume-femenino-pierre-bernard-ce-la-vie-edp-100ml\/","title":{"rendered":"PERFUME FEMENINO PIERRE BERNARD CE LA VIE EDP 100ML"},"content":{"rendered":"<p><img loading=\"lazy\" decoding=\"async\" class=\"\" src=\"https:\/\/www.excellenceimp.com.br\/images\/stories\/virtuemart\/manufacturer\/resized\/0-pierrebernard_0x400.jpg\" alt=\"Manufacturer Details PIERRE BERNARD\" width=\"141\" height=\"66\" \/><\/p>\n<h1>CE LA VIE<\/h1>\n<p>Una fragancia que trasciende el tiempo y redefine la elegancia moderna. Inspirado en los detalles m\u00e1s refinados del arte y la cultura, este perfume encapsula la sofisticaci\u00f3n en su forma m\u00e1s pura, dise\u00f1ado para quienes exigen lo mejor en cada aspecto de su vida. Este perfume es ideal para quienes ven el lujo no como una opci\u00f3n, sino como una necesidad cotidiana. Con su empaque impecable y su esencia duradera, Pierre Bernard no solo acompa\u00f1a, sino que define tu presencia, dejando una estela de poder y sofisticaci\u00f3n a su paso.<\/p>\n<h3><\/h3>\n<h3>Notas Olfativas<\/h3>\n<p>&nbsp;<\/p>\n<p>Ce La Vie es una fragancia para mujeres que son misteriosas y provocativas. El perfume Ce La Vie es una fragancia de la familia \u00e1mbar para mujeres.<\/p>\n<ul>\n<li><strong>Notas de salida:<\/strong> Lavanda, mandarina, y bergamota.<\/li>\n<li><strong>Notas de coraz\u00f3n:\u00a0<\/strong>Flor de naranja tunecina, jazm\u00edn sambac, y orqu\u00eddea.<\/li>\n<li><strong>Notas de fondo:<\/strong> Vainilla de Madagascar, haba tonka, \u00e1mbar gris, y vetiver.<\/li>\n<\/ul>\n","protected":false},"excerpt":{"rendered":"<p>CE LA VIE Una fragancia que trasciende el tiempo y redefine la elegancia moderna. Inspirado en los detalles m\u00e1s refinados<\/p>\n","protected":false},"featured_media":83647,"comment_status":"open","ping_status":"closed","template":"","meta":{"nf_dc_page":""},"product_brand":[],"product_cat":[84],"product_tag":[],"class_list":{"0":"post-83646","1":"product","2":"type-product","3":"status-publish","4":"has-post-thumbnail","6":"product_cat-perfumeria","8":"first","9":"instock","10":"shipping-taxable","11":"purchasable","12":"product-type-simple"},"_links":{"self":[{"href":"https:\/\/brandss.com.py\/index\/wp-json\/wp\/v2\/product\/83646","targetHints":{"allow":["GET"]}}],"collection":[{"href":"https:\/\/brandss.com.py\/index\/wp-json\/wp\/v2\/product"}],"about":[{"href":"https:\/\/brandss.com.py\/index\/wp-json\/wp\/v2\/types\/product"}],"replies":[{"embeddable":true,"href":"https:\/\/brandss.com.py\/index\/wp-json\/wp\/v2\/comments?post=83646"}],"version-history":[{"count":1,"href":"https:\/\/brandss.com.py\/index\/wp-json\/wp\/v2\/product\/83646\/revisions"}],"predecessor-version":[{"id":83650,"href":"https:\/\/brandss.com.py\/index\/wp-json\/wp\/v2\/product\/83646\/revisions\/83650"}],"wp:featuredmedia":[{"embeddable":true,"href":"https:\/\/brandss.com.py\/index\/wp-json\/wp\/v2\/media\/83647"}],"wp:attachment":[{"href":"https:\/\/brandss.com.py\/index\/wp-json\/wp\/v2\/media?parent=83646"}],"wp:term":[{"taxonomy":"product_brand","embeddable":true,"href":"https:\/\/brandss.com.py\/index\/wp-json\/wp\/v2\/product_brand?post=83646"},{"taxonomy":"product_cat","embeddable":true,"href":"https:\/\/brandss.com.py\/index\/wp-json\/wp\/v2\/product_cat?post=83646"},{"taxonomy":"product_tag","embeddable":true,"href":"https:\/\/brandss.com.py\/index\/wp-json\/wp\/v2\/product_tag?post=83646"}],"curies":[{"name":"wp","href":"https:\/\/api.w.org\/{rel}","templated":true}]}}