{"id":83655,"date":"2025-06-04T16:58:29","date_gmt":"2025-06-04T16:58:29","guid":{"rendered":"https:\/\/brandss.com.py\/index\/?post_type=product&#038;p=83655"},"modified":"2025-09-25T13:00:31","modified_gmt":"2025-09-25T13:00:31","slug":"acondicionador-capilar-dosti-beauty-anticaspa-coconut-oil-1000ml","status":"publish","type":"product","link":"https:\/\/brandss.com.py\/index\/producto\/acondicionador-capilar-dosti-beauty-anticaspa-coconut-oil-1000ml\/","title":{"rendered":"ACONDICIONADOR CAPILAR DOSTI BEAUTY ANTICASPA COCONUT OIL 1000ML"},"content":{"rendered":"<p><img loading=\"lazy\" decoding=\"async\" class=\"\" src=\"https:\/\/encrypted-tbn0.gstatic.com\/images?q=tbn:ANd9GcTpudllpNpw4S9BXBA53NB5pN8FEvL7QO5mjA&amp;s\" alt=\"Dosti beauty\" width=\"73\" height=\"73\" \/><\/p>\n<h1>ANTICASPA COCONUT OIL<\/h1>\n<div dir=\"auto\">Tratamiento antica\u00edda de coco con vitamina E para el cabello. Evita la ca\u00edda del cabello y repara de la ra\u00edz a la punta. Consiste en coco 100% natural, trata todos los problemas del cabello y te brinda un cabello hermoso y saludable. Tambi\u00e9n ayuda a reducir la ca\u00edda del cabello, reduce el enredo del cabello, y da al cabello una fragancia y un aspecto brillante.<\/div>\n","protected":false},"excerpt":{"rendered":"<p>ANTICASPA COCONUT OIL Tratamiento antica\u00edda de coco con vitamina E para el cabello. Evita la ca\u00edda del cabello y repara<\/p>\n","protected":false},"featured_media":83656,"comment_status":"open","ping_status":"closed","template":"","meta":{"nf_dc_page":""},"product_brand":[458],"product_cat":[85],"product_tag":[460],"class_list":{"0":"post-83655","1":"product","2":"type-product","3":"status-publish","4":"has-post-thumbnail","6":"product_brand-dosti","7":"product_cat-cosmeticos","8":"product_tag-460","10":"first","11":"instock","12":"shipping-taxable","13":"purchasable","14":"product-type-simple"},"_links":{"self":[{"href":"https:\/\/brandss.com.py\/index\/wp-json\/wp\/v2\/product\/83655","targetHints":{"allow":["GET"]}}],"collection":[{"href":"https:\/\/brandss.com.py\/index\/wp-json\/wp\/v2\/product"}],"about":[{"href":"https:\/\/brandss.com.py\/index\/wp-json\/wp\/v2\/types\/product"}],"replies":[{"embeddable":true,"href":"https:\/\/brandss.com.py\/index\/wp-json\/wp\/v2\/comments?post=83655"}],"version-history":[{"count":1,"href":"https:\/\/brandss.com.py\/index\/wp-json\/wp\/v2\/product\/83655\/revisions"}],"predecessor-version":[{"id":83658,"href":"https:\/\/brandss.com.py\/index\/wp-json\/wp\/v2\/product\/83655\/revisions\/83658"}],"wp:featuredmedia":[{"embeddable":true,"href":"https:\/\/brandss.com.py\/index\/wp-json\/wp\/v2\/media\/83656"}],"wp:attachment":[{"href":"https:\/\/brandss.com.py\/index\/wp-json\/wp\/v2\/media?parent=83655"}],"wp:term":[{"taxonomy":"product_brand","embeddable":true,"href":"https:\/\/brandss.com.py\/index\/wp-json\/wp\/v2\/product_brand?post=83655"},{"taxonomy":"product_cat","embeddable":true,"href":"https:\/\/brandss.com.py\/index\/wp-json\/wp\/v2\/product_cat?post=83655"},{"taxonomy":"product_tag","embeddable":true,"href":"https:\/\/brandss.com.py\/index\/wp-json\/wp\/v2\/product_tag?post=83655"}],"curies":[{"name":"wp","href":"https:\/\/api.w.org\/{rel}","templated":true}]}}