{"id":83748,"date":"2025-06-06T12:06:30","date_gmt":"2025-06-06T12:06:30","guid":{"rendered":"https:\/\/brandss.com.py\/index\/?post_type=product&#038;p=83748"},"modified":"2025-07-18T10:21:36","modified_gmt":"2025-07-18T10:21:36","slug":"tv-smart-led-hye-hye32athz-32-hd-wi-fi","status":"publish","type":"product","link":"https:\/\/brandss.com.py\/index\/producto\/tv-smart-led-hye-hye32athz-32-hd-wi-fi\/","title":{"rendered":"TV SMART LED HYE HYE32ATHZ 32&#8243; HD WI-FI"},"content":{"rendered":"<p><img loading=\"lazy\" decoding=\"async\" class=\"\" src=\"https:\/\/static.wixstatic.com\/media\/6f6d21_7776dd2c7ec748dba138b1286a6e115d~mv2.png\/v1\/fit\/w_2500,h_1330,al_c\/6f6d21_7776dd2c7ec748dba138b1286a6e115d~mv2.png\" alt=\"\u516c\u53f8\u7c21\u4ecb| \u7d05\u7131\u96fb\u5b50\u6709\u9650\u516c\u53f8\" width=\"135\" height=\"84\" \/><\/p>\n<h1>HYE32ATHZ<\/h1>\n<p>El televisor Smart LED HYE HYE32ATHZ de 32&#8243; HD en elegante color negro es la elecci\u00f3n perfecta para quienes buscan una experiencia de visualizaci\u00f3n envolvente y de alta calidad. Este Smart TV, con su pantalla de 32 pulgadas, ofrece im\u00e1genes n\u00edtidas y colores vivos que transforman cualquier sala en un centro de entretenimiento. Su convertidor de TV digital ISDB-T incorporado garantiza que puedas disfrutar de tus canales favoritos locales con claridad y sin interrupciones. Compatible con sistemas de TV PAL-M\/N y NTSC, este televisor se adapta f\u00e1cilmente a tus necesidades de visualizaci\u00f3n. Con capacidades WiFi integradas, acceder\u00e1s r\u00e1pidamente a servicios de transmisi\u00f3n populares como YouTube, Netflix y Amazon Prime Video, as\u00ed como a redes sociales como Facebook y Twitter, directamente desde tu pantalla. Este dispositivo no solo promete entretenimiento de calidad, sino que tambi\u00e9n es ideal para noches de cine en casa, maratones de series o simplemente para mantenerse al d\u00eda con las \u00faltimas actualizaciones en redes sociales. Experimenta la comodidad y la versatilidad que el Televisor Smart LED HYE32ATHZ tiene para ofrecer y transforma tu hogar en un verdadero centro multimedia.<\/p>\n<div class=\"mb-4 mt-4 descripciones\">\n<h4>Especificaciones<\/h4>\n<\/div>\n<div class=\"item d-flex flex-column flex-lg-row\">\n<div class=\"esp d-flex align-items-center bor\">MARCA: HYE<\/div>\n<\/div>\n<div class=\"item d-flex flex-column flex-lg-row\">\n<div class=\"esp d-flex align-items-center bor\">COLOR: Negro<\/div>\n<\/div>\n<div class=\"item d-flex flex-column flex-lg-row\">\n<div class=\"esp d-flex align-items-center bor\">PANTALLA: LED de 32&#8243;<\/div>\n<\/div>\n<div class=\"item d-flex flex-column flex-lg-row\">\n<div class=\"esp d-flex align-items-center bor\">RESOLUCI\u00d3N DE LA PANTALLA: HD 1366 x 768<\/div>\n<\/div>\n<div class=\"item d-flex flex-column flex-lg-row\">\n<div class=\"esp d-flex align-items-center bor\">SISTEMA OPERATIVO: Android 14<\/div>\n<\/div>\n<div class=\"item d-flex flex-column flex-lg-row\">\n<div class=\"esp d-flex align-items-center bor\">ALTO PARLANTE: Integrados<\/div>\n<\/div>\n<div class=\"item d-flex flex-column flex-lg-row\">\n<div class=\"esp d-flex align-items-center bor\">MODELO: HYE32ATHZ<\/div>\n<\/div>\n<div class=\"item d-flex flex-column flex-lg-row\">\n<div class=\"esp d-flex align-items-center bor\">CONECTIVIDAD WIRELESS: Wi-Fi<\/div>\n<\/div>\n<div class=\"item d-flex flex-column flex-lg-row\">\n<div class=\"esp d-flex align-items-center bor\">VOLTAJE: 100 &#8211; 240 V ~ 50\/60 Hz<\/div>\n<\/div>\n<div class=\"item d-flex flex-column flex-lg-row\">\n<div class=\"esp d-flex align-items-center bor\">INTERFAZ: 2 HDMI &#8211; 2 USB &#8211; A.V IN &#8211; RF IN &#8211; COAX &#8211; Auxiliar Mini Jack 3.5 mm &#8211; RJ45<\/div>\n<\/div>\n<div class=\"item d-flex flex-column flex-lg-row\">\n<div class=\"esp d-flex align-items-center bor\">INCLUYE: Control remoto &#8211; 2 pilas AAA &#8211; Manual<\/div>\n<\/div>\n<div class=\"item d-flex flex-column flex-lg-row\">\n<div class=\"esp d-flex align-items-center bor\">CARACTER\u00cdSTICAS: Conversor de TV Digital ISDB-T integrado &#8211; Soporta servicio de Streaming como Netflix y YouTube, por ejemplo<\/div>\n<\/div>\n<div class=\"item d-flex flex-column flex-lg-row\">\n<div class=\"esp d-flex align-items-center bor\">PESO BRUTO (g): 4386<\/div>\n<\/div>\n<div class=\"item d-flex flex-column flex-lg-row\">\n<div class=\"esp d-flex align-items-center bor\">DIMENSIONES DE EMBALAJE (cm): 76 x 8.6 x 46.4<\/div>\n<\/div>\n","protected":false},"excerpt":{"rendered":"<p>HYE32ATHZ El televisor Smart LED HYE HYE32ATHZ de 32&#8243; HD en elegante color negro es la elecci\u00f3n perfecta para quienes<\/p>\n","protected":false},"featured_media":83749,"comment_status":"open","ping_status":"closed","template":"","meta":{"nf_dc_page":""},"product_brand":[],"product_cat":[89],"product_tag":[],"class_list":{"0":"post-83748","1":"product","2":"type-product","3":"status-publish","4":"has-post-thumbnail","6":"product_cat-electronicos","8":"first","9":"outofstock","10":"shipping-taxable","11":"purchasable","12":"product-type-simple"},"_links":{"self":[{"href":"https:\/\/brandss.com.py\/index\/wp-json\/wp\/v2\/product\/83748","targetHints":{"allow":["GET"]}}],"collection":[{"href":"https:\/\/brandss.com.py\/index\/wp-json\/wp\/v2\/product"}],"about":[{"href":"https:\/\/brandss.com.py\/index\/wp-json\/wp\/v2\/types\/product"}],"replies":[{"embeddable":true,"href":"https:\/\/brandss.com.py\/index\/wp-json\/wp\/v2\/comments?post=83748"}],"version-history":[{"count":1,"href":"https:\/\/brandss.com.py\/index\/wp-json\/wp\/v2\/product\/83748\/revisions"}],"predecessor-version":[{"id":83757,"href":"https:\/\/brandss.com.py\/index\/wp-json\/wp\/v2\/product\/83748\/revisions\/83757"}],"wp:featuredmedia":[{"embeddable":true,"href":"https:\/\/brandss.com.py\/index\/wp-json\/wp\/v2\/media\/83749"}],"wp:attachment":[{"href":"https:\/\/brandss.com.py\/index\/wp-json\/wp\/v2\/media?parent=83748"}],"wp:term":[{"taxonomy":"product_brand","embeddable":true,"href":"https:\/\/brandss.com.py\/index\/wp-json\/wp\/v2\/product_brand?post=83748"},{"taxonomy":"product_cat","embeddable":true,"href":"https:\/\/brandss.com.py\/index\/wp-json\/wp\/v2\/product_cat?post=83748"},{"taxonomy":"product_tag","embeddable":true,"href":"https:\/\/brandss.com.py\/index\/wp-json\/wp\/v2\/product_tag?post=83748"}],"curies":[{"name":"wp","href":"https:\/\/api.w.org\/{rel}","templated":true}]}}