{"id":83791,"date":"2025-06-06T17:04:31","date_gmt":"2025-06-06T17:04:31","guid":{"rendered":"https:\/\/brandss.com.py\/index\/?post_type=product&#038;p=83791"},"modified":"2025-10-25T12:46:32","modified_gmt":"2025-10-25T12:46:32","slug":"perfume-unisex-lattafa-pride-affection-edp-100ml","status":"publish","type":"product","link":"https:\/\/brandss.com.py\/index\/producto\/perfume-unisex-lattafa-pride-affection-edp-100ml\/","title":{"rendered":"PERFUME UNISEX LATTAFA PRIDE AFFECTION EDP 100ML"},"content":{"rendered":"<p><img loading=\"lazy\" decoding=\"async\" class=\"\" src=\"https:\/\/myscentjourney.s3.us-east-2.amazonaws.com\/2022\/02\/14\/29KIascent_j_marca_1644871114_202.png\" alt=\"MSJ::LATTAFA\" width=\"73\" height=\"87\" \/><\/p>\n<h1>AFFECTION<\/h1>\n<p>Sum\u00e9rgete en el cautivador encanto de Affection, una fragancia dise\u00f1ada para personas audaces y seguras de s\u00ed mismas. Descubre la sofisticaci\u00f3n y el encanto de Affection. Este perfume embriagador est\u00e1 dise\u00f1ado para capturar la esencia de la elegancia moderna con un toque de exotismo oriental. Con notas arom\u00e1ticas perfectamente equilibradas, Affection es una fragancia que deja una impresi\u00f3n duradera, ideal para ocasiones especiales o para a\u00f1adir un toque de lujo a tu d\u00eda a d\u00eda.<img loading=\"lazy\" decoding=\"async\" class=\"alignleft\" src=\"https:\/\/krizrealestudio.com\/cdn\/shop\/files\/affection-love-1_900x.jpg?v=1722977970\" width=\"621\" height=\"621\" \/><\/p>\n<p><strong>Caracter\u00edsticas Principales:<\/strong><\/p>\n<ul>\n<li><strong>Duraci\u00f3n Prolongada:<\/strong>\u00a0Eau de Parfum de larga duraci\u00f3n que te acompa\u00f1a durante todo el d\u00eda.<\/li>\n<li><strong>Aroma Sofisticado:<\/strong>\u00a0Una mezcla de notas c\u00edtricas, florales y amaderadas que crean una fragancia \u00fanica y memorable.<\/li>\n<li><strong>Presentaci\u00f3n Elegante:<\/strong>\u00a0Botella de dise\u00f1o sofisticado que refleja la esencia de la fragancia.<\/li>\n<\/ul>\n<p><strong>Beneficios Clave:<\/strong><\/p>\n<ul>\n<li><strong>Versatilidad:<\/strong>\u00a0Adecuado para todas las ocasiones, desde eventos formales hasta uso diario.<\/li>\n<li><strong>Atractivo Unisex:<\/strong>\u00a0Fragancia apreciada tanto por hombres como por mujeres.<\/li>\n<li><strong>Calidad Premium:<\/strong>\u00a0Elaborada con ingredientes de alta calidad que aseguran un aroma duradero y refinado.<\/li>\n<\/ul>\n<h3><\/h3>\n<h3>Notas Olfativas<\/h3>\n<p>&nbsp;<\/p>\n<p>Affection Perfume\u00a0es una fragancia bellamente elaborada que entrelaza las delicadas notas de lirio de los valles, jazm\u00edn, frambuesa y lact\u00f3nica para crear una experiencia olfativa cautivadora y afectuosa. A medida que se desarrolla la\u00a0fragancia\u00a0, emergen con gracia las notas de coraz\u00f3n de lirio de los valles y jazm\u00edn.\u00a0El lirio de los valles a\u00f1ade una cualidad fresca, verde y ligeramente floral, evocando la inocencia y la pureza del afecto.\u00a0El jazm\u00edn, por otro lado, introduce un aroma rico, floral y embriagador que encarna la pasi\u00f3n y la intensidad del amor y la conexi\u00f3n.\u00a0Juntas, estas notas de coraz\u00f3n crean un bouquet armonioso y encantador.<\/p>\n<p>Esta singular fragancia unisex, disponible en un generoso envase de 95 ml, es una mezcla exclusiva de notas de salida con pistacho, avellana y capullos de grosella negra.<\/p>\n<p>&nbsp;<\/p>\n<ul>\n<li><strong>Notas de salida:<\/strong> pistacho (pistache), avellana y grosellas negras<\/li>\n<li><strong>Notas de coraz\u00f3n:<\/strong> Lactonas, frambuesa, jazm\u00edn y lirio de los valles (muguete)<\/li>\n<li><strong>Notas de fondo:<\/strong> Lactonas, vainilla y haba tonka.<\/li>\n<\/ul>\n","protected":false},"excerpt":{"rendered":"<p>AFFECTION Sum\u00e9rgete en el cautivador encanto de Affection, una fragancia dise\u00f1ada para personas audaces y seguras de s\u00ed mismas. Descubre<\/p>\n","protected":false},"featured_media":83792,"comment_status":"open","ping_status":"closed","template":"","meta":{"nf_dc_page":""},"product_brand":[109],"product_cat":[84],"product_tag":[605],"class_list":{"0":"post-83791","1":"product","2":"type-product","3":"status-publish","4":"has-post-thumbnail","6":"product_brand-lattafa","7":"product_cat-perfumeria","8":"product_tag-605","10":"first","11":"instock","12":"shipping-taxable","13":"purchasable","14":"product-type-simple"},"_links":{"self":[{"href":"https:\/\/brandss.com.py\/index\/wp-json\/wp\/v2\/product\/83791","targetHints":{"allow":["GET"]}}],"collection":[{"href":"https:\/\/brandss.com.py\/index\/wp-json\/wp\/v2\/product"}],"about":[{"href":"https:\/\/brandss.com.py\/index\/wp-json\/wp\/v2\/types\/product"}],"replies":[{"embeddable":true,"href":"https:\/\/brandss.com.py\/index\/wp-json\/wp\/v2\/comments?post=83791"}],"version-history":[{"count":1,"href":"https:\/\/brandss.com.py\/index\/wp-json\/wp\/v2\/product\/83791\/revisions"}],"predecessor-version":[{"id":83797,"href":"https:\/\/brandss.com.py\/index\/wp-json\/wp\/v2\/product\/83791\/revisions\/83797"}],"wp:featuredmedia":[{"embeddable":true,"href":"https:\/\/brandss.com.py\/index\/wp-json\/wp\/v2\/media\/83792"}],"wp:attachment":[{"href":"https:\/\/brandss.com.py\/index\/wp-json\/wp\/v2\/media?parent=83791"}],"wp:term":[{"taxonomy":"product_brand","embeddable":true,"href":"https:\/\/brandss.com.py\/index\/wp-json\/wp\/v2\/product_brand?post=83791"},{"taxonomy":"product_cat","embeddable":true,"href":"https:\/\/brandss.com.py\/index\/wp-json\/wp\/v2\/product_cat?post=83791"},{"taxonomy":"product_tag","embeddable":true,"href":"https:\/\/brandss.com.py\/index\/wp-json\/wp\/v2\/product_tag?post=83791"}],"curies":[{"name":"wp","href":"https:\/\/api.w.org\/{rel}","templated":true}]}}