{"id":83798,"date":"2025-06-06T17:28:52","date_gmt":"2025-06-06T17:28:52","guid":{"rendered":"https:\/\/brandss.com.py\/index\/?post_type=product&#038;p=83798"},"modified":"2026-03-18T10:07:13","modified_gmt":"2026-03-18T10:07:13","slug":"perfume-unisex-lattafa-pride-al-qiam-silver-edp-100ml","status":"publish","type":"product","link":"https:\/\/brandss.com.py\/index\/producto\/perfume-unisex-lattafa-pride-al-qiam-silver-edp-100ml\/","title":{"rendered":"PERFUME UNISEX LATTAFA PRIDE AL QIAM SILVER EDP 100ML"},"content":{"rendered":"<p><img loading=\"lazy\" decoding=\"async\" class=\"\" src=\"https:\/\/myscentjourney.s3.us-east-2.amazonaws.com\/2022\/02\/14\/29KIascent_j_marca_1644871114_202.png\" alt=\"MSJ::LATTAFA\" width=\"78\" height=\"92\" \/><\/p>\n<h1>AL QIAM SILVER<\/h1>\n<p data-start=\"0\" data-end=\"477\"><span>Es una fragancia cautivadora que fusiona una sofisticaci\u00f3n audaz con un encanto innegable. Dise\u00f1ado para quienes buscan destacar sin decir una palabra, este deslumbrante aroma es m\u00e1s que una simple fragancia: es un esencial para tu estilo de vida. Ya sea que asistas a una reuni\u00f3n importante, salgas de fiesta o simplemente quieras transmitir confianza, <\/span>Al Qiam Silver<span>\u00a0es tu aroma distintivo.<\/span><\/p>\n<ul data-start=\"479\" data-end=\"811\">\n<li data-start=\"479\" data-end=\"541\">\n<p data-start=\"481\" data-end=\"541\">100 ml Eau de Parfum (EDP)<span>: duradero y lujoso<\/span><\/p>\n<\/li>\n<li data-start=\"542\" data-end=\"601\">\n<p data-start=\"544\" data-end=\"601\"><span>Aroma atrevido y moderno con un profundo\u00a0car\u00e1cter\u00a0<\/span>c\u00edtrico y amaderado.<\/p>\n<\/li>\n<li data-start=\"602\" data-end=\"675\">\n<p data-start=\"604\" data-end=\"675\"><span>Inspirado en la m\u00edstica de Oriente con un toque fresco y contempor\u00e1neo.<\/span><\/p>\n<\/li>\n<li data-start=\"676\" data-end=\"740\">\n<p data-start=\"678\" data-end=\"740\"><span>La elegante botella negra simboliza poder, elegancia y misterio.<\/span><\/p>\n<\/li>\n<li data-start=\"741\" data-end=\"811\">\n<p data-start=\"743\" data-end=\"811\"><span>Perfecto tanto para hombres como para mujeres que aprecian la profundidad y el refinamiento.<\/span><\/p>\n<\/li>\n<li data-start=\"1829\" data-end=\"1903\">\n<p data-start=\"1831\" data-end=\"1903\"><span><span>Almizclado, limpio y ex\u00f3tico: ideal para la noche o para ocasiones especiales.<\/span><\/span><\/p>\n<\/li>\n<li data-start=\"1904\" data-end=\"1965\">\n<p data-start=\"1906\" data-end=\"1965\"><span><span>Una opci\u00f3n sofisticada para regalar o darse un capricho personal.<\/span><\/span><\/p>\n<\/li>\n<li data-start=\"1966\" data-end=\"2042\">\n<p data-start=\"1968\" data-end=\"2042\"><span><span>Gran proyecci\u00f3n y longevidad: una pulverizaci\u00f3n es suficiente para causar sensaci\u00f3n.<\/span><\/span><\/p>\n<\/li>\n<li data-start=\"2043\" data-end=\"2102\">\n<p data-start=\"2045\" data-end=\"2102\"><span><span>Se adapta a todas las estaciones, especialmente perfecto para los meses m\u00e1s fr\u00edos.<\/span><\/span><\/p>\n<\/li>\n<\/ul>\n<p data-start=\"2412\" data-end=\"2692\"><strong data-start=\"2412\" data-end=\"2446\"><span>El perfume Lataffa Al Qiam Silver<\/span><\/strong><span>\u00a0no es solo un frasco m\u00e1s en tu estanter\u00eda: es un imprescindible para los amantes de las fragancias que buscan algo diferente pero atemporal. Con un equilibrio adictivo de especias intensas, c\u00edtricos frescos y maderas suaves, esta fragancia impacta sin resultar abrumadora.<\/span><\/p>\n<p data-start=\"2694\" data-end=\"2923\">\n<p><img decoding=\"async\" class=\"alignleft\" src=\"https:\/\/ramfabeauty.com\/cdn\/shop\/files\/Lattafa_Al_Qiam_Silver_EDP_Men_Perfume_100ml-297244.jpg?v=1749031195&amp;width=3000\" \/><\/p>\n<p data-start=\"2694\" data-end=\"2923\"><strong data-start=\"2702\" data-end=\"2724\"><span>Los fans de\u00a0Al Qiam Silver EDP<\/span><\/strong><span>\u00a0elogian su capacidad de ser a la vez fresco y misterioso, en\u00e9rgico y a la vez con esencia. Captura la esencia de las fragancias\u00a0<\/span><strong data-start=\"2828\" data-end=\"2847\"><span>Lattafa Al Qiam<\/span><\/strong><span>\u00a0, arraigadas en la tradici\u00f3n oriental, pero reinventadas para el mundo moderno.<\/span><\/p>\n<ul data-start=\"2925\" data-end=\"3108\">\n<li data-start=\"2925\" data-end=\"2983\">\n<p data-start=\"2927\" data-end=\"2983\"><span>Fragancia premium elaborada con cuidado y lujo en mente.<\/span><\/p>\n<\/li>\n<li data-start=\"2984\" data-end=\"3053\">\n<p data-start=\"2986\" data-end=\"3053\"><span>Atractivo unisex: ideal para quienes buscan un aroma exclusivo y caracter\u00edstico.<\/span><\/p>\n<\/li>\n<li data-start=\"3054\" data-end=\"3108\">\n<p data-start=\"3056\" data-end=\"3108\"><span>Irradia clase, potencia y refinamiento en cada pulverizaci\u00f3n.<\/span><\/p>\n<\/li>\n<\/ul>\n<p data-start=\"3110\" data-end=\"3340\" data-is-last-node=\"\" data-is-only-node=\"\"><span>No te limites a usar una fragancia: domina tu espacio con\u00a0<\/span><strong data-start=\"3158\" data-end=\"3192\"><span>el perfume Lataffa Al Qiam Silver<\/span><\/strong><span>\u00a0. A\u00f1ade este aroma excepcional a tu colecci\u00f3n y realza tu presencia diaria. Una vez que lo pruebes, te preguntar\u00e1s c\u00f3mo pudiste vivir sin \u00e9l.<\/span><\/p>\n<h3 data-start=\"3110\" data-end=\"3340\">Notas Olfativas<\/h3>\n<p>&nbsp;<\/p>\n<p>Al Qiam Silver de Lattafa Perfumes es una creaci\u00f3n olfativa de la marca Lattafa Perfumes, lanzada al mercado en 2022. Esta fragancia se presenta en concentraci\u00f3n Eau de Parfum y est\u00e1 dise\u00f1ada para Unisex, representando una sofisticada interpretaci\u00f3n dentro de la familia Amaderada y C\u00edtrica.<\/p>\n<p><strong>Notas de salida:<\/strong> Toronja (Pomelo), Jengibre.<\/p>\n<p><strong>Notas de coraz\u00f3n: <\/strong>Ambroxan, S\u00e1ndalo.<\/p>\n<p><strong>Notas de fondo: <\/strong>Almizcle, Vetiver.<\/p>\n","protected":false},"excerpt":{"rendered":"<p>AL QIAM SILVER Es una fragancia cautivadora que fusiona una sofisticaci\u00f3n audaz con un encanto innegable. Dise\u00f1ado para quienes buscan<\/p>\n","protected":false},"featured_media":83799,"comment_status":"open","ping_status":"closed","template":"","meta":{"nf_dc_page":""},"product_brand":[109],"product_cat":[84],"product_tag":[913],"class_list":{"0":"post-83798","1":"product","2":"type-product","3":"status-publish","4":"has-post-thumbnail","6":"product_brand-lattafa","7":"product_cat-perfumeria","8":"product_tag-913","10":"first","11":"instock","12":"sale","13":"shipping-taxable","14":"purchasable","15":"product-type-simple"},"_links":{"self":[{"href":"https:\/\/brandss.com.py\/index\/wp-json\/wp\/v2\/product\/83798","targetHints":{"allow":["GET"]}}],"collection":[{"href":"https:\/\/brandss.com.py\/index\/wp-json\/wp\/v2\/product"}],"about":[{"href":"https:\/\/brandss.com.py\/index\/wp-json\/wp\/v2\/types\/product"}],"replies":[{"embeddable":true,"href":"https:\/\/brandss.com.py\/index\/wp-json\/wp\/v2\/comments?post=83798"}],"version-history":[{"count":1,"href":"https:\/\/brandss.com.py\/index\/wp-json\/wp\/v2\/product\/83798\/revisions"}],"predecessor-version":[{"id":83808,"href":"https:\/\/brandss.com.py\/index\/wp-json\/wp\/v2\/product\/83798\/revisions\/83808"}],"wp:featuredmedia":[{"embeddable":true,"href":"https:\/\/brandss.com.py\/index\/wp-json\/wp\/v2\/media\/83799"}],"wp:attachment":[{"href":"https:\/\/brandss.com.py\/index\/wp-json\/wp\/v2\/media?parent=83798"}],"wp:term":[{"taxonomy":"product_brand","embeddable":true,"href":"https:\/\/brandss.com.py\/index\/wp-json\/wp\/v2\/product_brand?post=83798"},{"taxonomy":"product_cat","embeddable":true,"href":"https:\/\/brandss.com.py\/index\/wp-json\/wp\/v2\/product_cat?post=83798"},{"taxonomy":"product_tag","embeddable":true,"href":"https:\/\/brandss.com.py\/index\/wp-json\/wp\/v2\/product_tag?post=83798"}],"curies":[{"name":"wp","href":"https:\/\/api.w.org\/{rel}","templated":true}]}}