{"id":83809,"date":"2025-06-06T18:01:18","date_gmt":"2025-06-06T18:01:18","guid":{"rendered":"https:\/\/brandss.com.py\/index\/?post_type=product&#038;p=83809"},"modified":"2026-01-29T12:25:23","modified_gmt":"2026-01-29T12:25:23","slug":"perfume-unisex-lattafa-pride-breeze-edp-100ml","status":"publish","type":"product","link":"https:\/\/brandss.com.py\/index\/producto\/perfume-unisex-lattafa-pride-breeze-edp-100ml\/","title":{"rendered":"PERFUME UNISEX LATTAFA PRIDE BREEZE EDP 100ML"},"content":{"rendered":"<p><img loading=\"lazy\" decoding=\"async\" class=\"\" src=\"https:\/\/myscentjourney.s3.us-east-2.amazonaws.com\/2022\/02\/14\/29KIascent_j_marca_1644871114_202.png\" alt=\"MSJ::LATTAFA\" width=\"72\" height=\"86\" \/><\/p>\n<h1>BREEZE<\/h1>\n<p>Breeze es una fragancia unisex que irradia tranquilidad y elegancia. Breeze es ideal para quienes buscan una fragancia que equilibre la frescura con la calidez, lo que la hace adecuada tanto para el d\u00eda como para la noche. Breeze captura la esencia de la serenidad y la contemplaci\u00f3n. Es una fragancia que invita a hacer una pausa, respirar profundamente y saborear la belleza del momento. Breeze es una elecci\u00f3n perfecta para quienes buscan una fragancia que encarne la tranquilidad y la elegancia de los placeres simples de la vida.<img loading=\"lazy\" decoding=\"async\" class=\"alignleft\" src=\"https:\/\/aromatica.one\/wp-content\/uploads\/2025\/04\/breeze-edp-600x600.jpg\" width=\"487\" height=\"487\" \/><\/p>\n<h3>Notas Olfativas<\/h3>\n<p>Breeze es una fragancia encantadora y armoniosa que combina las exquisitas notas de bergamota, incienso, cardamomo, almizcle y s\u00e1ndalo para crear un aroma que evoca una sensaci\u00f3n de serenidad y sofisticaci\u00f3n. La base de Breeze est\u00e1 enriquecida con las notas calmantes y sensuales del almizcle y el s\u00e1ndalo. El almizcle a\u00f1ade una calidez suave y almizclada, como una suave caricia en la piel, mientras que el s\u00e1ndalo aporta una riqueza cremosa y amaderada. Estas notas de fondo crean una base reconfortante y duradera para la fragancia, como el abrazo de una brisa tranquila al atardecer.<\/p>\n<ul data-start=\"266\" data-end=\"459\">\n<li class=\"\" data-start=\"266\" data-end=\"314\">\n<p class=\"\" data-start=\"268\" data-end=\"314\"><strong data-start=\"268\" data-end=\"276\"><span>Notas de salida: <\/span><\/strong><span class=\"relative -mx-px my-[-0.2rem] rounded px-px py-[0.2rem] transition-colors duration-100 ease-in-out\"><span>Bergamota, Incienso, Cardamomo.<\/p>\n<p><\/span><\/span><\/p>\n<\/li>\n<li class=\"\" data-start=\"315\" data-end=\"365\">\n<p class=\"\" data-start=\"317\" data-end=\"365\"><strong data-start=\"317\" data-end=\"327\"><span>Notas de coraz\u00f3n: <\/span><\/strong><span class=\"relative -mx-px my-[-0.2rem] rounded px-px py-[0.2rem] transition-colors duration-100 ease-in-out\"><span>Lirio de los valles, ciclamen.<\/p>\n<p><\/span><\/span><\/p>\n<\/li>\n<li class=\"\" data-start=\"366\" data-end=\"459\">\n<p class=\"\" data-start=\"368\" data-end=\"459\"><strong data-start=\"368\" data-end=\"377\"><span>Notas de fondo: <\/span><\/strong><span class=\"relative -mx-px my-[-0.2rem] rounded px-px py-[0.2rem] transition-colors duration-100 ease-in-out\"><span>Almizcle, s\u00e1ndalo, cedro.<\/span><\/span><\/p>\n<\/li>\n<\/ul>\n","protected":false},"excerpt":{"rendered":"<p>BREEZE Breeze es una fragancia unisex que irradia tranquilidad y elegancia. Breeze es ideal para quienes buscan una fragancia que<\/p>\n","protected":false},"featured_media":83810,"comment_status":"open","ping_status":"closed","template":"","meta":{"nf_dc_page":""},"product_brand":[109],"product_cat":[84],"product_tag":[1597],"class_list":{"0":"post-83809","1":"product","2":"type-product","3":"status-publish","4":"has-post-thumbnail","6":"product_brand-lattafa","7":"product_cat-perfumeria","8":"product_tag-1597","10":"first","11":"instock","12":"sale","13":"shipping-taxable","14":"purchasable","15":"product-type-simple"},"_links":{"self":[{"href":"https:\/\/brandss.com.py\/index\/wp-json\/wp\/v2\/product\/83809","targetHints":{"allow":["GET"]}}],"collection":[{"href":"https:\/\/brandss.com.py\/index\/wp-json\/wp\/v2\/product"}],"about":[{"href":"https:\/\/brandss.com.py\/index\/wp-json\/wp\/v2\/types\/product"}],"replies":[{"embeddable":true,"href":"https:\/\/brandss.com.py\/index\/wp-json\/wp\/v2\/comments?post=83809"}],"version-history":[{"count":1,"href":"https:\/\/brandss.com.py\/index\/wp-json\/wp\/v2\/product\/83809\/revisions"}],"predecessor-version":[{"id":83815,"href":"https:\/\/brandss.com.py\/index\/wp-json\/wp\/v2\/product\/83809\/revisions\/83815"}],"wp:featuredmedia":[{"embeddable":true,"href":"https:\/\/brandss.com.py\/index\/wp-json\/wp\/v2\/media\/83810"}],"wp:attachment":[{"href":"https:\/\/brandss.com.py\/index\/wp-json\/wp\/v2\/media?parent=83809"}],"wp:term":[{"taxonomy":"product_brand","embeddable":true,"href":"https:\/\/brandss.com.py\/index\/wp-json\/wp\/v2\/product_brand?post=83809"},{"taxonomy":"product_cat","embeddable":true,"href":"https:\/\/brandss.com.py\/index\/wp-json\/wp\/v2\/product_cat?post=83809"},{"taxonomy":"product_tag","embeddable":true,"href":"https:\/\/brandss.com.py\/index\/wp-json\/wp\/v2\/product_tag?post=83809"}],"curies":[{"name":"wp","href":"https:\/\/api.w.org\/{rel}","templated":true}]}}