{"id":83816,"date":"2025-06-06T18:26:37","date_gmt":"2025-06-06T18:26:37","guid":{"rendered":"https:\/\/brandss.com.py\/index\/?post_type=product&#038;p=83816"},"modified":"2026-05-04T11:12:04","modified_gmt":"2026-05-04T11:12:04","slug":"perfume-unisex-lattafa-pride-eternal-oud-edp-100ml","status":"publish","type":"product","link":"https:\/\/brandss.com.py\/index\/producto\/perfume-unisex-lattafa-pride-eternal-oud-edp-100ml\/","title":{"rendered":"PERFUME UNISEX LATTAFA PRIDE ETERNAL OUD EDP 100ML"},"content":{"rendered":"<p><img loading=\"lazy\" decoding=\"async\" class=\"\" src=\"https:\/\/myscentjourney.s3.us-east-2.amazonaws.com\/2022\/02\/14\/29KIascent_j_marca_1644871114_202.png\" alt=\"MSJ::LATTAFA\" width=\"64\" height=\"76\" \/><\/p>\n<h1>ETERNAL OUD<\/h1>\n<p><strong>Eternal Oud,<\/strong>\u00a0de la exclusiva\u00a0colecci\u00f3n\u00a0<strong>Lattafa Pride, es una intensa fragancia\u00a0<\/strong><strong>oriental<\/strong>\u00a0que combina elegancia y sensualidad. Esta serie especial representa la alta calidad de la artesan\u00eda de\u00a0<strong>Lattafa<\/strong> , combinando aromas y frascos con los motivos caracter\u00edsticos de los pa\u00edses del Golfo.<\/p>\n<p>Eternal Oud es la opci\u00f3n perfecta para quienes buscan una fragancia sensual y duradera con un toque oriental. La combinaci\u00f3n de notas frutales, florales y amaderadas la convierte en una fragancia vers\u00e1til para ocasiones especiales.<\/p>\n<p>La colecci\u00f3n Lattafa Pride encarna el lujoso encanto de los pa\u00edses del Golfo, desde el elaborado dise\u00f1o de la botella hasta las notas arom\u00e1ticas magistralmente elaboradas. Eternal Oud es una fragancia que deja una huella imborrable y realza tu personalidad a la perfecci\u00f3n.<img loading=\"lazy\" decoding=\"async\" class=\"alignleft\" src=\"https:\/\/allarabic.in\/cdn\/shop\/files\/EternalOudNotes_600x.webp?v=1717170280\" width=\"550\" height=\"704\" \/><\/p>\n<h3>\nNotas Olfativas<\/h3>\n<p>&nbsp;<\/p>\n<p>Eternal Oud by Lattafa es una fragancia unisex que despierta los sentidos y cautiva con su aura sensual y seductora. Cada nota olfativa se entrelaza en una danza cautivadora, creando una experiencia olfativa \u00fanica y duradera. En las notas de salida, la ciruela jugosa y el pomelo fresco irrumpen con una explosi\u00f3n de energ\u00eda y vitalidad. Esta combinaci\u00f3n de notas iniciales crea un comienzo vibrante y estimulante. A medida que la fragancia se desarrolla, emergen las notas de coraz\u00f3n, revelando un coraz\u00f3n floral y exquisito. El heliotropo, con su aroma dulce y empolvado, se mezcla con la delicada orqu\u00eddea, que aporta una feminidad y elegancia cautivadoras. Estas notas florales se entrelazan armoniosamente, creando una sensaci\u00f3n de suavidad y misterio en el coraz\u00f3n de la fragancia.<\/p>\n<p>Las notas de fondo envuelven la fragancia con una sensualidad c\u00e1lida y envolvente. El benju\u00ed y la vainilla aportan una dulzura reconfortante y seductora, mientras que el \u00e1mbar y la haba tonka a\u00f1aden profundidad y calidez. La madera de oud, con su car\u00e1cter distintivo y ahumado, se combina con el l\u00e1dano, que proporciona un toque sensual y terroso.<\/p>\n<p>Eternal Oud by Lattafa es una fragancia unisex que cautiva con su combinaci\u00f3n de notas jugosas, florales y sensuales.<\/p>\n<p><strong><span>Notas de salida:<\/span><\/strong><span>\u00a0pomelo, ciruela.<\/span><br \/>\n<strong><span>Notas de coraz\u00f3n:<\/span><\/strong><span>\u00a0orqu\u00eddea, heliotropo.<\/span><br \/>\n<strong><span>Notas de fondo:<\/span><\/strong><span>\u00a0vainilla, \u00e1mbar, oud, benju\u00ed, haba tonka, l\u00e1dano.<\/span><\/p>\n","protected":false},"excerpt":{"rendered":"<p>ETERNAL OUD Eternal Oud,\u00a0de la exclusiva\u00a0colecci\u00f3n\u00a0Lattafa Pride, es una intensa fragancia\u00a0oriental\u00a0que combina elegancia y sensualidad. Esta serie especial representa la<\/p>\n","protected":false},"featured_media":83817,"comment_status":"open","ping_status":"closed","template":"","meta":{"nf_dc_page":""},"product_brand":[109],"product_cat":[84],"product_tag":[636],"class_list":{"0":"post-83816","1":"product","2":"type-product","3":"status-publish","4":"has-post-thumbnail","6":"product_brand-lattafa","7":"product_cat-perfumeria","8":"product_tag-636","10":"first","11":"instock","12":"shipping-taxable","13":"purchasable","14":"product-type-simple"},"_links":{"self":[{"href":"https:\/\/brandss.com.py\/index\/wp-json\/wp\/v2\/product\/83816","targetHints":{"allow":["GET"]}}],"collection":[{"href":"https:\/\/brandss.com.py\/index\/wp-json\/wp\/v2\/product"}],"about":[{"href":"https:\/\/brandss.com.py\/index\/wp-json\/wp\/v2\/types\/product"}],"replies":[{"embeddable":true,"href":"https:\/\/brandss.com.py\/index\/wp-json\/wp\/v2\/comments?post=83816"}],"version-history":[{"count":1,"href":"https:\/\/brandss.com.py\/index\/wp-json\/wp\/v2\/product\/83816\/revisions"}],"predecessor-version":[{"id":83824,"href":"https:\/\/brandss.com.py\/index\/wp-json\/wp\/v2\/product\/83816\/revisions\/83824"}],"wp:featuredmedia":[{"embeddable":true,"href":"https:\/\/brandss.com.py\/index\/wp-json\/wp\/v2\/media\/83817"}],"wp:attachment":[{"href":"https:\/\/brandss.com.py\/index\/wp-json\/wp\/v2\/media?parent=83816"}],"wp:term":[{"taxonomy":"product_brand","embeddable":true,"href":"https:\/\/brandss.com.py\/index\/wp-json\/wp\/v2\/product_brand?post=83816"},{"taxonomy":"product_cat","embeddable":true,"href":"https:\/\/brandss.com.py\/index\/wp-json\/wp\/v2\/product_cat?post=83816"},{"taxonomy":"product_tag","embeddable":true,"href":"https:\/\/brandss.com.py\/index\/wp-json\/wp\/v2\/product_tag?post=83816"}],"curies":[{"name":"wp","href":"https:\/\/api.w.org\/{rel}","templated":true}]}}