{"id":83825,"date":"2025-06-06T18:47:50","date_gmt":"2025-06-06T18:47:50","guid":{"rendered":"https:\/\/brandss.com.py\/index\/?post_type=product&#038;p=83825"},"modified":"2025-11-28T11:50:50","modified_gmt":"2025-11-28T11:50:50","slug":"perfume-unisex-lattafa-pride-hala-edp-100ml","status":"publish","type":"product","link":"https:\/\/brandss.com.py\/index\/producto\/perfume-unisex-lattafa-pride-hala-edp-100ml\/","title":{"rendered":"PERFUME UNISEX LATTAFA PRIDE HALA EDP 100ML"},"content":{"rendered":"<p><img loading=\"lazy\" decoding=\"async\" class=\"\" src=\"https:\/\/myscentjourney.s3.us-east-2.amazonaws.com\/2022\/02\/14\/29KIascent_j_marca_1644871114_202.png\" alt=\"MSJ::LATTAFA\" width=\"86\" height=\"102\" \/><\/p>\n<h1>HALA<\/h1>\n<p>Sum\u00e9rgete en la seducci\u00f3n intoxicante de Hala, una fragancia unisex que cautiva los corazones. Hala es una fragancia que evoca la sensualidad sin g\u00e9nero, envolviendo a quien la lleva en un aura de magnetismo y poder. Es el perfume que despierta la pasi\u00f3n, que desata los deseos m\u00e1s profundos y que deja una huella inolvidable en aquellos que tienen el privilegio de percibirlo.<\/p>\n<p>Su frasco, elegante y misterioso, refleja la esencia misma de la fragancia. Un dise\u00f1o minimalista que esconde un tesoro de seducci\u00f3n en su interior. Es el arma secreta para aquellos que desean expresar su lado m\u00e1s sensual y cautivador, una invitaci\u00f3n a explorar el poder del aroma y dejarse llevar por el hechizo del deseo!!!<img loading=\"lazy\" decoding=\"async\" class=\"alignleft\" src=\"https:\/\/perfumescardales.com.ar\/wp-content\/uploads\/2023\/06\/hala-1.jpg\" width=\"498\" height=\"498\" \/><\/p>\n<p>&nbsp;<\/p>\n<h3>Notas Olfativas<\/h3>\n<p>&nbsp;<\/p>\n<p>Hala de Lattafa Perfumes es una fragancia de la familia olfativa oriental especiada para Hombres y Mujeres. En cada inhalaci\u00f3n, las notas olfativas se entrelazan en una danza ardiente de pasi\u00f3n y misterio. Desde las primeras notas de salida, la pimienta y la nuez moscada se fusionan en una sinfon\u00eda picante y estimulante. Su aroma cautivador deja una estela el\u00e9ctrica en el aire, susurrando promesas de una experiencia sensorial \u00fanica. A medida que se desarrolla, revela un encanto indomable. El cedro y el \u00e1mbar se unen en una danza de sensualidad sofisticada. La madera y la resina se entremezclan, creando una sensaci\u00f3n c\u00e1lida y envolvente que te hace sentir como si estuvieras envuelto en un abrazo apasionado. Pero es en las notas de fondo donde el perfume alcanza su m\u00e1xima expresi\u00f3n de seducci\u00f3n. El incienso, en su esencia m\u00e1s cautivadora, se mezcla con el l\u00e1dano, creando un aura misteriosa y fascinante.<\/p>\n<p><strong>Notas de salida:<\/strong> pimienta y nuez moscada.<\/p>\n<p><strong>Notas de coraz\u00f3n:<\/strong> cedro y \u00e1mbar.<\/p>\n<p><strong>Notas de fondo:<\/strong> incienso y l\u00e1dano.<\/p>\n","protected":false},"excerpt":{"rendered":"<p>HALA Sum\u00e9rgete en la seducci\u00f3n intoxicante de Hala, una fragancia unisex que cautiva los corazones. Hala es una fragancia que<\/p>\n","protected":false},"featured_media":83826,"comment_status":"open","ping_status":"closed","template":"","meta":{"nf_dc_page":""},"product_brand":[109],"product_cat":[84],"product_tag":[643],"class_list":{"0":"post-83825","1":"product","2":"type-product","3":"status-publish","4":"has-post-thumbnail","6":"product_brand-lattafa","7":"product_cat-perfumeria","8":"product_tag-643","10":"first","11":"instock","12":"sale","13":"shipping-taxable","14":"purchasable","15":"product-type-simple"},"_links":{"self":[{"href":"https:\/\/brandss.com.py\/index\/wp-json\/wp\/v2\/product\/83825","targetHints":{"allow":["GET"]}}],"collection":[{"href":"https:\/\/brandss.com.py\/index\/wp-json\/wp\/v2\/product"}],"about":[{"href":"https:\/\/brandss.com.py\/index\/wp-json\/wp\/v2\/types\/product"}],"replies":[{"embeddable":true,"href":"https:\/\/brandss.com.py\/index\/wp-json\/wp\/v2\/comments?post=83825"}],"version-history":[{"count":1,"href":"https:\/\/brandss.com.py\/index\/wp-json\/wp\/v2\/product\/83825\/revisions"}],"predecessor-version":[{"id":83830,"href":"https:\/\/brandss.com.py\/index\/wp-json\/wp\/v2\/product\/83825\/revisions\/83830"}],"wp:featuredmedia":[{"embeddable":true,"href":"https:\/\/brandss.com.py\/index\/wp-json\/wp\/v2\/media\/83826"}],"wp:attachment":[{"href":"https:\/\/brandss.com.py\/index\/wp-json\/wp\/v2\/media?parent=83825"}],"wp:term":[{"taxonomy":"product_brand","embeddable":true,"href":"https:\/\/brandss.com.py\/index\/wp-json\/wp\/v2\/product_brand?post=83825"},{"taxonomy":"product_cat","embeddable":true,"href":"https:\/\/brandss.com.py\/index\/wp-json\/wp\/v2\/product_cat?post=83825"},{"taxonomy":"product_tag","embeddable":true,"href":"https:\/\/brandss.com.py\/index\/wp-json\/wp\/v2\/product_tag?post=83825"}],"curies":[{"name":"wp","href":"https:\/\/api.w.org\/{rel}","templated":true}]}}