{"id":83831,"date":"2025-06-07T11:10:00","date_gmt":"2025-06-07T11:10:00","guid":{"rendered":"https:\/\/brandss.com.py\/index\/?post_type=product&#038;p=83831"},"modified":"2026-03-17T10:48:08","modified_gmt":"2026-03-17T10:48:08","slug":"perfume-unisex-lattafa-pride-la-collection-dantiquites-1886-car-edp-100ml","status":"publish","type":"product","link":"https:\/\/brandss.com.py\/index\/producto\/perfume-unisex-lattafa-pride-la-collection-dantiquites-1886-car-edp-100ml\/","title":{"rendered":"PERFUME UNISEX LATTAFA PRIDE LA COLLECTION D&#8217;ANTIQUITES 1886 CAR EDP 100ML"},"content":{"rendered":"<p><img loading=\"lazy\" decoding=\"async\" class=\"\" src=\"https:\/\/myscentjourney.s3.us-east-2.amazonaws.com\/2022\/02\/14\/29KIascent_j_marca_1644871114_202.png\" alt=\"MSJ::LATTAFA\" width=\"88\" height=\"105\" \/><\/p>\n<h1>LA COLLECTION D&#8217;ANTIQUITES 1886 CAR<\/h1>\n<p>Este perfume es una mezcla armoniosa de elementos contrastantes, que combina frescura con calidez, especias con dulzura y tradici\u00f3n con modernidad. Captura la esencia de una \u00e9poca cl\u00e1sica y al mismo tiempo ofrece un toque contempor\u00e1neo.<\/p>\n<p>Un perfume verdaderamente caballeroso, esta fragancia, inspirada en los perfumes del zod\u00edaco, es ideal tanto para hombres como para mujeres, encarnando la esencia del oud \u00e1rabe de Dub\u00e1i. Mejora tu experiencia con el mejor perfume para hombre y mujer.<img loading=\"lazy\" decoding=\"async\" class=\"alignleft\" src=\"https:\/\/freshity.co.uk\/cdn\/shop\/files\/LA2-Photoroom.jpg?v=1715603991\" width=\"415\" height=\"415\" \/><\/p>\n<h3>Notas Olfativas<\/h3>\n<p>&nbsp;<\/p>\n<section id=\"product-1088\" class=\"product-details-main product type-product post-1088 status-publish first instock product_cat-uncategorized has-post-thumbnail taxable shipping-taxable purchasable product-type-simple\">\n<div class=\"container\">\n<div class=\"row\">\n<div class=\"col-md-6\">\n<div class=\"product-inner-details-main\">\n<div id=\"module\">\n<div class=\"read-wrap\">\n<p>El perfume se abre con una explosi\u00f3n de frescura y energ\u00eda, gracias a la nota c\u00edtrica y tonificante de la bergamota. El mate, una infusi\u00f3n de hierbas sudamericanas, a\u00f1ade una faceta \u00fanica y ligeramente herb\u00e1cea a las notas altas.<\/p>\n<p>A medida que la fragancia se desarrolla, pasa a las notas de coraz\u00f3n, donde emerge un car\u00e1cter c\u00e1lido y especiado. La corteza de canela aporta una calidad especiada y arom\u00e1tica, mientras que el jazm\u00edn a\u00f1ade un toque de elegancia floral. Orris (iris) proporciona un elemento polvoriento y sofisticado, y las habas tonka introducen un aroma dulce y cremoso. La nota de salvado es intrigante e inusual, a\u00f1adiendo profundidad y complejidad al coraz\u00f3n de la fragancia.<\/p>\n<p>En la base, La Collection D&#8217;antiquites 1886 se asienta en un fondo rico e indulgente. La vainilla, con su aroma dulce y reconfortante, forma la base de las notas de fondo. El almizcle blanco realza la suavidad y sensualidad general del perfume. El chocolate blanco introduce una faceta cremosa y golosa, mientras que el tabaco blanco aporta un aroma ahumado y ligeramente especiado. El pachul\u00ed a\u00f1ade una cualidad terrosa y amaderada a la composici\u00f3n.<\/p>\n<p>La Collection D&#8217;antiquit\u00e9s 1886\u00a0de\u00a0Lattafa Perfumes\u00a0es una fragancia de la familia olfativa Arom\u00e1tica para Hombres y Mujeres. Esta fragrancia es nueva.\u00a0La Collection D&#8217;antiquit\u00e9s 1886\u00a0se lanz\u00f3 en 2023.<\/p>\n<p><strong>Notas de salida:<\/strong> yerba mate y bergamota.<\/p>\n<p><strong>Notas de coraz\u00f3n:<\/strong> ra\u00edz de lirio, Corteza, haba tonka, canela y jazm\u00edn.<\/p>\n<p><strong>Notas de fondo:<\/strong> chocolate blanco, tabaco de flor blanca, vainilla, almizcle blanco y pachul\u00ed.<\/p>\n<\/div>\n<\/div>\n<\/div>\n<\/div>\n<\/div>\n<\/div>\n<\/section>\n<section class=\"product-main related-products nitro-offscreen\">\n<div class=\"container\">\n<div class=\"heading-golden text-center\"><\/div>\n<\/div>\n<\/section>\n","protected":false},"excerpt":{"rendered":"<p>LA COLLECTION D&#8217;ANTIQUITES 1886 CAR Este perfume es una mezcla armoniosa de elementos contrastantes, que combina frescura con calidez, especias<\/p>\n","protected":false},"featured_media":83832,"comment_status":"open","ping_status":"closed","template":"","meta":{"nf_dc_page":""},"product_brand":[109],"product_cat":[84],"product_tag":[630],"class_list":{"0":"post-83831","1":"product","2":"type-product","3":"status-publish","4":"has-post-thumbnail","6":"product_brand-lattafa","7":"product_cat-perfumeria","8":"product_tag-630","10":"first","11":"instock","12":"sale","13":"shipping-taxable","14":"purchasable","15":"product-type-simple"},"_links":{"self":[{"href":"https:\/\/brandss.com.py\/index\/wp-json\/wp\/v2\/product\/83831","targetHints":{"allow":["GET"]}}],"collection":[{"href":"https:\/\/brandss.com.py\/index\/wp-json\/wp\/v2\/product"}],"about":[{"href":"https:\/\/brandss.com.py\/index\/wp-json\/wp\/v2\/types\/product"}],"replies":[{"embeddable":true,"href":"https:\/\/brandss.com.py\/index\/wp-json\/wp\/v2\/comments?post=83831"}],"version-history":[{"count":1,"href":"https:\/\/brandss.com.py\/index\/wp-json\/wp\/v2\/product\/83831\/revisions"}],"predecessor-version":[{"id":83839,"href":"https:\/\/brandss.com.py\/index\/wp-json\/wp\/v2\/product\/83831\/revisions\/83839"}],"wp:featuredmedia":[{"embeddable":true,"href":"https:\/\/brandss.com.py\/index\/wp-json\/wp\/v2\/media\/83832"}],"wp:attachment":[{"href":"https:\/\/brandss.com.py\/index\/wp-json\/wp\/v2\/media?parent=83831"}],"wp:term":[{"taxonomy":"product_brand","embeddable":true,"href":"https:\/\/brandss.com.py\/index\/wp-json\/wp\/v2\/product_brand?post=83831"},{"taxonomy":"product_cat","embeddable":true,"href":"https:\/\/brandss.com.py\/index\/wp-json\/wp\/v2\/product_cat?post=83831"},{"taxonomy":"product_tag","embeddable":true,"href":"https:\/\/brandss.com.py\/index\/wp-json\/wp\/v2\/product_tag?post=83831"}],"curies":[{"name":"wp","href":"https:\/\/api.w.org\/{rel}","templated":true}]}}