{"id":83840,"date":"2025-06-07T11:54:41","date_gmt":"2025-06-07T11:54:41","guid":{"rendered":"https:\/\/brandss.com.py\/index\/?post_type=product&#038;p=83840"},"modified":"2026-03-17T10:45:34","modified_gmt":"2026-03-17T10:45:34","slug":"perfume-unisex-lattafa-pride-la-collection-dantiquites-1910-bike-edp-100ml","status":"publish","type":"product","link":"https:\/\/brandss.com.py\/index\/producto\/perfume-unisex-lattafa-pride-la-collection-dantiquites-1910-bike-edp-100ml\/","title":{"rendered":"PERFUME UNISEX LATTAFA PRIDE LA COLLECTION D&#8217;ANTIQUITES 1910 BIKE EDP 100ML"},"content":{"rendered":"<p><img loading=\"lazy\" decoding=\"async\" class=\"\" src=\"https:\/\/myscentjourney.s3.us-east-2.amazonaws.com\/2022\/02\/14\/29KIascent_j_marca_1644871114_202.png\" alt=\"MSJ::LATTAFA\" width=\"83\" height=\"99\" \/><\/p>\n<h1>LA COLLECTION D&#8217;ANTIQUITES 1910 BIKE<\/h1>\n<p>Es una fragancia unisex que combina con elegancia el esp\u00edritu del pasado con el encanto moderno. Este perfume te transportar\u00e1 a una \u00e9poca dorada, donde el clasicismo se fusiona con la innovaci\u00f3n. La\u00a0fragancia\u00a0que aporta un toque de elegancia vintage al mundo moderno. Este encantador aroma, dise\u00f1ado tanto para hombres como para mujeres, es una mezcla armoniosa de notas amaderadas y florales, por lo que es una opci\u00f3n ideal para aquellos que aprecian el encanto cl\u00e1sico de las fragancias.<\/p>\n<h3>Notas Olfativas<\/h3>\n<p><img loading=\"lazy\" decoding=\"async\" class=\"alignleft\" src=\"https:\/\/i.ebayimg.com\/images\/g\/bY4AAOSwd7Nl-YCg\/s-l1600.webp\" width=\"524\" height=\"487\" \/><\/p>\n<div id=\"tab-content\" class=\"tab-content\">\n<div id=\"description\" class=\"tab-pane fade in active js-product-tab-active\" role=\"tabpanel\">\n<div class=\"product-description\">\n<p><span>La Collection d&#8217;Antiquit\u00e8s 1910 de Lattafa Pride es una fragancia unisex de la familia afrutada. El perfume se abre con una sinfon\u00eda fresca y afrutada gracias a las notas de salida de rosa, manzana y davana. La rosa, delicada y femenina, se combina armoniosamente con la jugosa dulzura de la manzana y la c\u00e1lida profundidad de la davana, creando una atm\u00f3sfera ligera y cautivadora.<\/span><\/p>\n<p><span>En el coraz\u00f3n del perfume, emergen elegantes acordes de osmanto y madera de cedro. El osmanto, con su fragancia floral y afrutada, aporta un toque sofisticado y sensual, mientras que la madera de cedro aporta una nota amaderada y envolvente. Esta combinaci\u00f3n crea una experiencia olfativa que se desarrolla en una dimensi\u00f3n m\u00e1s profunda y rica.<\/span><\/p>\n<p><span>Las notas de fondo del perfume son envolventes y reconfortantes, con la presencia del haba tonka, la dulce sensualidad de la vainilla y el aroma terroso del pachul\u00ed. El haba tonka aporta una dulzura acaramelada, la vainilla una sensualidad traviesa, mientras que el pachul\u00ed aporta un toque terroso y ligeramente picante. Estas notas de fondo le otorgan al perfume una persistencia envolvente y una sensualidad duradera, haciendo que la experiencia olfativa sea completa y memorable.<\/span><\/p>\n<p>La Collection D&#8217;antiquit\u00e9s 1910 de Lattafa Perfumes es una fragancia de la familia olfativa Floral Frutal Gourmand para Hombres y Mujeres. Esta fragrancia es nueva. La Collection D&#8217;antiquit\u00e9s 1910 se lanz\u00f3 en 2023.<\/p>\n<p><span><strong>Notas de salida:<\/strong> Rosa, Manzana, Davana.<\/span><\/p>\n<p><span><strong>Notas de coraz\u00f3n:<\/strong> Osmanthus, madera de cedro.<\/span><\/p>\n<p><span><strong>Notas de fondo:<\/strong> Haba tonka, vainilla, pachul\u00ed.<\/span><\/p>\n<\/div>\n<\/div>\n<\/div>\n","protected":false},"excerpt":{"rendered":"<p>LA COLLECTION D&#8217;ANTIQUITES 1910 BIKE Es una fragancia unisex que combina con elegancia el esp\u00edritu del pasado con el encanto<\/p>\n","protected":false},"featured_media":83841,"comment_status":"open","ping_status":"closed","template":"","meta":{"nf_dc_page":""},"product_brand":[109],"product_cat":[84],"product_tag":[618],"class_list":{"0":"post-83840","1":"product","2":"type-product","3":"status-publish","4":"has-post-thumbnail","6":"product_brand-lattafa","7":"product_cat-perfumeria","8":"product_tag-618","10":"first","11":"outofstock","12":"sale","13":"shipping-taxable","14":"purchasable","15":"product-type-simple"},"_links":{"self":[{"href":"https:\/\/brandss.com.py\/index\/wp-json\/wp\/v2\/product\/83840","targetHints":{"allow":["GET"]}}],"collection":[{"href":"https:\/\/brandss.com.py\/index\/wp-json\/wp\/v2\/product"}],"about":[{"href":"https:\/\/brandss.com.py\/index\/wp-json\/wp\/v2\/types\/product"}],"replies":[{"embeddable":true,"href":"https:\/\/brandss.com.py\/index\/wp-json\/wp\/v2\/comments?post=83840"}],"version-history":[{"count":2,"href":"https:\/\/brandss.com.py\/index\/wp-json\/wp\/v2\/product\/83840\/revisions"}],"predecessor-version":[{"id":83848,"href":"https:\/\/brandss.com.py\/index\/wp-json\/wp\/v2\/product\/83840\/revisions\/83848"}],"wp:featuredmedia":[{"embeddable":true,"href":"https:\/\/brandss.com.py\/index\/wp-json\/wp\/v2\/media\/83841"}],"wp:attachment":[{"href":"https:\/\/brandss.com.py\/index\/wp-json\/wp\/v2\/media?parent=83840"}],"wp:term":[{"taxonomy":"product_brand","embeddable":true,"href":"https:\/\/brandss.com.py\/index\/wp-json\/wp\/v2\/product_brand?post=83840"},{"taxonomy":"product_cat","embeddable":true,"href":"https:\/\/brandss.com.py\/index\/wp-json\/wp\/v2\/product_cat?post=83840"},{"taxonomy":"product_tag","embeddable":true,"href":"https:\/\/brandss.com.py\/index\/wp-json\/wp\/v2\/product_tag?post=83840"}],"curies":[{"name":"wp","href":"https:\/\/api.w.org\/{rel}","templated":true}]}}