{"id":83849,"date":"2025-06-07T12:22:06","date_gmt":"2025-06-07T12:22:06","guid":{"rendered":"https:\/\/brandss.com.py\/index\/?post_type=product&#038;p=83849"},"modified":"2025-09-26T18:44:30","modified_gmt":"2025-09-26T18:44:30","slug":"perfume-unisex-lattafa-pride-maharjan-gold-edp-100ml","status":"publish","type":"product","link":"https:\/\/brandss.com.py\/index\/producto\/perfume-unisex-lattafa-pride-maharjan-gold-edp-100ml\/","title":{"rendered":"PERFUME UNISEX LATTAFA PRIDE MAHARJAN GOLD EDP 100ML"},"content":{"rendered":"<p><img loading=\"lazy\" decoding=\"async\" class=\"\" src=\"https:\/\/myscentjourney.s3.us-east-2.amazonaws.com\/2022\/02\/14\/29KIascent_j_marca_1644871114_202.png\" alt=\"MSJ::LATTAFA\" width=\"77\" height=\"92\" \/><\/p>\n<h1>MAHARJAN GOLD<\/h1>\n<p>Es una fragancia unisex que captura la esencia de la opulencia y la elegancia. Con una mezcla de notas c\u00e1lidas y especiadas, este eau de parfum es una celebraci\u00f3n de la riqueza y la sofisticaci\u00f3n.<\/p>\n<div class=\"col-lg-4 col-sm-6 col-12 mb-lg-0 mb-3\">\n<div class=\"stands-out-content\">\n<div class=\"feature\"><strong>Llamamiento unisex<\/strong><\/div>\n<div><\/div>\n<div class=\"description\"><span>Dise\u00f1ado para todos los g\u00e9neros, Maharjan Gold ofrece una experiencia de fragancia vers\u00e1til que satisface diversas preferencias, lo que lo convierte en una opci\u00f3n perfecta para quienes buscan un aroma \u00fanico.<\/span><\/div>\n<div><\/div>\n<\/div>\n<\/div>\n<div class=\"col-lg-4 col-sm-6 col-12 mb-lg-0 mb-3\">\n<div class=\"stands-out-content\">\n<div class=\"feature\"><strong>De larga duraci\u00f3n<\/strong><\/div>\n<div><\/div>\n<div class=\"description\"><span>Este Eau de Parfum ofrece una fragancia rica y duradera que dura todo el d\u00eda, garantizando que te sentir\u00e1s fresco y atractivo sin necesidad de reaplicarlo con frecuencia.<\/span><\/div>\n<div><\/div>\n<\/div>\n<\/div>\n<div class=\"col-lg-4 col-sm-6 col-12 mb-lg-0 mb-3\">\n<div class=\"stands-out-content\">\n<div class=\"feature\"><strong>Embalaje elegante<\/strong><\/div>\n<div><\/div>\n<div class=\"description\">Presentado en una elegante botella, Maharjan Gold no solo ofrece una fragancia encantadora, sino que tambi\u00e9n realza su tocador, convirti\u00e9ndolo en una excelente opci\u00f3n de regalo para ocasiones especiales.<\/div>\n<div><\/div>\n<h3>Notas Olfativas<\/h3>\n<div><\/div>\n<div>\n<p><span>Experimente el poder transformador de\u00a0<\/span>Maharjan Gold Eau de Parfum\u00a0de\u00a0Lattafa Pride. Una fragancia exuberante y adictiva con una estela m\u00e1gica. Maharjan Gold\u00a0de\u00a0Lattafa Perfumes\u00a0es una fragancia de la familia olfativa para Hombres y Mujeres.<\/p>\n<p><strong>Notas de salida:<\/strong> pimienta y lavanda.<\/p>\n<p><strong>Notas de coraz\u00f3n:<\/strong> incienso, jazm\u00edn y nardos.<\/p>\n<p><strong>Notas de fondo:<\/strong> caramelo, cedro, \u00e1mbar y cachemira.<\/p>\n<\/div>\n<\/div>\n<\/div>\n","protected":false},"excerpt":{"rendered":"<p>MAHARJAN GOLD Es una fragancia unisex que captura la esencia de la opulencia y la elegancia. Con una mezcla de<\/p>\n","protected":false},"featured_media":83850,"comment_status":"open","ping_status":"closed","template":"","meta":{"nf_dc_page":""},"product_brand":[109],"product_cat":[84],"product_tag":[655],"class_list":{"0":"post-83849","1":"product","2":"type-product","3":"status-publish","4":"has-post-thumbnail","6":"product_brand-lattafa","7":"product_cat-perfumeria","8":"product_tag-655","10":"first","11":"instock","12":"sale","13":"shipping-taxable","14":"purchasable","15":"product-type-simple"},"_links":{"self":[{"href":"https:\/\/brandss.com.py\/index\/wp-json\/wp\/v2\/product\/83849","targetHints":{"allow":["GET"]}}],"collection":[{"href":"https:\/\/brandss.com.py\/index\/wp-json\/wp\/v2\/product"}],"about":[{"href":"https:\/\/brandss.com.py\/index\/wp-json\/wp\/v2\/types\/product"}],"replies":[{"embeddable":true,"href":"https:\/\/brandss.com.py\/index\/wp-json\/wp\/v2\/comments?post=83849"}],"version-history":[{"count":1,"href":"https:\/\/brandss.com.py\/index\/wp-json\/wp\/v2\/product\/83849\/revisions"}],"predecessor-version":[{"id":83856,"href":"https:\/\/brandss.com.py\/index\/wp-json\/wp\/v2\/product\/83849\/revisions\/83856"}],"wp:featuredmedia":[{"embeddable":true,"href":"https:\/\/brandss.com.py\/index\/wp-json\/wp\/v2\/media\/83850"}],"wp:attachment":[{"href":"https:\/\/brandss.com.py\/index\/wp-json\/wp\/v2\/media?parent=83849"}],"wp:term":[{"taxonomy":"product_brand","embeddable":true,"href":"https:\/\/brandss.com.py\/index\/wp-json\/wp\/v2\/product_brand?post=83849"},{"taxonomy":"product_cat","embeddable":true,"href":"https:\/\/brandss.com.py\/index\/wp-json\/wp\/v2\/product_cat?post=83849"},{"taxonomy":"product_tag","embeddable":true,"href":"https:\/\/brandss.com.py\/index\/wp-json\/wp\/v2\/product_tag?post=83849"}],"curies":[{"name":"wp","href":"https:\/\/api.w.org\/{rel}","templated":true}]}}