{"id":83857,"date":"2025-06-07T13:03:19","date_gmt":"2025-06-07T13:03:19","guid":{"rendered":"https:\/\/brandss.com.py\/index\/?post_type=product&#038;p=83857"},"modified":"2026-03-28T16:23:37","modified_gmt":"2026-03-28T16:23:37","slug":"perfume-unisex-lattafa-pride-masa-edp-100ml","status":"publish","type":"product","link":"https:\/\/brandss.com.py\/index\/producto\/perfume-unisex-lattafa-pride-masa-edp-100ml\/","title":{"rendered":"PERFUME UNISEX LATTAFA PRIDE MASA EDP 100ML"},"content":{"rendered":"<p><img loading=\"lazy\" decoding=\"async\" class=\"\" src=\"https:\/\/myscentjourney.s3.us-east-2.amazonaws.com\/2022\/02\/14\/29KIascent_j_marca_1644871114_202.png\" alt=\"MSJ::LATTAFA\" width=\"64\" height=\"76\" \/><\/p>\n<h1>MASA<\/h1>\n<p>Un aroma que da la espalda a todo lo que es ordinario y explora lugares donde el aire se llena de los misteriosos aromas de Oriente. Un solo olfato te llevar\u00e1 en un viaje a trav\u00e9s de un desierto interminable lleno de enigmas.\u00a0Masa es una fragancia unisex que celebra la sofisticaci\u00f3n y el lujo en una composici\u00f3n \u00fanica y cautivadora. Sus notas orientales y amaderadas lo hacen ideal para cualquier ocasi\u00f3n.<img loading=\"lazy\" decoding=\"async\" class=\"alignleft\" src=\"https:\/\/mydshop.es\/cmsAdmin\/uploads\/o_1i18r1huu1qnp6p8n7dtlg1lsta.jpg\" width=\"583\" height=\"701\" \/><\/p>\n<h3>Notas Olfativas<\/h3>\n<p>Masa de Lattafa Perfumes es una fragancia cautivadora que te invita a explorar un mundo de aromas frescos y vibrantes. Lanzada en 2023, su inicio explosivo de mango, azafr\u00e1n, lim\u00f3n y pimienta rosa despierta tus sentidos y te llena de energ\u00eda. En el coraz\u00f3n, las hojas de violeta, jengibre, osmanto y flor de azahar del naranjo se entrelazan en una mezcla envolvente que te har\u00e1 sentir \u00fanico. Para finalizar, su fondo mineral, de gamuza, pachul\u00ed y \u00e1mbar deja una estela perdurable que no pasar\u00e1 desapercibida.<\/p>\n<p>El perfume Lattafa Pride Masa es una fragancia de la familia olfativa<span dir=\"ltr\" lang=\"es-MX\">\u00a0\u00e1mbar especiada\u00a0<\/span>para hombres y mujeres. Con una concentraci\u00f3n del tipo Eau de Parfum, ofrece una duradera y alta intensidad arom\u00e1tica en la piel. Sus notas est\u00e1n compuestas por los siguientes ingredientes.<\/p>\n<ul>\n<li><span><span dir=\"ltr\" lang=\"pt-BR\"><strong>Notas de salida:<\/strong><\/span><span dir=\"ltr\" lang=\"pt-BR\"><strong>\u00a0<\/strong>Azafr\u00e1n, lim\u00f3n, pimienta rosa y mango.\n<p><\/span><\/span><\/li>\n<li><strong>Notas de coraz\u00f3n:<\/strong> Osmanto, hoja de violeta, flor de naranjo y jengibre.<\/li>\n<li><strong>Notas de fondo:<\/strong> Siempreviva, \u00e1mbar mineral, pachul\u00ed y gamuza.<\/li>\n<\/ul>\n","protected":false},"excerpt":{"rendered":"<p>MASA Un aroma que da la espalda a todo lo que es ordinario y explora lugares donde el aire se<\/p>\n","protected":false},"featured_media":83858,"comment_status":"open","ping_status":"closed","template":"","meta":{"nf_dc_page":""},"product_brand":[109],"product_cat":[84],"product_tag":[656],"class_list":{"0":"post-83857","1":"product","2":"type-product","3":"status-publish","4":"has-post-thumbnail","6":"product_brand-lattafa","7":"product_cat-perfumeria","8":"product_tag-656","10":"first","11":"outofstock","12":"shipping-taxable","13":"purchasable","14":"product-type-simple"},"_links":{"self":[{"href":"https:\/\/brandss.com.py\/index\/wp-json\/wp\/v2\/product\/83857","targetHints":{"allow":["GET"]}}],"collection":[{"href":"https:\/\/brandss.com.py\/index\/wp-json\/wp\/v2\/product"}],"about":[{"href":"https:\/\/brandss.com.py\/index\/wp-json\/wp\/v2\/types\/product"}],"replies":[{"embeddable":true,"href":"https:\/\/brandss.com.py\/index\/wp-json\/wp\/v2\/comments?post=83857"}],"version-history":[{"count":1,"href":"https:\/\/brandss.com.py\/index\/wp-json\/wp\/v2\/product\/83857\/revisions"}],"predecessor-version":[{"id":83862,"href":"https:\/\/brandss.com.py\/index\/wp-json\/wp\/v2\/product\/83857\/revisions\/83862"}],"wp:featuredmedia":[{"embeddable":true,"href":"https:\/\/brandss.com.py\/index\/wp-json\/wp\/v2\/media\/83858"}],"wp:attachment":[{"href":"https:\/\/brandss.com.py\/index\/wp-json\/wp\/v2\/media?parent=83857"}],"wp:term":[{"taxonomy":"product_brand","embeddable":true,"href":"https:\/\/brandss.com.py\/index\/wp-json\/wp\/v2\/product_brand?post=83857"},{"taxonomy":"product_cat","embeddable":true,"href":"https:\/\/brandss.com.py\/index\/wp-json\/wp\/v2\/product_cat?post=83857"},{"taxonomy":"product_tag","embeddable":true,"href":"https:\/\/brandss.com.py\/index\/wp-json\/wp\/v2\/product_tag?post=83857"}],"curies":[{"name":"wp","href":"https:\/\/api.w.org\/{rel}","templated":true}]}}