{"id":83863,"date":"2025-06-07T13:55:07","date_gmt":"2025-06-07T13:55:07","guid":{"rendered":"https:\/\/brandss.com.py\/index\/?post_type=product&#038;p=83863"},"modified":"2026-03-17T10:54:05","modified_gmt":"2026-03-17T10:54:05","slug":"perfume-femenino-lattafa-niche-emarati-durrah-edp-100ml","status":"publish","type":"product","link":"https:\/\/brandss.com.py\/index\/producto\/perfume-femenino-lattafa-niche-emarati-durrah-edp-100ml\/","title":{"rendered":"PERFUME FEMENINO LATTAFA NICHE EMARATI DURRAH EDP 100ML"},"content":{"rendered":"<p><img loading=\"lazy\" decoding=\"async\" class=\"\" src=\"https:\/\/myscentjourney.s3.us-east-2.amazonaws.com\/2022\/02\/14\/29KIascent_j_marca_1644871114_202.png\" alt=\"MSJ::LATTAFA\" width=\"97\" height=\"115\" \/><\/p>\n<h1>NICHE EMARATI DURRAH<\/h1>\n<p>Es un cautivador Eau de Parfum que combina con maestr\u00eda frutas exquisitas, suaves notas florales y matices ricos y aterciopelados. Desde su brillante y vivaz salida hasta un delicado coraz\u00f3n floral y una base c\u00e1lida y sensual, esta fragancia irradia elegancia y encanto. Ideal para quienes aprecian la sofisticaci\u00f3n refinada, Durrah es una aut\u00e9ntica expresi\u00f3n de lujo en cada momento.<\/p>\n<h3>Notas Olfativas<\/h3>\n<p>Niche Emarati Durrah es un eau de parfum que combina notas florales frescas con toques c\u00e1lidos y sensuales. La fragancia se abre con una mezcla energizante de bergamota, lichi e hibisco, que aporta ligereza y frescura afrutada. En el coraz\u00f3n del perfume, se desarrolla una sutil armon\u00eda de incienso, magnolia, rosa y violeta, creando un sensual bouquet floral que aporta profundidad y elegancia. El fondo se compone de c\u00e1lidas notas de \u00e1mbar, cachemira, almizcle y vainilla, que aportan durabilidad y suavidad a la fragancia, dejando una agradable y envolvente estela. Durrah es un perfume que combina frescura y elegancia, perfecto para cualquier ocasi\u00f3n. Su composici\u00f3n \u00fanica lo hace perfecto tanto para salidas de d\u00eda como de noche, creando una experiencia inolvidable.<\/p>\n<ul data-start=\"370\" data-end=\"536\" data-is-last-node=\"\" data-is-only-node=\"\">\n<li class=\"\" data-start=\"370\" data-end=\"419\">\n<p class=\"\" data-start=\"372\" data-end=\"419\"><strong data-start=\"372\" data-end=\"390\"><span>Notas de salida:<\/span><\/strong><span> Bergamota, Lichi, Hibisco.<\/span><\/p>\n<\/li>\n<li class=\"\" data-start=\"420\" data-end=\"478\">\n<p class=\"\" data-start=\"422\" data-end=\"478\"><strong data-start=\"422\" data-end=\"443\"><span>Notas de coraz\u00f3n:<\/span><\/strong><span> Incienso, Magnolia, Rosa, Violeta.<\/span><\/p>\n<\/li>\n<li class=\"\" data-start=\"479\" data-end=\"536\">\n<p class=\"\" data-start=\"481\" data-end=\"536\"><strong data-start=\"481\" data-end=\"500\"><span>Notas de fondo:<\/span><\/strong><span>\u00a0\u00c1mbar, Cachemira, Almizcle, Vainilla.<\/span><\/p>\n<\/li>\n<\/ul>\n","protected":false},"excerpt":{"rendered":"<p>NICHE EMARATI DURRAH Es un cautivador Eau de Parfum que combina con maestr\u00eda frutas exquisitas, suaves notas florales y matices<\/p>\n","protected":false},"featured_media":83864,"comment_status":"open","ping_status":"closed","template":"","meta":{"nf_dc_page":""},"product_brand":[109],"product_cat":[84],"product_tag":[664],"class_list":{"0":"post-83863","1":"product","2":"type-product","3":"status-publish","4":"has-post-thumbnail","6":"product_brand-lattafa","7":"product_cat-perfumeria","8":"product_tag-664","10":"first","11":"outofstock","12":"shipping-taxable","13":"purchasable","14":"product-type-simple"},"_links":{"self":[{"href":"https:\/\/brandss.com.py\/index\/wp-json\/wp\/v2\/product\/83863","targetHints":{"allow":["GET"]}}],"collection":[{"href":"https:\/\/brandss.com.py\/index\/wp-json\/wp\/v2\/product"}],"about":[{"href":"https:\/\/brandss.com.py\/index\/wp-json\/wp\/v2\/types\/product"}],"replies":[{"embeddable":true,"href":"https:\/\/brandss.com.py\/index\/wp-json\/wp\/v2\/comments?post=83863"}],"version-history":[{"count":1,"href":"https:\/\/brandss.com.py\/index\/wp-json\/wp\/v2\/product\/83863\/revisions"}],"predecessor-version":[{"id":83870,"href":"https:\/\/brandss.com.py\/index\/wp-json\/wp\/v2\/product\/83863\/revisions\/83870"}],"wp:featuredmedia":[{"embeddable":true,"href":"https:\/\/brandss.com.py\/index\/wp-json\/wp\/v2\/media\/83864"}],"wp:attachment":[{"href":"https:\/\/brandss.com.py\/index\/wp-json\/wp\/v2\/media?parent=83863"}],"wp:term":[{"taxonomy":"product_brand","embeddable":true,"href":"https:\/\/brandss.com.py\/index\/wp-json\/wp\/v2\/product_brand?post=83863"},{"taxonomy":"product_cat","embeddable":true,"href":"https:\/\/brandss.com.py\/index\/wp-json\/wp\/v2\/product_cat?post=83863"},{"taxonomy":"product_tag","embeddable":true,"href":"https:\/\/brandss.com.py\/index\/wp-json\/wp\/v2\/product_tag?post=83863"}],"curies":[{"name":"wp","href":"https:\/\/api.w.org\/{rel}","templated":true}]}}