{"id":83871,"date":"2025-06-07T14:14:31","date_gmt":"2025-06-07T14:14:31","guid":{"rendered":"https:\/\/brandss.com.py\/index\/?post_type=product&#038;p=83871"},"modified":"2025-12-04T18:15:51","modified_gmt":"2025-12-04T18:15:51","slug":"perfume-unisex-lattafa-niche-emarati-ghinwa-edp-100ml","status":"publish","type":"product","link":"https:\/\/brandss.com.py\/index\/producto\/perfume-unisex-lattafa-niche-emarati-ghinwa-edp-100ml\/","title":{"rendered":"PERFUME UNISEX LATTAFA NICHE EMARATI GHINWA EDP 100ML"},"content":{"rendered":"<p><img loading=\"lazy\" decoding=\"async\" class=\"\" src=\"https:\/\/myscentjourney.s3.us-east-2.amazonaws.com\/2022\/02\/14\/29KIascent_j_marca_1644871114_202.png\" alt=\"MSJ::LATTAFA\" width=\"87\" height=\"103\" \/><\/p>\n<h1>NICHE EMARATI GHINWA<\/h1>\n<p>La nueva joya de Lattafa Niche Emarati, Ghinwa, es una expresi\u00f3n olfativa que combina a la perfecci\u00f3n lujo, elegancia y una fragancia floral y especiada excepcional. Desde el primer encuentro con su empaque lujoso hasta la calidad m\u00e1xima de su aroma, Ghinwa transporta los sentidos a un reino de opulencia y sofisticaci\u00f3n.<\/p>\n<p>Ghinwa despliega una danza olfativa \u00fanica con notas florales que despiertan los sentidos como p\u00e9talos de ensue\u00f1o. La combinaci\u00f3n de especias a\u00f1ade una capa de sofisticaci\u00f3n, creando una experiencia olfativa que es tanto exquisita como cautivadora.<\/p>\n<p>El empaque de Ghinwa, dise\u00f1ado con meticulosidad, no solo resguarda un perfume excepcional, sino que tambi\u00e9n es un s\u00edmbolo tangible de la atenci\u00f3n al detalle y la artesan\u00eda que caracterizan a Niche Emarati.<\/p>\n<p>Ghinwa no solo es una fragancia, sino una expresi\u00f3n de lujo que rinde homenaje a la belleza floral y la elegancia especiada. Sum\u00e9rgete en la experiencia sensorial \u00fanica que ofrece Ghinwa y deja que su aroma floral y especiado te envuelva en una danza olfativa de ensue\u00f1o.<img loading=\"lazy\" decoding=\"async\" class=\"alignleft\" src=\"https:\/\/cosfrag.com\/wp-content\/uploads\/2024\/04\/WhatsApp-Image-2024-04-16-at-12.18.49.jpeg\" width=\"324\" height=\"324\" \/><\/p>\n<h3>Notas Olfativas<\/h3>\n<p>&nbsp;<\/p>\n<p><span data-preserver-spaces=\"true\">Experimente el encanto encantador de <\/span>Niche Emarati Ghinwa<span data-preserver-spaces=\"true\">, una mezcla cautivadora de notas frutales, florales y amaderadas que crean un viaje olfativo memorable.<\/span><\/p>\n<p><span data-preserver-spaces=\"true\">Con\u00a0<\/span><span data-preserver-spaces=\"true\">unas vibrantes\u00a0<\/span><span data-preserver-spaces=\"true\">notas de salida afrutadas, el Perfume Ghinwa te invita a un mundo de frescura y vitalidad, a\u00f1adiendo un toque de dulzura y jugosidad al ambiente. En el coraz\u00f3n, la fragancia florece con el rico aroma del jazm\u00edn, conocido por su elegancia y sensualidad atemporales. Complementadas con madera de cedro, las notas de coraz\u00f3n irradian calidez y profundidad, creando un equilibrio armonioso.<\/span><\/p>\n<p>&nbsp;<\/p>\n<ul>\n<li><strong><span data-preserver-spaces=\"true\">Notas de salida:<\/span><\/strong><span data-preserver-spaces=\"true\">\u00a0Afrutadas<\/span><\/li>\n<li><strong><span data-preserver-spaces=\"true\">Notas de coraz\u00f3n:<\/span><\/strong><span data-preserver-spaces=\"true\">\u00a0jazm\u00edn, cedro<\/span><\/li>\n<li><strong><span data-preserver-spaces=\"true\">Notas de fondo:<\/span><\/strong><span data-preserver-spaces=\"true\">\u00a0\u00e1mbar gris, musgo de roble, amaderado<\/span><\/li>\n<\/ul>\n<p>&nbsp;<\/p>\n","protected":false},"excerpt":{"rendered":"<p>NICHE EMARATI GHINWA La nueva joya de Lattafa Niche Emarati, Ghinwa, es una expresi\u00f3n olfativa que combina a la perfecci\u00f3n<\/p>\n","protected":false},"featured_media":83872,"comment_status":"open","ping_status":"closed","template":"","meta":{"nf_dc_page":""},"product_brand":[109],"product_cat":[84],"product_tag":[667],"class_list":{"0":"post-83871","1":"product","2":"type-product","3":"status-publish","4":"has-post-thumbnail","6":"product_brand-lattafa","7":"product_cat-perfumeria","8":"product_tag-667","10":"first","11":"instock","12":"shipping-taxable","13":"purchasable","14":"product-type-simple"},"_links":{"self":[{"href":"https:\/\/brandss.com.py\/index\/wp-json\/wp\/v2\/product\/83871","targetHints":{"allow":["GET"]}}],"collection":[{"href":"https:\/\/brandss.com.py\/index\/wp-json\/wp\/v2\/product"}],"about":[{"href":"https:\/\/brandss.com.py\/index\/wp-json\/wp\/v2\/types\/product"}],"replies":[{"embeddable":true,"href":"https:\/\/brandss.com.py\/index\/wp-json\/wp\/v2\/comments?post=83871"}],"version-history":[{"count":1,"href":"https:\/\/brandss.com.py\/index\/wp-json\/wp\/v2\/product\/83871\/revisions"}],"predecessor-version":[{"id":83879,"href":"https:\/\/brandss.com.py\/index\/wp-json\/wp\/v2\/product\/83871\/revisions\/83879"}],"wp:featuredmedia":[{"embeddable":true,"href":"https:\/\/brandss.com.py\/index\/wp-json\/wp\/v2\/media\/83872"}],"wp:attachment":[{"href":"https:\/\/brandss.com.py\/index\/wp-json\/wp\/v2\/media?parent=83871"}],"wp:term":[{"taxonomy":"product_brand","embeddable":true,"href":"https:\/\/brandss.com.py\/index\/wp-json\/wp\/v2\/product_brand?post=83871"},{"taxonomy":"product_cat","embeddable":true,"href":"https:\/\/brandss.com.py\/index\/wp-json\/wp\/v2\/product_cat?post=83871"},{"taxonomy":"product_tag","embeddable":true,"href":"https:\/\/brandss.com.py\/index\/wp-json\/wp\/v2\/product_tag?post=83871"}],"curies":[{"name":"wp","href":"https:\/\/api.w.org\/{rel}","templated":true}]}}