{"id":83880,"date":"2025-06-07T14:47:26","date_gmt":"2025-06-07T14:47:26","guid":{"rendered":"https:\/\/brandss.com.py\/index\/?post_type=product&#038;p=83880"},"modified":"2025-12-09T12:17:46","modified_gmt":"2025-12-09T12:17:46","slug":"perfume-unisex-lattafa-pride-winners-trophy-silver-edp-100ml","status":"publish","type":"product","link":"https:\/\/brandss.com.py\/index\/producto\/perfume-unisex-lattafa-pride-winners-trophy-silver-edp-100ml\/","title":{"rendered":"PERFUME UNISEX LATTAFA PRIDE WINNERS TROPHY SILVER EDP 100ML"},"content":{"rendered":"<p><img loading=\"lazy\" decoding=\"async\" class=\"\" src=\"https:\/\/myscentjourney.s3.us-east-2.amazonaws.com\/2022\/02\/14\/29KIascent_j_marca_1644871114_202.png\" alt=\"MSJ::LATTAFA\" width=\"102\" height=\"121\" \/><\/p>\n<h1>WINNERS TROPHY SILVER<\/h1>\n<p>Te mereces una victoria, y este es tu premio. Ganadores Trophy Silver realmente te dar\u00e1 la sensaci\u00f3n de que est\u00e1s ganando en la vida. Tiene una mezcla arom\u00e1tica, picante pero intensamente fresco tambi\u00e9n. Descubre el encantador aroma de Winners Trophy Silver, un perfume \u00fanico y elegante. Esta fragancia es perfecta para quienes buscan un aroma elegante y seguro que perdure todo el d\u00eda.<\/p>\n<p>Ya sea un evento formal o una velada informal con amigos,Winners Trophy Silver\u00a0es el acompa\u00f1ante perfecto. Est\u00e1 creado para realzar tu personalidad y dejar una huella imborrable.<img loading=\"lazy\" decoding=\"async\" class=\"alignleft\" src=\"https:\/\/allarabic.in\/cdn\/shop\/files\/WinnersTrophySilverNotes_700x.webp?v=1718086812\" width=\"302\" height=\"387\" \/><\/p>\n<p>&nbsp;<\/p>\n<h3>Notas Olfativas<\/h3>\n<p>Winners Trophy Silver\u00a0de\u00a0Lattafa Perfumes\u00a0es una fragancia de la familia olfativa para Hombres y Mujeres. Esta fragrancia es nueva.\u00a0Winners Trophy Silver\u00a0se lanz\u00f3 en 2022.<\/p>\n<p>&nbsp;<\/p>\n<p><strong>Notas de salida:<\/strong> incienso de ol\u00edbano (franquincienso) y naranja;<\/p>\n<p><strong>Notas de coraz\u00f3n:<\/strong> lavanda y vainilla;<\/p>\n<p><strong>Notas de fondo:<\/strong> cedro y vetiver.<\/p>\n","protected":false},"excerpt":{"rendered":"<p>WINNERS TROPHY SILVER Te mereces una victoria, y este es tu premio. Ganadores Trophy Silver realmente te dar\u00e1 la sensaci\u00f3n<\/p>\n","protected":false},"featured_media":83887,"comment_status":"open","ping_status":"closed","template":"","meta":{"nf_dc_page":""},"product_brand":[109],"product_cat":[84],"product_tag":[1641],"class_list":{"0":"post-83880","1":"product","2":"type-product","3":"status-publish","4":"has-post-thumbnail","6":"product_brand-lattafa","7":"product_cat-perfumeria","8":"product_tag-1641","10":"first","11":"outofstock","12":"shipping-taxable","13":"purchasable","14":"product-type-simple"},"_links":{"self":[{"href":"https:\/\/brandss.com.py\/index\/wp-json\/wp\/v2\/product\/83880","targetHints":{"allow":["GET"]}}],"collection":[{"href":"https:\/\/brandss.com.py\/index\/wp-json\/wp\/v2\/product"}],"about":[{"href":"https:\/\/brandss.com.py\/index\/wp-json\/wp\/v2\/types\/product"}],"replies":[{"embeddable":true,"href":"https:\/\/brandss.com.py\/index\/wp-json\/wp\/v2\/comments?post=83880"}],"version-history":[{"count":1,"href":"https:\/\/brandss.com.py\/index\/wp-json\/wp\/v2\/product\/83880\/revisions"}],"predecessor-version":[{"id":83888,"href":"https:\/\/brandss.com.py\/index\/wp-json\/wp\/v2\/product\/83880\/revisions\/83888"}],"wp:featuredmedia":[{"embeddable":true,"href":"https:\/\/brandss.com.py\/index\/wp-json\/wp\/v2\/media\/83887"}],"wp:attachment":[{"href":"https:\/\/brandss.com.py\/index\/wp-json\/wp\/v2\/media?parent=83880"}],"wp:term":[{"taxonomy":"product_brand","embeddable":true,"href":"https:\/\/brandss.com.py\/index\/wp-json\/wp\/v2\/product_brand?post=83880"},{"taxonomy":"product_cat","embeddable":true,"href":"https:\/\/brandss.com.py\/index\/wp-json\/wp\/v2\/product_cat?post=83880"},{"taxonomy":"product_tag","embeddable":true,"href":"https:\/\/brandss.com.py\/index\/wp-json\/wp\/v2\/product_tag?post=83880"}],"curies":[{"name":"wp","href":"https:\/\/api.w.org\/{rel}","templated":true}]}}