{"id":83889,"date":"2025-06-07T16:56:04","date_gmt":"2025-06-07T16:56:04","guid":{"rendered":"https:\/\/brandss.com.py\/index\/?post_type=product&#038;p=83889"},"modified":"2025-12-09T12:14:43","modified_gmt":"2025-12-09T12:14:43","slug":"perfume-unisex-lattafa-pride-winners-trophy-gold-edp-100ml","status":"publish","type":"product","link":"https:\/\/brandss.com.py\/index\/producto\/perfume-unisex-lattafa-pride-winners-trophy-gold-edp-100ml\/","title":{"rendered":"PERFUME UNISEX LATTAFA PRIDE WINNERS TROPHY GOLD EDP 100ML"},"content":{"rendered":"<p><img loading=\"lazy\" decoding=\"async\" class=\"\" src=\"https:\/\/myscentjourney.s3.us-east-2.amazonaws.com\/2022\/02\/14\/29KIascent_j_marca_1644871114_202.png\" alt=\"MSJ::LATTAFA\" width=\"124\" height=\"147\" \/><\/p>\n<h1>WINNERS TROPHY GOLD<\/h1>\n<div>\n<h2><span>Un s\u00edmbolo de lujo y elegancia<\/span><\/h2>\n<p><span>Winners Trophy Gold es un ejemplo perfecto de la sensaci\u00f3n de logro y orgullo. Si\u00e9ntete seguro con esta mezcla predominantemente afrutada que te transporta a un viaje con un inicio ligeramente picante y un final floral y c\u00e1lido. Un aroma en el que la dulzura de la ciruela se mezcla con especias, flores y un sensual toque almizclado. <\/span><span>Es una fragancia que simboliza la victoria, la exclusividad y el gusto refinado. Es para quienes se atreven a dar un paso adelante, y su aroma deja una huella imborrable. Lujo, seducci\u00f3n y una calidad incomparable son solo algunas de las caracter\u00edsticas de esta fragancia \u00fanica.<\/span><\/p>\n<\/div>\n<div>\n<h3><span>Acorde de apertura rico y picante<\/span><\/h3>\n<p><span>La fragancia se abre con un fascinante d\u00fao\u00a0<\/span>de pimienta rosa\u00a0y\u00a0ciruela<span>. La calidez de las especias se funde con la jugosa dulzura de las ciruelas, d\u00e1ndole al aroma una primera impresi\u00f3n \u00fanica.<\/span><\/p>\n<\/div>\n<div>\n<h3><span>Elegancia y sofisticaci\u00f3n floral<\/span><\/h3>\n<p><span>El coraz\u00f3n de la fragancia se revela con lujosos acordes\u00a0<\/span>de jazm\u00edn\u00a0y\u00a0rosa<span>. El jazm\u00edn le otorga a la fragancia una sofisticaci\u00f3n \u00fanica, mientras que la rosa irradia elegancia que realza la feminidad y la sensualidad de la fragancia.<\/span><\/p>\n<\/div>\n<div>\n<h3>Base c\u00e1lida y sensual<\/h3>\n<p>Las notas de fondo aportan a la fragancia una estela rica y duradera. El almizcle\u00a0irradia una sutil sensualidad,\u00a0el pachul\u00ed\u00a0aporta riqueza y\u00a0la vainilla\u00a0aporta calidez y suavidad.<\/p>\n<p>Winners Trophy Gold de Lattafa Perfumes es una fragancia audaz y sofisticada. Ideal para el uso diario y ocasiones especiales, este perfume destaca por su frescura y profundidad, perfecto para quienes buscan un aroma que inspire confianza y estilo.<\/p>\n<h3>Notas Olfativas<\/h3>\n<p>Winners Trophy Gold de Lattafa Perfumes es una creaci\u00f3n olfativa de la marca Lattafa Perfumes, lanzada al mercado en 2022. Esta fragancia se presenta en concentraci\u00f3n Eau de Parfum y est\u00e1 dise\u00f1ada para Mujeres y Hombres, representando una sofisticada interpretaci\u00f3n dentro de la familia Amaderada y Floral.<\/p>\n<p><strong>Notas de salida: <\/strong>Pimienta Rosa.<\/p>\n<p><strong>Notas de coraz\u00f3n: <\/strong>Jazm\u00edn, Rosa.<\/p>\n<p><strong>Notas de fondo: <\/strong>Almizcle, Vainilla, Pachul\u00ed.<\/p>\n<\/div>\n","protected":false},"excerpt":{"rendered":"<p>WINNERS TROPHY GOLD Un s\u00edmbolo de lujo y elegancia Winners Trophy Gold es un ejemplo perfecto de la sensaci\u00f3n de<\/p>\n","protected":false},"featured_media":83890,"comment_status":"open","ping_status":"closed","template":"","meta":{"nf_dc_page":""},"product_brand":[109],"product_cat":[84],"product_tag":[1640],"class_list":{"0":"post-83889","1":"product","2":"type-product","3":"status-publish","4":"has-post-thumbnail","6":"product_brand-lattafa","7":"product_cat-perfumeria","8":"product_tag-1640","10":"first","11":"instock","12":"shipping-taxable","13":"purchasable","14":"product-type-simple"},"_links":{"self":[{"href":"https:\/\/brandss.com.py\/index\/wp-json\/wp\/v2\/product\/83889","targetHints":{"allow":["GET"]}}],"collection":[{"href":"https:\/\/brandss.com.py\/index\/wp-json\/wp\/v2\/product"}],"about":[{"href":"https:\/\/brandss.com.py\/index\/wp-json\/wp\/v2\/types\/product"}],"replies":[{"embeddable":true,"href":"https:\/\/brandss.com.py\/index\/wp-json\/wp\/v2\/comments?post=83889"}],"version-history":[{"count":1,"href":"https:\/\/brandss.com.py\/index\/wp-json\/wp\/v2\/product\/83889\/revisions"}],"predecessor-version":[{"id":83897,"href":"https:\/\/brandss.com.py\/index\/wp-json\/wp\/v2\/product\/83889\/revisions\/83897"}],"wp:featuredmedia":[{"embeddable":true,"href":"https:\/\/brandss.com.py\/index\/wp-json\/wp\/v2\/media\/83890"}],"wp:attachment":[{"href":"https:\/\/brandss.com.py\/index\/wp-json\/wp\/v2\/media?parent=83889"}],"wp:term":[{"taxonomy":"product_brand","embeddable":true,"href":"https:\/\/brandss.com.py\/index\/wp-json\/wp\/v2\/product_brand?post=83889"},{"taxonomy":"product_cat","embeddable":true,"href":"https:\/\/brandss.com.py\/index\/wp-json\/wp\/v2\/product_cat?post=83889"},{"taxonomy":"product_tag","embeddable":true,"href":"https:\/\/brandss.com.py\/index\/wp-json\/wp\/v2\/product_tag?post=83889"}],"curies":[{"name":"wp","href":"https:\/\/api.w.org\/{rel}","templated":true}]}}