{"id":83898,"date":"2025-06-07T18:17:35","date_gmt":"2025-06-07T18:17:35","guid":{"rendered":"https:\/\/brandss.com.py\/index\/?post_type=product&#038;p=83898"},"modified":"2025-12-04T18:11:09","modified_gmt":"2025-12-04T18:11:09","slug":"perfume-unisex-lattafa-pride-artisan-ethnique-edp-100ml","status":"publish","type":"product","link":"https:\/\/brandss.com.py\/index\/producto\/perfume-unisex-lattafa-pride-artisan-ethnique-edp-100ml\/","title":{"rendered":"PERFUME UNISEX LATTAFA PRIDE ARTISAN ETHNIQUE EDP 100ML"},"content":{"rendered":"<p><img loading=\"lazy\" decoding=\"async\" class=\"\" src=\"https:\/\/myscentjourney.s3.us-east-2.amazonaws.com\/2022\/02\/14\/29KIascent_j_marca_1644871114_202.png\" alt=\"MSJ::LATTAFA\" width=\"94\" height=\"112\" \/><\/p>\n<h1>ARTISAN ETHNIQUE<\/h1>\n<p>\u00a1Descubre el encanto de este cautivador perfume \u00e1rabe en presentaci\u00f3n completa o en nuestros decants o probadores de 3ml, 5ml y 10ml, Artisan Ethnique\u00a0 de Lattafa en Lujo Perfume!<\/p>\n<p>Artisan Ethnique de Lattafa es una fragancia que te invita a explorar un mundo de aromas ricos y especiados, evocando la artesan\u00eda y la cultura de tierras lejanas. Este perfume es una celebraci\u00f3n de la individualidad y la audacia, dise\u00f1ado para los que buscan una fragancia que lo distinga y lo transporte a un viaje sensorial \u00fanico. Artisan Ethnique es una experiencia olfativa c\u00e1lida, dulce y con un toque ahumado.<\/p>\n<p>Artisan Ethnique de Lattafa es m\u00e1s que un simple perfume; es una experiencia que despierta la curiosidad y te invita a explorar nuevos horizontes. Su versatilidad lo convierte en el complemento perfecto tanto para el d\u00eda como para la noche, aunque su calidez lo hace especialmente adecuado para climas m\u00e1s fr\u00edos o para ocasiones especiales. Si buscas una fragancia que te haga sentir seguro, sofisticado y \u00fanico, Artisan Ethnique es la elecci\u00f3n ideal.<\/p>\n<h3>Notas Olfativas<\/h3>\n<p>La composici\u00f3n de Artisan Ethnique es una mezcla intrigante de notas dulces, especiadas y amaderadas. Desde el primer instante, la fragancia te recibe con una calidez embriagadora gracias a las notas de salida de ron, canela y az\u00facar. Esta apertura dulce y especiada crea una sensaci\u00f3n de misterio y sofisticaci\u00f3n.<\/p>\n<p>A medida que la fragancia evoluciona, el coraz\u00f3n revela una riqueza gourmand y terrosa. El caramelo y el caf\u00e9 se entrelazan en una danza olfativa que evoca la indulgencia y la energ\u00eda, mientras que el cacao y el musgo de roble aportan una profundidad sutil y un toque de elegancia.<\/p>\n<p>Las notas de fondo de Artisan Ethnique son una oda a la calidez y la sensualidad. La vainilla y la madera de cachemira se combinan para crear una estela suave y envolvente que perdura en la piel, mientras que el haba tonka y el l\u00e1dano a\u00f1aden un toque de misterio y magnetismo.<\/p>\n<p>Artisan Ethnique es una fragancia de la familia olfativa Oriental Vainilla para Hombres y Mujeres. Esta fragrancia es nueva.\u00a0Artisan Ethnique\u00a0se lanz\u00f3 en 2024.<\/p>\n<p><strong>Notas de salida:<\/strong> ron, canela y az\u00facar.<\/p>\n<p><strong>Notas de coraz\u00f3n:<\/strong> caramelo, cacao, caf\u00e9 y musgo de roble.<\/p>\n<p><strong>Notas de fondo:<\/strong> vainilla, madera de cachemira, haba tonka y l\u00e1dano.<\/p>\n","protected":false},"excerpt":{"rendered":"<p>ARTISAN ETHNIQUE \u00a1Descubre el encanto de este cautivador perfume \u00e1rabe en presentaci\u00f3n completa o en nuestros decants o probadores de<\/p>\n","protected":false},"featured_media":83899,"comment_status":"open","ping_status":"closed","template":"","meta":{"nf_dc_page":""},"product_brand":[109],"product_cat":[84],"product_tag":[1596],"class_list":{"0":"post-83898","1":"product","2":"type-product","3":"status-publish","4":"has-post-thumbnail","6":"product_brand-lattafa","7":"product_cat-perfumeria","8":"product_tag-1596","10":"first","11":"instock","12":"shipping-taxable","13":"purchasable","14":"product-type-simple"},"_links":{"self":[{"href":"https:\/\/brandss.com.py\/index\/wp-json\/wp\/v2\/product\/83898","targetHints":{"allow":["GET"]}}],"collection":[{"href":"https:\/\/brandss.com.py\/index\/wp-json\/wp\/v2\/product"}],"about":[{"href":"https:\/\/brandss.com.py\/index\/wp-json\/wp\/v2\/types\/product"}],"replies":[{"embeddable":true,"href":"https:\/\/brandss.com.py\/index\/wp-json\/wp\/v2\/comments?post=83898"}],"version-history":[{"count":1,"href":"https:\/\/brandss.com.py\/index\/wp-json\/wp\/v2\/product\/83898\/revisions"}],"predecessor-version":[{"id":83905,"href":"https:\/\/brandss.com.py\/index\/wp-json\/wp\/v2\/product\/83898\/revisions\/83905"}],"wp:featuredmedia":[{"embeddable":true,"href":"https:\/\/brandss.com.py\/index\/wp-json\/wp\/v2\/media\/83899"}],"wp:attachment":[{"href":"https:\/\/brandss.com.py\/index\/wp-json\/wp\/v2\/media?parent=83898"}],"wp:term":[{"taxonomy":"product_brand","embeddable":true,"href":"https:\/\/brandss.com.py\/index\/wp-json\/wp\/v2\/product_brand?post=83898"},{"taxonomy":"product_cat","embeddable":true,"href":"https:\/\/brandss.com.py\/index\/wp-json\/wp\/v2\/product_cat?post=83898"},{"taxonomy":"product_tag","embeddable":true,"href":"https:\/\/brandss.com.py\/index\/wp-json\/wp\/v2\/product_tag?post=83898"}],"curies":[{"name":"wp","href":"https:\/\/api.w.org\/{rel}","templated":true}]}}