{"id":83914,"date":"2025-06-09T10:56:04","date_gmt":"2025-06-09T10:56:04","guid":{"rendered":"https:\/\/brandss.com.py\/index\/?post_type=product&#038;p=83914"},"modified":"2025-09-25T13:42:10","modified_gmt":"2025-09-25T13:42:10","slug":"shampoo-capilar-victoria-anna-moroccan-argan-oil-450ml","status":"publish","type":"product","link":"https:\/\/brandss.com.py\/index\/producto\/shampoo-capilar-victoria-anna-moroccan-argan-oil-450ml\/","title":{"rendered":"SHAMPOO CAPILAR VICTORIA ANNA MOROCCAN ARGAN OIL 450ML"},"content":{"rendered":"<p><img loading=\"lazy\" decoding=\"async\" class=\"\" src=\"https:\/\/encrypted-tbn0.gstatic.com\/images?q=tbn:ANd9GcQ3OEjJ7to23tZxE-9UGTCEHZBYeycoTBGF9A&amp;s\" alt=\"Victoria ANNA\" width=\"90\" height=\"90\" \/><\/p>\n<h1>MOROCCAN ARGAN OIL<\/h1>\n<p><span id=\"tl_2\">Champ\u00fa hidratante transparente con aceite de arg\u00e1n<\/span><\/p>\n<p><span id=\"tl_2\"><br \/>\nDevuelve la vida y el brillo a tu cabello con el champ\u00fa hidratante transparente con aceite de arg\u00e1n marroqu\u00ed VICTORIA ANNA\u00ae. Infundido con aceite de arg\u00e1n, rico en vitamina E y queratina para fortalecer el cabello, este champ\u00fa est\u00e1 especialmente mezclado para ayudar a restaurar la salud y el brillo del cabello. \u00a1Totalmente seguro para el cabello te\u00f1ido, este champ\u00fa es un gran humectante para el cabello!<br \/>\n<\/span><\/p>\n<p><span id=\"tl_2\">Eficacia: Relleno y esponjoso, mejora la picaz\u00f3n del cuero cabelludo, fortalece y previene la rotura del cabello, elimina la caspa, protege los rizos despu\u00e9s de la permanente, repara el da\u00f1o.<\/span><\/p>\n<p><span id=\"tl_2\">Fragancia: Marroqu\u00ed.<\/span><\/p>\n<p><span id=\"tl_2\">Categor\u00eda: limpiador e hidratante.<\/span><\/p>\n<p><span id=\"tl_2\">Tipo de cabello aplicable: Todo tipo de cabello.<\/span><\/p>\n<p><span id=\"tl_2\">Contenido neto: 450ML.<\/span><span id=\"tl_2\"><\/span><\/p>\n","protected":false},"excerpt":{"rendered":"<p>MOROCCAN ARGAN OIL Champ\u00fa hidratante transparente con aceite de arg\u00e1n Devuelve la vida y el brillo a tu cabello con<\/p>\n","protected":false},"featured_media":83915,"comment_status":"open","ping_status":"closed","template":"","meta":{"nf_dc_page":""},"product_brand":[480],"product_cat":[85],"product_tag":[483],"class_list":{"0":"post-83914","1":"product","2":"type-product","3":"status-publish","4":"has-post-thumbnail","6":"product_brand-victoria-anna","7":"product_cat-cosmeticos","8":"product_tag-483","10":"first","11":"instock","12":"shipping-taxable","13":"purchasable","14":"product-type-simple"},"_links":{"self":[{"href":"https:\/\/brandss.com.py\/index\/wp-json\/wp\/v2\/product\/83914","targetHints":{"allow":["GET"]}}],"collection":[{"href":"https:\/\/brandss.com.py\/index\/wp-json\/wp\/v2\/product"}],"about":[{"href":"https:\/\/brandss.com.py\/index\/wp-json\/wp\/v2\/types\/product"}],"replies":[{"embeddable":true,"href":"https:\/\/brandss.com.py\/index\/wp-json\/wp\/v2\/comments?post=83914"}],"version-history":[{"count":2,"href":"https:\/\/brandss.com.py\/index\/wp-json\/wp\/v2\/product\/83914\/revisions"}],"predecessor-version":[{"id":83923,"href":"https:\/\/brandss.com.py\/index\/wp-json\/wp\/v2\/product\/83914\/revisions\/83923"}],"wp:featuredmedia":[{"embeddable":true,"href":"https:\/\/brandss.com.py\/index\/wp-json\/wp\/v2\/media\/83915"}],"wp:attachment":[{"href":"https:\/\/brandss.com.py\/index\/wp-json\/wp\/v2\/media?parent=83914"}],"wp:term":[{"taxonomy":"product_brand","embeddable":true,"href":"https:\/\/brandss.com.py\/index\/wp-json\/wp\/v2\/product_brand?post=83914"},{"taxonomy":"product_cat","embeddable":true,"href":"https:\/\/brandss.com.py\/index\/wp-json\/wp\/v2\/product_cat?post=83914"},{"taxonomy":"product_tag","embeddable":true,"href":"https:\/\/brandss.com.py\/index\/wp-json\/wp\/v2\/product_tag?post=83914"}],"curies":[{"name":"wp","href":"https:\/\/api.w.org\/{rel}","templated":true}]}}