{"id":83924,"date":"2025-06-09T11:39:53","date_gmt":"2025-06-09T11:39:53","guid":{"rendered":"https:\/\/brandss.com.py\/index\/?post_type=product&#038;p=83924"},"modified":"2025-09-25T13:42:31","modified_gmt":"2025-09-25T13:42:31","slug":"acondicionador-capilar-victoria-anna-moroccan-argan-oil-450ml","status":"publish","type":"product","link":"https:\/\/brandss.com.py\/index\/producto\/acondicionador-capilar-victoria-anna-moroccan-argan-oil-450ml\/","title":{"rendered":"ACONDICIONADOR CAPILAR VICTORIA ANNA MOROCCAN ARGAN OIL 450ML"},"content":{"rendered":"<p><img loading=\"lazy\" decoding=\"async\" class=\"\" src=\"https:\/\/encrypted-tbn0.gstatic.com\/images?q=tbn:ANd9GcQ3OEjJ7to23tZxE-9UGTCEHZBYeycoTBGF9A&amp;s\" alt=\"Victoria ANNA\" width=\"108\" height=\"107\" \/><\/p>\n<h1>MOROCCAN ARGAN OIL<\/h1>\n<p>Repara tu cabello con el acondicionador hidratante transparente con aceite de arg\u00e1n marroqu\u00ed VICTORIA ANNA\u00ae, hecho especialmente para desenredar y rehidratar tus hebras. Este fant\u00e1stico acondicionador est\u00e1 hecho de una mezcla \u00fanica de ingredientes, que incluyen vitamina E, rico aceite de arg\u00e1n, prote\u00ednas y queratina. Se ha demostrado que la vitamina E ayuda a mejorar y fortalecer el cabello, la queratina es el componente b\u00e1sico de las hebras capilares y las prote\u00ednas ayudan a enriquecer tu cabello. Reconstruye y revitaliza tu cabello, ya sea que est\u00e9 perfectamente sano o sufra da\u00f1os. Deja tu cabello con una maravillosa sensaci\u00f3n de suavidad sedosa y brillo lustroso, completamente hidratado y lleno de una elasticidad flexible.<\/p>\n<p>Nombre del producto: Acondicionador hidratante transparente con aceite de arg\u00e1n<br \/>\nEficacia: voluminoso y esponjoso, mejora el cuero cabelludo con picaz\u00f3n, fortalece y previene la rotura del cabello, elimina la caspa, protege los rizos despu\u00e9s de la permanente, repara el da\u00f1o<br \/>\nFragancia: marroqu\u00ed<br \/>\nCategor\u00eda: Acondicionador transparente e hidratante<br \/>\nTipo de cabello aplicable: todo tipo de cabello<\/p>\n","protected":false},"excerpt":{"rendered":"<p>MOROCCAN ARGAN OIL Repara tu cabello con el acondicionador hidratante transparente con aceite de arg\u00e1n marroqu\u00ed VICTORIA ANNA\u00ae, hecho especialmente<\/p>\n","protected":false},"featured_media":83925,"comment_status":"open","ping_status":"closed","template":"","meta":{"nf_dc_page":""},"product_brand":[480],"product_cat":[85],"product_tag":[484],"class_list":{"0":"post-83924","1":"product","2":"type-product","3":"status-publish","4":"has-post-thumbnail","6":"product_brand-victoria-anna","7":"product_cat-cosmeticos","8":"product_tag-484","10":"first","11":"instock","12":"shipping-taxable","13":"purchasable","14":"product-type-simple"},"_links":{"self":[{"href":"https:\/\/brandss.com.py\/index\/wp-json\/wp\/v2\/product\/83924","targetHints":{"allow":["GET"]}}],"collection":[{"href":"https:\/\/brandss.com.py\/index\/wp-json\/wp\/v2\/product"}],"about":[{"href":"https:\/\/brandss.com.py\/index\/wp-json\/wp\/v2\/types\/product"}],"replies":[{"embeddable":true,"href":"https:\/\/brandss.com.py\/index\/wp-json\/wp\/v2\/comments?post=83924"}],"version-history":[{"count":1,"href":"https:\/\/brandss.com.py\/index\/wp-json\/wp\/v2\/product\/83924\/revisions"}],"predecessor-version":[{"id":83931,"href":"https:\/\/brandss.com.py\/index\/wp-json\/wp\/v2\/product\/83924\/revisions\/83931"}],"wp:featuredmedia":[{"embeddable":true,"href":"https:\/\/brandss.com.py\/index\/wp-json\/wp\/v2\/media\/83925"}],"wp:attachment":[{"href":"https:\/\/brandss.com.py\/index\/wp-json\/wp\/v2\/media?parent=83924"}],"wp:term":[{"taxonomy":"product_brand","embeddable":true,"href":"https:\/\/brandss.com.py\/index\/wp-json\/wp\/v2\/product_brand?post=83924"},{"taxonomy":"product_cat","embeddable":true,"href":"https:\/\/brandss.com.py\/index\/wp-json\/wp\/v2\/product_cat?post=83924"},{"taxonomy":"product_tag","embeddable":true,"href":"https:\/\/brandss.com.py\/index\/wp-json\/wp\/v2\/product_tag?post=83924"}],"curies":[{"name":"wp","href":"https:\/\/api.w.org\/{rel}","templated":true}]}}